{"id":126660,"date":"2026-03-08T00:00:00","date_gmt":"2026-03-08T05:00:00","guid":{"rendered":"https:\/\/gpl-love.com\/es\/producto\/woocommerce-one-page-checkout\/"},"modified":"2026-04-10T11:32:48","modified_gmt":"2026-04-10T16:32:48","slug":"woocommerce-one-page-checkout","status":"publish","type":"product","link":"https:\/\/gpl-love.com\/es\/producto\/woocommerce-one-page-checkout\/","title":{"rendered":"WooCommerce One Page Checkout 2.9.6"},"content":{"rendered":"<h3>WooCommerce One Page Checkout Caracteristicas<\/h3>\n<p>WooCommerce One Page Checkout es un complemento extremadamente potente y notablemente f\u00e1cil de usar que ha sido cuidadosamente dise\u00f1ado para simplificar en gran medida el proceso de pago para los clientes que visitan su estimada tienda de WooCommerce. Al utilizar este complemento ingenioso, los clientes pueden finalizar r\u00e1pida y sin esfuerzo su adquisici\u00f3n sin la ardua tarea de navegar a trav\u00e9s de un n\u00famero excesivo de p\u00e1ginas o completar una gran cantidad de formularios. El proceso de pago se ha condensado astutamente en una p\u00e1gina solitaria, otorgando as\u00ed a los clientes la conveniencia de ingresar su informaci\u00f3n pertinente de facturaci\u00f3n y env\u00edo, seleccionando su m\u00e9todo de pago preferido y revisando su pedido, todo dentro de los l\u00edmites de una sola pantalla. Esta caracter\u00edstica invaluable no solo ahorra un tiempo invaluable para sus estimados clientes, sino que tambi\u00e9n refuerza significativamente la probabilidad de que complete con \u00e9xito su compra. Adem\u00e1s, el pago de una p\u00e1gina de WooCommerce est\u00e1 repleto de una multitud de campos y dise\u00f1os personalizables, lo que le d\u00eda la capacidad incomparable de adaptar el proceso de pago con precisi\u00f3n para satisfacer sus necesidades comerciales \u00fanicas. Sin lugar a dudas, este complemento excepcional es una herramienta indispensable para cada propietario exigente de la tienda WooCommerce que busca ardientemente refinar su proceso de pago y maximizar sus ventas.<\/p>\n<ul>\n<li>Proceso de pago optimizado para clientes<\/li>\n<li>Aumento de las conversiones y ventas para los propietarios de tiendas en l\u00ednea<\/li>\n<li>Reduce el abandono del carrito simplificando la experiencia de pago<\/li>\n<li>Opciones de instalaci\u00f3n y personalizaci\u00f3n f\u00e1cil para los propietarios de tiendas de WooCommerce<\/li>\n<li>Dise\u00f1o amigable para dispositivos m\u00f3viles para mejorar la experiencia del cliente<\/li>\n<li>Opci\u00f3n para habilitar\/deshabilitar el pago de invitados para adaptarse a las preferencias de la tienda<\/li>\n<li>Integraciones de la pasarela de pago para una variedad de opciones de pago<\/li>\n<li>Opci\u00f3n para incluir campos personalizados o informaci\u00f3n adicional durante el pago<\/li>\n<li>Compatible con extensiones y complementos populares de WooCommerce<\/li>\n<li>Atenci\u00f3n al cliente 24\/7 y actualizaciones y mantenimiento oportunos<\/li>\n<\/ul>\n","protected":false},"excerpt":{"rendered":"<p>Actualice el proceso de pago de su tienda WooCommerce implementando el pago de una p\u00e1gina WooCommerce, un complemento de vanguardia que consolida todo el proceso de pago en una sola p\u00e1gina. Al hacerlo, puede optimizar el viaje del cliente y aumentar efectivamente las tasas de conversi\u00f3n. D\u00e9jate despedir de los procesos de pago prolongados y enrevesados, y abraza calurosamente una experiencia de compra superior para tus valiosos clientes. \u00a1Da el primer paso para mejorar su negocio hoy y presenciar un aumento notable en sus ventas!<\/p>\n","protected":false},"featured_media":168176,"comment_status":"open","ping_status":"open","template":"","meta":[],"product_brand":[2344],"product_cat":[1207,1426,1206],"product_tag":[1423],"class_list":{"0":"post-126660","1":"product","2":"type-product","3":"status-publish","4":"has-post-thumbnail","6":"product_brand-woocommerce","7":"product_cat-comercio-electronico-plugins","8":"product_cat-pago-comercio-electronico-plugins","9":"product_cat-plugins","10":"product_tag-woocommerce","11":"member-discount","12":"discount-restricted","14":"first","15":"instock","16":"sale","17":"downloadable","18":"virtual","19":"sold-individually","20":"purchasable","21":"product-type-simple"},"_links":{"self":[{"href":"https:\/\/gpl-love.com\/es\/wp-json\/wp\/v2\/product\/126660","targetHints":{"allow":["GET"]}}],"collection":[{"href":"https:\/\/gpl-love.com\/es\/wp-json\/wp\/v2\/product"}],"about":[{"href":"https:\/\/gpl-love.com\/es\/wp-json\/wp\/v2\/types\/product"}],"replies":[{"embeddable":true,"href":"https:\/\/gpl-love.com\/es\/wp-json\/wp\/v2\/comments?post=126660"}],"wp:featuredmedia":[{"embeddable":true,"href":"https:\/\/gpl-love.com\/es\/wp-json\/wp\/v2\/media\/168176"}],"wp:attachment":[{"href":"https:\/\/gpl-love.com\/es\/wp-json\/wp\/v2\/media?parent=126660"}],"wp:term":[{"taxonomy":"product_brand","embeddable":true,"href":"https:\/\/gpl-love.com\/es\/wp-json\/wp\/v2\/product_brand?post=126660"},{"taxonomy":"product_cat","embeddable":true,"href":"https:\/\/gpl-love.com\/es\/wp-json\/wp\/v2\/product_cat?post=126660"},{"taxonomy":"product_tag","embeddable":true,"href":"https:\/\/gpl-love.com\/es\/wp-json\/wp\/v2\/product_tag?post=126660"}],"curies":[{"name":"wp","href":"https:\/\/api.w.org\/{rel}","templated":true}]}}