{"id":126658,"date":"2026-03-08T00:00:00","date_gmt":"2026-03-08T05:00:00","guid":{"rendered":"https:\/\/gpl-love.com\/es\/producto\/woocommerce-notification\/"},"modified":"2026-04-10T11:32:47","modified_gmt":"2026-04-10T16:32:47","slug":"woocommerce-notification","status":"publish","type":"product","link":"https:\/\/gpl-love.com\/es\/producto\/woocommerce-notification\/","title":{"rendered":"WooCommerce Notifications 1.7.0"},"content":{"rendered":"<h3>WooCommerce Notifications Caracteristicas<\/h3>\n<p>La notificaci\u00f3n de WooCommerce, una herramienta inmensamente robusta, sirve como catalizador para las tiendas en l\u00ednea que buscan amplificar sus ventas y conversiones. Al aprovechar este producto innovador, los propietarios de tiendas est\u00e1n facultados para exhibir notificaciones en tiempo real a sus estimados clientes en varias etapas del viaje de compra. Estas notificaciones, que abarcan la confirmaci\u00f3n del pedido, las actualizaciones de env\u00edo y las alertas de disponibilidad del producto, facilitan una interacci\u00f3n sincronizada y sincronizada con los clientes, fomentando as\u00ed la confianza e instigando compras recurrentes. Adem\u00e1s, la capacidad del producto para ser personalizado en t\u00e9rminos de dise\u00f1o junto con sus caracter\u00edsticas de an\u00e1lisis con todo incluido, lo que lo convierte en una opci\u00f3n \u00f3ptima para las empresas con el objetivo de ajustar su estrategia de ventas. En general, la notificaci\u00f3n de WooCommerce personifica una soluci\u00f3n inequ\u00edvocamente eficaz y centrada en el usuario, preparada para impulsar las cifras de ventas a nuevas alturas al tiempo que aumenta la satisfacci\u00f3n del cliente.<\/p>\n<ul>\n<li>Notificaciones en tiempo real para los propietarios de tiendas de WooCommerce<\/li>\n<li>Configuraci\u00f3n de notificaci\u00f3n personalizable para satisfacer sus necesidades espec\u00edficas<\/li>\n<li>Alertas para nuevos pedidos, backorders, bajo stock, art\u00edculos de existencias y m\u00e1s<\/li>\n<li>Configuraci\u00f3n e integraci\u00f3n f\u00e1cil con su tienda WooCommerce<\/li>\n<li>Capacidad para recibir notificaciones por correo electr\u00f3nico, SMS, holgura u otros canales<\/li>\n<li>Informes basados \u200b\u200ben datos que lo ayudan a tomar decisiones informadas sobre su tienda<\/li>\n<li>Aumenta la eficiencia al permitirle mantenerse al tanto de su tienda sin verificarla constantemente<\/li>\n<li>Aumenta la satisfacci\u00f3n del cliente asegurando el procesamiento y la entrega oportunos de sus pedidos<\/li>\n<li>Los propietarios de tiendas de todos los niveles de habilidad pueden ser utilizados, desde novatos hasta avanzados<\/li>\n<li>Seamlsly se integra con otros complementos y extensiones de WooCommerce.<\/li>\n<\/ul>\n","protected":false},"excerpt":{"rendered":"<p>La notificaci\u00f3n de WooCommerce, una herramienta indispensable para los propietarios de tiendas en l\u00ednea que aspiran a mejorar sus ventas y fomentar la participaci\u00f3n del cliente, ofrece una gran cantidad de beneficios. En virtud de este ingenioso complemento, posee el poder de transmitir sin esfuerzo notificaciones autom\u00e1ticas a sus estimados clientes, inform\u00e1ndolos de detalles pertinentes relacionados con sus pedidos, actualizaciones oportunas sobre la disponibilidad de productos, ofertas y promociones exclusivas, y una multitud de otra informaci\u00f3n indispensable. Este sistema de notificaci\u00f3n instant\u00e1nea e de vanguardia garantiza que su clientela exigente permanezca bien informada de las innumerables actividades que se producen dentro de su estimado establecimiento, lo que finalmente resulta en un aumento dram\u00e1tico en sus cifras de ventas y un aumento sustancial en la lealtad del cliente. Adem\u00e1s, el proceso de instalaci\u00f3n y configuraci\u00f3n de este complemento es muy f\u00e1cil, aumentado a\u00fan m\u00e1s por la disponibilidad de una amplia gama de opciones de personalizaci\u00f3n que satisfacen efectivamente sus requisitos \u00fanicos de marca.<\/p>\n","protected":false},"featured_media":168175,"comment_status":"open","ping_status":"open","template":"","meta":[],"product_brand":[2339],"product_cat":[1207,1225,1206],"product_tag":[1256],"class_list":{"0":"post-126658","1":"product","2":"type-product","3":"status-publish","4":"has-post-thumbnail","6":"product_brand-codecanyon","7":"product_cat-comercio-electronico-plugins","8":"product_cat-marketing","9":"product_cat-plugins","10":"product_tag-codecanyon","11":"member-discount","12":"discount-restricted","14":"first","15":"instock","16":"sale","17":"downloadable","18":"virtual","19":"sold-individually","20":"purchasable","21":"product-type-simple"},"_links":{"self":[{"href":"https:\/\/gpl-love.com\/es\/wp-json\/wp\/v2\/product\/126658","targetHints":{"allow":["GET"]}}],"collection":[{"href":"https:\/\/gpl-love.com\/es\/wp-json\/wp\/v2\/product"}],"about":[{"href":"https:\/\/gpl-love.com\/es\/wp-json\/wp\/v2\/types\/product"}],"replies":[{"embeddable":true,"href":"https:\/\/gpl-love.com\/es\/wp-json\/wp\/v2\/comments?post=126658"}],"wp:featuredmedia":[{"embeddable":true,"href":"https:\/\/gpl-love.com\/es\/wp-json\/wp\/v2\/media\/168175"}],"wp:attachment":[{"href":"https:\/\/gpl-love.com\/es\/wp-json\/wp\/v2\/media?parent=126658"}],"wp:term":[{"taxonomy":"product_brand","embeddable":true,"href":"https:\/\/gpl-love.com\/es\/wp-json\/wp\/v2\/product_brand?post=126658"},{"taxonomy":"product_cat","embeddable":true,"href":"https:\/\/gpl-love.com\/es\/wp-json\/wp\/v2\/product_cat?post=126658"},{"taxonomy":"product_tag","embeddable":true,"href":"https:\/\/gpl-love.com\/es\/wp-json\/wp\/v2\/product_tag?post=126658"}],"curies":[{"name":"wp","href":"https:\/\/api.w.org\/{rel}","templated":true}]}}