{"id":126648,"date":"2025-06-03T00:00:00","date_gmt":"2025-06-03T05:00:00","guid":{"rendered":"https:\/\/gpl-love.com\/es\/producto\/woocommerce-multistep-checkout-wizard\/"},"modified":"2026-04-10T11:32:44","modified_gmt":"2026-04-10T16:32:44","slug":"woocommerce-multistep-checkout-wizard","status":"publish","type":"product","link":"https:\/\/gpl-love.com\/es\/producto\/woocommerce-multistep-checkout-wizard\/","title":{"rendered":"WooCommerce MultiStep Checkout Wizard 3.9.0"},"content":{"rendered":"<h3>WooCommerce MultiStep Checkout Wizard Caracteristicas<\/h3>\n<p>El Asistente de pago de varios pasos de WooCommerce, una herramienta incre\u00edblemente efectiva, sirve para optimizar el procedimiento de pago para su estimada tienda en l\u00ednea. Al fragmentar el formulario de pago en numerosos pasos, este notable complemento asegura que los clientes puedan ingresar sin problemas su informaci\u00f3n pertinente y finalizar sus compras con una notable velocidad y eficiencia. Este complemento cuenta con un impresionante nivel de adaptabilidad, otorg\u00e1ndole la libertad de adaptar el procedimiento de pago para alinearse perfectamente con los requisitos distintivos de su negocio. Al emplear el asistente de pago de varios pasos, no solo podr\u00e1 reducir la prevalencia de los carros de compras abandonados, sino que tambi\u00e9n experimentar\u00e1 un aumento notable en las tasas de conversi\u00f3n, que finalmente reforzan su posici\u00f3n financiera. De hecho, este complemento indispensable es una necesidad absoluta para cualquier propietario de la tienda de WooCommerce exigente que se esfuerza por mejorar la experiencia del cliente y generar mayores cifras de ventas.<\/p>\n<ul>\n<li>Proceso de pago optimizado para los clientes, reduciendo el abandono del carrito<\/li>\n<li>Simplifica el formulario de pago al romperlo en pasos manejables<\/li>\n<li>Permite la personalizaci\u00f3n de los campos de pago y los pasos<\/li>\n<li>Compatible con todas las pasarelas de pago de WooCommerce<\/li>\n<li>Opci\u00f3n para habilitar\/deshabilitar el pago de invitados para los clientes<\/li>\n<li>Opci\u00f3n para mostrar la barra de progreso para que los clientes rastreen su progreso<\/li>\n<li>Proporciona una experiencia de usuario profesional y pulida para los clientes<\/li>\n<li>Reduce la confusi\u00f3n para los clientes, lo que hace que sea m\u00e1s probable que completen su compra<\/li>\n<li>Aumenta las tasas generales de conversi\u00f3n para las empresas de comercio electr\u00f3nico utilizando WooCommerce<\/li>\n<\/ul>\n","protected":false},"excerpt":{"rendered":"<p>El Asistente de pago de varios pasos de WooCommerce ofrece un enfoque integral y eficiente para racionalizar el procedimiento de pago para su tienda en l\u00ednea, asegurando una experiencia perfecta para sus clientes. Al implementar un proceso de pago paso a paso, esta poderosa herramienta permite a sus clientes navegar sin esfuerzo a trav\u00e9s de cada etapa, completando sus compras con facilidad. Adem\u00e1s, el asistente es totalmente personalizable, lo que le permite personalizarlo para alinearse sin problemas con la est\u00e9tica y la marca de su sitio web. Con una variedad de caracter\u00edsticas, como indicadores de progreso, abundancia de autocompleto y revisi\u00f3n de resumen de pedidos, el asistente de pago de varios pasos reduce efectivamente las tasas de abandono del carrito y mejora significativamente las tasas de conversi\u00f3n. Sirve como una soluci\u00f3n impecable para cualquier tienda en l\u00ednea que busque optimizar su proceso de pago y elevar la experiencia general del cliente.<\/p>\n","protected":false},"featured_media":168170,"comment_status":"open","ping_status":"open","template":"","meta":[],"product_brand":[2339],"product_cat":[1207,1248,1206],"product_tag":[1256],"class_list":{"0":"post-126648","1":"product","2":"type-product","3":"status-publish","4":"has-post-thumbnail","6":"product_brand-codecanyon","7":"product_cat-comercio-electronico-plugins","8":"product_cat-personalizacion-comercio-electronico-plugins","9":"product_cat-plugins","10":"product_tag-codecanyon","11":"member-discount","12":"discount-restricted","14":"first","15":"instock","16":"sale","17":"downloadable","18":"virtual","19":"sold-individually","20":"purchasable","21":"product-type-simple"},"_links":{"self":[{"href":"https:\/\/gpl-love.com\/es\/wp-json\/wp\/v2\/product\/126648","targetHints":{"allow":["GET"]}}],"collection":[{"href":"https:\/\/gpl-love.com\/es\/wp-json\/wp\/v2\/product"}],"about":[{"href":"https:\/\/gpl-love.com\/es\/wp-json\/wp\/v2\/types\/product"}],"replies":[{"embeddable":true,"href":"https:\/\/gpl-love.com\/es\/wp-json\/wp\/v2\/comments?post=126648"}],"wp:featuredmedia":[{"embeddable":true,"href":"https:\/\/gpl-love.com\/es\/wp-json\/wp\/v2\/media\/168170"}],"wp:attachment":[{"href":"https:\/\/gpl-love.com\/es\/wp-json\/wp\/v2\/media?parent=126648"}],"wp:term":[{"taxonomy":"product_brand","embeddable":true,"href":"https:\/\/gpl-love.com\/es\/wp-json\/wp\/v2\/product_brand?post=126648"},{"taxonomy":"product_cat","embeddable":true,"href":"https:\/\/gpl-love.com\/es\/wp-json\/wp\/v2\/product_cat?post=126648"},{"taxonomy":"product_tag","embeddable":true,"href":"https:\/\/gpl-love.com\/es\/wp-json\/wp\/v2\/product_tag?post=126648"}],"curies":[{"name":"wp","href":"https:\/\/api.w.org\/{rel}","templated":true}]}}