{"id":126646,"date":"2025-09-01T00:00:00","date_gmt":"2025-09-01T05:00:00","guid":{"rendered":"https:\/\/gpl-love.com\/es\/producto\/woocommerce-multiple-customer-addresses\/"},"modified":"2026-04-10T11:32:43","modified_gmt":"2026-04-10T16:32:43","slug":"woocommerce-multiple-customer-addresses","status":"publish","type":"product","link":"https:\/\/gpl-love.com\/es\/producto\/woocommerce-multiple-customer-addresses\/","title":{"rendered":"WooCommerce Multiple Customer Addresses 25.5"},"content":{"rendered":"<h3>WooCommerce Multiple Customer Addresses Caracteristicas<\/h3>\n<p>WooCommerce m\u00faltiples direcciones de clientes es un complemento incre\u00edblemente robusto y f\u00e1cil de usar espec\u00edficamente adaptado para satisfacer las necesidades de los propietarios de tiendas en l\u00ednea que buscan proporcionar a sus clientes la mayor comodidad a trav\u00e9s de la provisi\u00f3n de m\u00faltiples direcciones de env\u00edo y facturaci\u00f3n. A trav\u00e9s de la implementaci\u00f3n de este complemento, a los clientes se les otorga la capacidad de incorporar, modificar y supervisar sin problemas numerosas direcciones directamente desde el tablero de su cuenta personal. Considerado como un complemento extraordinariamente rico en funciones, permite a los propietarios de tiendas establecer m\u00faltiples direcciones de env\u00edo y facturaci\u00f3n para cada cliente, lo que le convierte en una soluci\u00f3n ideal para empresas involucradas en tratos extensos con m\u00faltiples clientes o que atienden a los clientes que con frecuencia requieren env\u00edos a destinos variables. Adem\u00e1s, el proceso de instalaci\u00f3n y configuraci\u00f3n de este complemento demuestra estar notablemente sin problemas, y se acompa\u00f1a de documentaci\u00f3n integral y soporte inquebrantable, asegurando as\u00ed una experiencia perfecta y sin problemas tanto para los propietarios de tiendas como para los clientes. A fin de cuentas, la adquisici\u00f3n de direcciones de clientes de WooCommerce m\u00faltiples es una necesidad absoluta para cualquier tienda de comercio electr\u00f3nico que aspire a mejorar la experiencia del cliente y optimizar el intrincado proceso de env\u00edo.<\/p>\n<ul>\n<li>Permite a los clientes almacenar m\u00faltiples direcciones de env\u00edo y facturaci\u00f3n en su cuenta para un pago m\u00e1s r\u00e1pido<\/li>\n<li>Permite a los clientes especificar una direcci\u00f3n diferente para cada pedido, lo que facilita el env\u00edo de las empresas a m\u00faltiples ubicaciones<\/li>\n<li>Completa autom\u00e1ticamente las direcciones guardadas en el pago, reduciendo los errores de mecanograf\u00eda y ahorrando tiempo para los clientes<\/li>\n<li>Proporciona una forma conveniente para que los clientes administren y actualicen sus direcciones, reduciendo el riesgo de paquetes no entregados<\/li>\n<li>Funciona sin problemas con WooCommerce, que no requiere codificaci\u00f3n o experiencia t\u00e9cnica para instalar y usar<\/li>\n<li>Se puede personalizar para que coincida con el dise\u00f1o de su sitio web, proporcionando una apariencia cohesiva para los clientes<\/li>\n<li>Ayuda a las empresas a proporcionar un servicio personalizado al permitirles abordar a los clientes por nombre y ubicaci\u00f3n<\/li>\n<li>Proporciona una ventaja competitiva al ofrecer una caracter\u00edstica que muchas otras empresas en l\u00ednea no tienen.<\/li>\n<\/ul>\n","protected":false},"excerpt":{"rendered":"<p>El complemento de direcciones de clientes de WooCommerce m\u00faltiples presenta una soluci\u00f3n notable para los clientes que desean almacenar sin esfuerzo y administrar efectivamente numerosas direcciones de env\u00edo dentro de su cuenta, mejorando as\u00ed la expedici\u00f3n y conveniencia del proceso de pago. Este complemento invaluable resulta particularmente ventajoso para las empresas que atienden a una clientela que frecuentemente env\u00eda elementos a direcciones variables o para los clientes que poseen m\u00faltiples moras. Al emplear este complemento excepcional, los clientes reciben la capacidad sin esfuerzo de designar sin problemas la direcci\u00f3n espec\u00edfica a la que debe asignarse su pedido, fomentando as\u00ed no solo la eficiencia temporal, sino tambi\u00e9n disminuyendo la probabilidad de despachos err\u00f3neos.<\/p>\n","protected":false},"featured_media":168169,"comment_status":"open","ping_status":"open","template":"","meta":[],"product_brand":[2339],"product_cat":[1207,1248,1206],"product_tag":[1256],"class_list":{"0":"post-126646","1":"product","2":"type-product","3":"status-publish","4":"has-post-thumbnail","6":"product_brand-codecanyon","7":"product_cat-comercio-electronico-plugins","8":"product_cat-personalizacion-comercio-electronico-plugins","9":"product_cat-plugins","10":"product_tag-codecanyon","11":"member-discount","12":"discount-restricted","14":"first","15":"instock","16":"sale","17":"downloadable","18":"virtual","19":"sold-individually","20":"purchasable","21":"product-type-simple"},"_links":{"self":[{"href":"https:\/\/gpl-love.com\/es\/wp-json\/wp\/v2\/product\/126646","targetHints":{"allow":["GET"]}}],"collection":[{"href":"https:\/\/gpl-love.com\/es\/wp-json\/wp\/v2\/product"}],"about":[{"href":"https:\/\/gpl-love.com\/es\/wp-json\/wp\/v2\/types\/product"}],"replies":[{"embeddable":true,"href":"https:\/\/gpl-love.com\/es\/wp-json\/wp\/v2\/comments?post=126646"}],"wp:featuredmedia":[{"embeddable":true,"href":"https:\/\/gpl-love.com\/es\/wp-json\/wp\/v2\/media\/168169"}],"wp:attachment":[{"href":"https:\/\/gpl-love.com\/es\/wp-json\/wp\/v2\/media?parent=126646"}],"wp:term":[{"taxonomy":"product_brand","embeddable":true,"href":"https:\/\/gpl-love.com\/es\/wp-json\/wp\/v2\/product_brand?post=126646"},{"taxonomy":"product_cat","embeddable":true,"href":"https:\/\/gpl-love.com\/es\/wp-json\/wp\/v2\/product_cat?post=126646"},{"taxonomy":"product_tag","embeddable":true,"href":"https:\/\/gpl-love.com\/es\/wp-json\/wp\/v2\/product_tag?post=126646"}],"curies":[{"name":"wp","href":"https:\/\/api.w.org\/{rel}","templated":true}]}}