{"id":126645,"date":"2025-05-07T00:00:00","date_gmt":"2025-05-07T05:00:00","guid":{"rendered":"https:\/\/gpl-love.com\/es\/producto\/woocommerce-multiple-currencies\/"},"modified":"2026-04-10T11:32:42","modified_gmt":"2026-04-10T16:32:42","slug":"woocommerce-multiple-currencies","status":"publish","type":"product","link":"https:\/\/gpl-love.com\/es\/producto\/woocommerce-multiple-currencies\/","title":{"rendered":"WooCommerce Multiple Currencies 6.2"},"content":{"rendered":"<h3>WooCommerce Multiple Currencies Caracteristicas<\/h3>\n<p>El complemento de monedas m\u00faltiples de WooCommerce es una herramienta extremadamente robusta y formidable que otorga a los propietarios de tiendas en l\u00ednea la capacidad de exhibir y aceptar pagos sin esfuerzo en una gran cantidad de monedas. Este notable complemento elimina efectivamente la necesidad de que los clientes provengan de varios rincones del mundo se preocupen por las complejidades y complejidades de las conversiones de divisas y los tipos de cambio fluctuantes. Adem\u00e1s, el complemento de monedas m\u00faltiples de WooCommerce es notablemente f\u00e1cil de usar y altamente personalizable, con una extensa gama de caracter\u00edsticas y funcionalidades. De hecho, este complemento proporciona soporte para m\u00e1s de 150 monedas diferentes, al tiempo que detecta sin problemas y autom\u00e1ticamente la ubicaci\u00f3n precisa del cliente para garantizar una experiencia \u00f3ptima y personalizada. Adem\u00e1s, este complemento presenta a los usuarios caracter\u00edsticas avanzadas como el redondeo por divisas, la opci\u00f3n de establecer tipos de cambio personalizados y soporte integral de varios idiomas. En consecuencia, si su objetivo es expandir su negocio a escala internacional y al mismo tiempo ofrece una experiencia de compra perfecta e incomparable a sus estimados clientes, el complemento de monedas m\u00faltiples de WooCommerce es inequ\u00edvocamente la soluci\u00f3n ideal para usted.<\/p>\n<ul>\n<li>Permite a los clientes ver los precios y realizar compras en su moneda preferida<\/li>\n<li>Admite m\u00e1s de 100 monedas y permite tipos de cambio de divisas personalizadas<\/li>\n<li>F\u00e1cil de instalar y configurar, con opciones para mostrar un conmutador de divisas en varias partes del sitio web<\/li>\n<li>Compatible con la mayor\u00eda de los temas y complementos de WooCommerce<\/li>\n<li>Actualiza autom\u00e1ticamente los tipos de cambio diariamente o por hora<\/li>\n<li>Proporciona informes y registros detallados para transacciones monetarias<\/li>\n<li>Ayuda a aumentar las ventas y llegar a una audiencia global m\u00e1s amplia<\/li>\n<li>Ofrece soporte premium y actualizaciones regulares para garantizar un funcionamiento sin problemas.<\/li>\n<\/ul>\n","protected":false},"excerpt":{"rendered":"<p>WooCommerce m\u00faltiples monedas, un complemento muy robusto e influyente, posee la capacidad de capacitar su tienda de comercio electr\u00f3nico mostrando precios y facilitando los pagos en numerosas monedas. Esta herramienta indispensable es particularmente ventajosa para las empresas que atienden a una audiencia global, ya que les otorga la oportunidad de proporcionar a su clientela la mayor comodidad de comprar en su propia moneda local. La amplia gama del complemento abarca m\u00e1s de 200 monedas, lo que le brinda la capacidad de establecer tipos de cambio, especificar regulaciones de redondeo e incluso adaptar los s\u00edmbolos de moneda para satisfacer sus necesidades. Al emplear las capacidades din\u00e1micas de WooCommerce m\u00faltiples monedas, puede ampliar sin esfuerzo su base de clientes, amplificar las cifras de ventas y enriquecer la experiencia general de compra para sus estimados usuarios.<\/p>\n","protected":false},"featured_media":168168,"comment_status":"open","ping_status":"open","template":"","meta":[],"product_brand":[2339],"product_cat":[1207,1248,1206],"product_tag":[1256],"class_list":{"0":"post-126645","1":"product","2":"type-product","3":"status-publish","4":"has-post-thumbnail","6":"product_brand-codecanyon","7":"product_cat-comercio-electronico-plugins","8":"product_cat-personalizacion-comercio-electronico-plugins","9":"product_cat-plugins","10":"product_tag-codecanyon","11":"member-discount","12":"discount-restricted","14":"first","15":"instock","16":"sale","17":"downloadable","18":"virtual","19":"sold-individually","20":"purchasable","21":"product-type-simple"},"_links":{"self":[{"href":"https:\/\/gpl-love.com\/es\/wp-json\/wp\/v2\/product\/126645","targetHints":{"allow":["GET"]}}],"collection":[{"href":"https:\/\/gpl-love.com\/es\/wp-json\/wp\/v2\/product"}],"about":[{"href":"https:\/\/gpl-love.com\/es\/wp-json\/wp\/v2\/types\/product"}],"replies":[{"embeddable":true,"href":"https:\/\/gpl-love.com\/es\/wp-json\/wp\/v2\/comments?post=126645"}],"wp:featuredmedia":[{"embeddable":true,"href":"https:\/\/gpl-love.com\/es\/wp-json\/wp\/v2\/media\/168168"}],"wp:attachment":[{"href":"https:\/\/gpl-love.com\/es\/wp-json\/wp\/v2\/media?parent=126645"}],"wp:term":[{"taxonomy":"product_brand","embeddable":true,"href":"https:\/\/gpl-love.com\/es\/wp-json\/wp\/v2\/product_brand?post=126645"},{"taxonomy":"product_cat","embeddable":true,"href":"https:\/\/gpl-love.com\/es\/wp-json\/wp\/v2\/product_cat?post=126645"},{"taxonomy":"product_tag","embeddable":true,"href":"https:\/\/gpl-love.com\/es\/wp-json\/wp\/v2\/product_tag?post=126645"}],"curies":[{"name":"wp","href":"https:\/\/api.w.org\/{rel}","templated":true}]}}