{"id":126644,"date":"2022-01-26T00:00:00","date_gmt":"2022-01-26T05:00:00","guid":{"rendered":"https:\/\/gpl-love.com\/es\/producto\/woocommerce-multilevel-referral-affiliate-plugin\/"},"modified":"2026-04-10T11:32:41","modified_gmt":"2026-04-10T16:32:41","slug":"woocommerce-multilevel-referral-affiliate-plugin","status":"publish","type":"product","link":"https:\/\/gpl-love.com\/es\/producto\/woocommerce-multilevel-referral-affiliate-plugin\/","title":{"rendered":"WooCommerce Multilevel Referral Affiliate Plugin 2.2"},"content":{"rendered":"<h3>WooCommerce Multilevel Referral Affiliate Plugin Caracteristicas<\/h3>\n<p>El complemento de afiliados de referencia multinivel WooCommerce, una herramienta incre\u00edblemente potente, ha sido meticulosamente elaborada para ayudar en el aumento de los ingresos de su tienda de comercio electr\u00f3nico a trav\u00e9s de la amplificaci\u00f3n de sus esfuerzos de marketing de referencia. Este complemento excepcional le proporciona la capacidad de establecer un programa de referencia que recompensa generosamente a sus estimados clientes por sus invaluables esfuerzos para referir a los compradores nuevos a su estimada tienda. Una caracter\u00edstica fascinante de este programa es su naturaleza de varios niveles, en la que los clientes no solo son compensados \u200b\u200bpor sus referencias directas, sino tambi\u00e9n por las referencias hechas por las personas a las que han referido previamente. Adem\u00e1s, este complemento ofrece una multitud de opciones de personalizaci\u00f3n s\u00f3lidas, lo que le permite configurar sin problemas las tarifas de comisiones, niveles de referencia y varios otros par\u00e1metros que se alinean armoniosamente con las demandas y requisitos \u00fanicos de su estimado negocio. Imbrimido con las notables capacidades del complemento de afiliados de referencia multinivel WooCommerce, transmutar\u00e1 sin esfuerzo a su clientela actual en defensores resueltos, catapultando as\u00ed las ventas y la rentabilidad de su tienda a alturas sin precedentes.<\/p>\n<ul>\n<li>Permite a los usuarios crear un programa de referencia en su tienda WooCommerce<\/li>\n<li>El sistema multinivel permite una incentivizaci\u00f3n m\u00e1s profunda<\/li>\n<li>Los referentes pueden obtener comisiones para cada referencia exitosa que generan<\/li>\n<li>Las comisiones se pueden establecer en una tasa fija o como porcentaje de la venta<\/li>\n<li>Seguimiento detallado de referencias y comisiones ganadas<\/li>\n<li>Las referencias pueden generar un enlace de referencia o c\u00f3digo de cup\u00f3n \u00fanico para compartir con clientes potenciales<\/li>\n<li>Notificaciones autom\u00e1ticas por correo electr\u00f3nico a referentes y clientes referidos<\/li>\n<li>Integraci\u00f3n con pasarelas de pago populares para pagos de comisiones sin problemas<\/li>\n<li>Informes y an\u00e1lisis integrales para monitorear el \u00e9xito del programa de referencia.<\/li>\n<\/ul>\n","protected":false},"excerpt":{"rendered":"<p>El complemento de afiliados de referencia multinivel WooCommerce, una herramienta altamente potente y formidable, presenta a los usuarios la capacidad excepcional de establecer un programa de referencia formidable y din\u00e1mico para su tienda WooCommerce. Este revolucionario complemento otorga a los propietarios de tiendas la capacidad sin esfuerzo para iniciar un programa de afiliados multinivel que compensa generosamente tanto a los referentes como a los referencias. Aumentado por un tablero de tablero, este complemento, este complemento brinda a los usuarios la oportunidad invaluable de monitorear meticulosamente la actividad de referencia, administrar h\u00e1bilmente las comisiones y supervisar astutamente el rendimiento. En general, el complemento de afiliados de referencia multinivel WooCommerce surge como una soluci\u00f3n extremadamente complaciente, centrada en el usuario y eficaz para aumentar las ventas y fomentar la lealtad inquebrantable del cliente.<\/p>\n","protected":false},"featured_media":168167,"comment_status":"open","ping_status":"open","template":"","meta":[],"product_brand":[2339],"product_cat":[1207,1225,1206],"product_tag":[1256],"class_list":{"0":"post-126644","1":"product","2":"type-product","3":"status-publish","4":"has-post-thumbnail","6":"product_brand-codecanyon","7":"product_cat-comercio-electronico-plugins","8":"product_cat-marketing","9":"product_cat-plugins","10":"product_tag-codecanyon","11":"member-discount","12":"discount-restricted","14":"first","15":"instock","16":"sale","17":"downloadable","18":"virtual","19":"sold-individually","20":"purchasable","21":"product-type-simple"},"_links":{"self":[{"href":"https:\/\/gpl-love.com\/es\/wp-json\/wp\/v2\/product\/126644","targetHints":{"allow":["GET"]}}],"collection":[{"href":"https:\/\/gpl-love.com\/es\/wp-json\/wp\/v2\/product"}],"about":[{"href":"https:\/\/gpl-love.com\/es\/wp-json\/wp\/v2\/types\/product"}],"replies":[{"embeddable":true,"href":"https:\/\/gpl-love.com\/es\/wp-json\/wp\/v2\/comments?post=126644"}],"wp:featuredmedia":[{"embeddable":true,"href":"https:\/\/gpl-love.com\/es\/wp-json\/wp\/v2\/media\/168167"}],"wp:attachment":[{"href":"https:\/\/gpl-love.com\/es\/wp-json\/wp\/v2\/media?parent=126644"}],"wp:term":[{"taxonomy":"product_brand","embeddable":true,"href":"https:\/\/gpl-love.com\/es\/wp-json\/wp\/v2\/product_brand?post=126644"},{"taxonomy":"product_cat","embeddable":true,"href":"https:\/\/gpl-love.com\/es\/wp-json\/wp\/v2\/product_cat?post=126644"},{"taxonomy":"product_tag","embeddable":true,"href":"https:\/\/gpl-love.com\/es\/wp-json\/wp\/v2\/product_tag?post=126644"}],"curies":[{"name":"wp","href":"https:\/\/api.w.org\/{rel}","templated":true}]}}