{"id":126643,"date":"2021-03-03T00:00:00","date_gmt":"2021-03-03T05:00:00","guid":{"rendered":"https:\/\/gpl-love.com\/es\/producto\/woocommerce-multi-vendor-shipping-addon\/"},"modified":"2026-03-13T17:33:05","modified_gmt":"2026-03-13T22:33:05","slug":"woocommerce-multi-vendor-shipping-addon","status":"publish","type":"product","link":"https:\/\/gpl-love.com\/es\/producto\/woocommerce-multi-vendor-shipping-addon\/","title":{"rendered":"WooCommerce Multi Vendor Shipping Addon 2.0.6"},"content":{"rendered":"<h3>WooCommerce Multi Vendor Shipping Addon Caracteristicas<\/h3>\n<p>El complemento de env\u00edo de m\u00faltiples proveedores de WooCommerce, una herramienta muy robusta y eficiente, empodera a los propietarios de tiendas en l\u00ednea al permitirles extender las opciones de env\u00edo a los clientes de m\u00faltiples proveedores. Este ingenioso complemento se integra perfectamente con WooCommerce, facilitando as\u00ed una configuraci\u00f3n sin problemas de tarifas de env\u00edo para los proveedores para optimizar sus operaciones. Con la invaluable presencia de este complemento, los clientes reciben la comodidad de leer y seleccionar opciones de env\u00edo sin esfuerzo que abarca una gran cantidad de proveedores, garantiz\u00e1ndoles una experiencia de compra sin igual. Adem\u00e1s, este complemento ofrece a los propietarios de tiendas una variedad de funcionalidades avanzadas, como tarifas de env\u00edo en tiempo real, generaci\u00f3n de etiquetas de env\u00edo y seguimiento de env\u00edos, todos los cuales contribuyen a ahorrar tiempo sustancial y recursos monetarios. En consecuencia, mejora con \u00e9xito los niveles de satisfacci\u00f3n del cliente y, en \u00faltima instancia, aumenta las cifras de ventas.<\/p>\n<ul>\n<li>Permite a los proveedores establecer sus propias tarifas de env\u00edo y zonas de env\u00edo<\/li>\n<li>Ofrece a los clientes la capacidad de elegir entre diferentes opciones de env\u00edo de diferentes proveedores.<\/li>\n<li>Proporciona a los proveedores la capacidad de administrar su propia configuraci\u00f3n de env\u00edo y rastrear sus propios env\u00edos<\/li>\n<li>Se integra a la perfecci\u00f3n con la configuraci\u00f3n y opciones de env\u00edo existentes de WooCommerce<\/li>\n<li>Aumenta las opciones de flexibilidad y personalizaci\u00f3n tanto para proveedores como para clientes<\/li>\n<li>Ayuda a prevenir la confusi\u00f3n y los errores de env\u00edo dando a cada proveedor control sobre sus propios env\u00edos<\/li>\n<li>Ayuda a los proveedores a proporcionar estimaciones de env\u00edo m\u00e1s precisas a los clientes<\/li>\n<li>Puede ser f\u00e1cilmente instalado y configurado por propietarios de tiendas y proveedores<\/li>\n<li>Proporciona una soluci\u00f3n m\u00e1s s\u00f3lida y completa de m\u00faltiples proveedores para tiendas en l\u00ednea utilizando WooCommerce.<\/li>\n<\/ul>\n","protected":false},"excerpt":{"rendered":"<p>El complemento de env\u00edo de m\u00faltiples proveedores de WooCommerce es una herramienta incre\u00edblemente poderosa y altamente avanzada que proporciona a los proveedores la capacidad de administrar y controlar de manera eficiente sus propias metodolog\u00edas de env\u00edo individuales y las tarifas correspondientes. Al utilizar este complemento excepcional, los proveedores pueden establecer y definir sus propios precios de env\u00edo distintos y personalizados, as\u00ed como seleccionar y emplear varias t\u00e9cnicas de entrega, incluidas las opciones universalmente preferidas y muy populares de la tarifa plana, el env\u00edo gratuito gratuito. , o incluso por env\u00edo de art\u00edculos. En \u00faltima instancia, este complemento invaluable ofrece un nivel incomparable de versatilidad y suma conveniencia tanto para el apreciado proveedor como para su estimada clientela, mejorando significativamente y elevando la experiencia de compra general para todas las partes involucradas de una manera extremadamente sin problemas y sin problemas.<\/p>\n","protected":false},"featured_media":168166,"comment_status":"open","ping_status":"open","template":"","meta":[],"product_brand":[2500],"product_cat":[1208,1207,1206],"product_tag":[1736],"class_list":{"0":"post-126643","1":"product","2":"type-product","3":"status-publish","4":"has-post-thumbnail","6":"product_brand-plugin-hive","7":"product_cat-administracion","8":"product_cat-comercio-electronico-plugins","9":"product_cat-plugins","10":"product_tag-plugin-hive","11":"member-discount","12":"discount-restricted","14":"first","15":"instock","16":"sale","17":"downloadable","18":"virtual","19":"sold-individually","20":"purchasable","21":"product-type-simple"},"_links":{"self":[{"href":"https:\/\/gpl-love.com\/es\/wp-json\/wp\/v2\/product\/126643","targetHints":{"allow":["GET"]}}],"collection":[{"href":"https:\/\/gpl-love.com\/es\/wp-json\/wp\/v2\/product"}],"about":[{"href":"https:\/\/gpl-love.com\/es\/wp-json\/wp\/v2\/types\/product"}],"replies":[{"embeddable":true,"href":"https:\/\/gpl-love.com\/es\/wp-json\/wp\/v2\/comments?post=126643"}],"wp:featuredmedia":[{"embeddable":true,"href":"https:\/\/gpl-love.com\/es\/wp-json\/wp\/v2\/media\/168166"}],"wp:attachment":[{"href":"https:\/\/gpl-love.com\/es\/wp-json\/wp\/v2\/media?parent=126643"}],"wp:term":[{"taxonomy":"product_brand","embeddable":true,"href":"https:\/\/gpl-love.com\/es\/wp-json\/wp\/v2\/product_brand?post=126643"},{"taxonomy":"product_cat","embeddable":true,"href":"https:\/\/gpl-love.com\/es\/wp-json\/wp\/v2\/product_cat?post=126643"},{"taxonomy":"product_tag","embeddable":true,"href":"https:\/\/gpl-love.com\/es\/wp-json\/wp\/v2\/product_tag?post=126643"}],"curies":[{"name":"wp","href":"https:\/\/api.w.org\/{rel}","templated":true}]}}