{"id":126641,"date":"2025-09-11T00:00:00","date_gmt":"2025-09-11T05:00:00","guid":{"rendered":"https:\/\/gpl-love.com\/es\/producto\/woocommerce-multi-currency-currency-switcher\/"},"modified":"2026-04-10T11:32:40","modified_gmt":"2026-04-10T16:32:40","slug":"woocommerce-multi-currency-currency-switcher","status":"publish","type":"product","link":"https:\/\/gpl-love.com\/es\/producto\/woocommerce-multi-currency-currency-switcher\/","title":{"rendered":"WooCommerce Multi Currency Currency Switcher 2.3.11"},"content":{"rendered":"<h3>WooCommerce Multi Currency Currency Switcher Caracteristicas<\/h3>\n<p>El conmutador de divisas m\u00faltiples de WooCommerce es una herramienta incre\u00edblemente robusta e influyente que otorga a las empresas en l\u00ednea la notable capacidad de atender efectivamente a los clientes que proven\u00edan de varios rincones del mundo, todo al empoderarlos con la capacidad de leer y evaluar los precios de los productos en sus respectivos en sus respectivos. monedas locales. Este ingenioso complemento se integra perfectamente en la aclamada plataforma de WooCommerce, dotando as\u00ed a los clientes con la invaluable oportunidad de seleccionar y designar sus monedas preferidas, todas con solo unos pocos clics r\u00e1pidos y simples de sus mouse o toques en sus pantallas. El soporte extraordinario abarcado dentro de este notable complemento cuenta con una impresionante variedad de m\u00e1s de 160 monedas distintas, junto con el beneficio adicional de la conversi\u00f3n de moneda autom\u00e1tica. En consecuencia, las empresas pueden expandir decisivamente su influencia y extender su alcance a alturas sin precedentes, todo mientras cultivan y fomentan una experiencia de compra profundamente personalizada y a medida para su estimada clientela. Adem\u00e1s de esto, el conmutador de divisas m\u00faltiple de WooCommerce endulza a\u00fan m\u00e1s la olla con una mezcla de caracter\u00edsticas invaluables, incluidas, entre otros, el sistema de detecci\u00f3n de geolocalizaci\u00f3n altamente sofisticado, las capacidades de redondeo de divisas y la capacidad de personalizar las tasas de cambio a las preferencias precisas de uno. Al ofrecer a las empresas un grado de control incomparable sobre sus predilecciones e inclinaciones relacionadas con la moneda, este complemento extraordinario es un verdadero regalo del cielo para cualquier entidad comercial exigente ansiosa por atraer y atrapar a una audiencia global diversa y vers\u00e1til, todo, mientras que simult\u00e1neamente es testigo de una sobretensi\u00f3n resuena en los ingresos. y rentabilidad general.<\/p>\n<ul>\n<li>Permite a los clientes ver los precios y pagar en su moneda preferida<\/li>\n<li>Admite hasta 180+ monedas y se detiene autom\u00e1ticamente la ubicaci\u00f3n del cliente<\/li>\n<li>F\u00e1cil de instalar y personalizar<\/li>\n<li>Actualiza autom\u00e1ticamente los tipos de cambio de divisas<\/li>\n<li>Compatible con la mayor\u00eda de los temas y complementos de WooCommerce<\/li>\n<li>Se puede configurar para mostrar s\u00edmbolos de moneda, banderas o ambos<\/li>\n<li>Permite establecer las tasas de conversi\u00f3n de divisas manuales<\/li>\n<li>Aumenta el potencial de ventas global al atender a los clientes internacionales<\/li>\n<li>Proporciona una experiencia de usuario perfecta con tiempos de carga r\u00e1pidos y sin actualizar la p\u00e1gina<\/li>\n<li>Proporciona un registro detallado de las tasas de conversi\u00f3n de divisas y los cambios realizados.<\/li>\n<\/ul>\n","protected":false},"excerpt":{"rendered":"<p>El conmutador de divisas m\u00faltiples de WooCommerce es un complemento extremadamente \u00fatil y conveniente que se ha dise\u00f1ado y desarrollado espec\u00edficamente con la intenci\u00f3n de mejorar la facilidad de uso general y la accesibilidad de su tienda en l\u00ednea, lo que garantiza que est\u00e9 f\u00e1cilmente disponible para clientes de todos de todos esquinas del mundo. Mediante esta herramienta altamente eficiente y efectiva, los clientes pueden cambiar sin problemas y sin esfuerzo entre una variedad de monedas diferentes, lo que les permite ver los precios y llevar a cabo las transacciones con \u00e9xito en su moneda preferida y deseada. Esto no solo sirve para mejorar y elevar significativamente la experiencia de compra general para los clientes que residen fuera de su pa\u00eds, sino que tambi\u00e9n tiene el potencial de impulsar y aumentar sustancialmente las ventas e ingresos para su estimada empresa comercial. Adem\u00e1s, el complemento en s\u00ed ha sido dise\u00f1ado y desarrollado deliberadamente de tal manera que sea incre\u00edblemente y notablemente f\u00e1cil de instalar y personalizar, asegurando que pueda integrarse y armonizar sin esfuerzo con los elementos de marca y dise\u00f1o preexistentes de su p\u00e1gina web. Por lo tanto, puede postularse irrefutablemente e indudablemente que el conmutador de divisas m\u00faltiples de WooCommerce es un activo y recurso indispensable e invaluable, a trav\u00e9s del cual puede hacer que su tienda en l\u00ednea sea significativamente m\u00e1s global en su alcance y apelaci\u00f3n.<\/p>\n","protected":false},"featured_media":168164,"comment_status":"open","ping_status":"open","template":"","meta":[],"product_brand":[2339],"product_cat":[1207,1248,1206],"product_tag":[1256],"class_list":{"0":"post-126641","1":"product","2":"type-product","3":"status-publish","4":"has-post-thumbnail","6":"product_brand-codecanyon","7":"product_cat-comercio-electronico-plugins","8":"product_cat-personalizacion-comercio-electronico-plugins","9":"product_cat-plugins","10":"product_tag-codecanyon","11":"member-discount","12":"discount-restricted","14":"first","15":"instock","16":"sale","17":"downloadable","18":"virtual","19":"sold-individually","20":"purchasable","21":"product-type-simple"},"_links":{"self":[{"href":"https:\/\/gpl-love.com\/es\/wp-json\/wp\/v2\/product\/126641","targetHints":{"allow":["GET"]}}],"collection":[{"href":"https:\/\/gpl-love.com\/es\/wp-json\/wp\/v2\/product"}],"about":[{"href":"https:\/\/gpl-love.com\/es\/wp-json\/wp\/v2\/types\/product"}],"replies":[{"embeddable":true,"href":"https:\/\/gpl-love.com\/es\/wp-json\/wp\/v2\/comments?post=126641"}],"wp:featuredmedia":[{"embeddable":true,"href":"https:\/\/gpl-love.com\/es\/wp-json\/wp\/v2\/media\/168164"}],"wp:attachment":[{"href":"https:\/\/gpl-love.com\/es\/wp-json\/wp\/v2\/media?parent=126641"}],"wp:term":[{"taxonomy":"product_brand","embeddable":true,"href":"https:\/\/gpl-love.com\/es\/wp-json\/wp\/v2\/product_brand?post=126641"},{"taxonomy":"product_cat","embeddable":true,"href":"https:\/\/gpl-love.com\/es\/wp-json\/wp\/v2\/product_cat?post=126641"},{"taxonomy":"product_tag","embeddable":true,"href":"https:\/\/gpl-love.com\/es\/wp-json\/wp\/v2\/product_tag?post=126641"}],"curies":[{"name":"wp","href":"https:\/\/api.w.org\/{rel}","templated":true}]}}