{"id":126638,"date":"2021-02-09T00:00:00","date_gmt":"2021-02-09T05:00:00","guid":{"rendered":"https:\/\/gpl-love.com\/es\/producto\/woocommerce-mixpanel\/"},"modified":"2026-04-10T11:32:37","modified_gmt":"2026-04-10T16:32:37","slug":"woocommerce-mixpanel","status":"publish","type":"product","link":"https:\/\/gpl-love.com\/es\/producto\/woocommerce-mixpanel\/","title":{"rendered":"WooCommerce Mixpanel 1.16.0"},"content":{"rendered":"<h3>WooCommerce Mixpanel Caracteristicas<\/h3>\n<p>WooCommerce Mixpanel es un complemento extremadamente robusto y avanzado que ha sido meticulosamente elaborado para cumplir con el prop\u00f3sito de ayudar a los minoristas en l\u00ednea a obtener una profunda comprensi\u00f3n de sus clientes. Este complemento notable ha sido dise\u00f1ado ingeniosamente para proporcionar ideas invaluables y observaciones exigentes relacionadas con la intrincada din\u00e1mica de los comportamientos, preferencias y h\u00e1bitos de compra de sus clientes. Con las capacidades incomparables de WooCommerce MixPanel a su disposici\u00f3n, posee la extraordinaria capacidad de monitorear y analizar meticulosamente todas las acciones min\u00fasculas llevadas a cabo por sus estimados clientes en su estimado sitio web, que abarca una amplia variedad de actividades como la perusal de los productos, adiciones a las adiciones a las adiciones a las que se adem\u00e1s de los productos a los productos a las que se adem\u00e1s de los productos, adiciones a los productos a los productos, adiciones a los productos a las que se adem\u00e1s de los productos, adiciones a los productos, adiciones a los productos, adiciones a los productos, adiciones a los productos, adiciones a los productos, adiciones a los productos, adiciones a las adiciones a los productos, adiciones a los productos, adiciones a los productos, adiciones a los productos, adiciones a los productos, adiciones a los productos, adiciones a los productos. El carrito de compras virtual y el gran final de todo el proceso, el pago. Posteriormente, este extenso tesoro de informaci\u00f3n meticulosamente reunida se procesa diligentemente y se transforma perfectamente en una multitud de informes visualmente impresionantes y sin esfuerzo que lo facilitan y arean con el conocimiento indispensable requerido para tomar decisiones estrat\u00e9gicas sagaz y sagas bien informadas. The extraordinary prowess exhibited by WooCommerce Mixpanel in terms of comprehending the intricacies of your customers&#8217; preferences and behaviors undoubtedly equips you with an unparalleled insight that enables you to meticulously optimize and fine-tune every facet of your esteemed e-commerce emporium, ensuring that your Los clientes apreciados est\u00e1n dotados de una experiencia de compra incomparable e inherentemente superior. Al diseccionar y analizar meticulosamente los informes exhaustivos entregados por este complemento extraordinario, est\u00e1 dotado de una comprensi\u00f3n profundamente esclarecedora de qu\u00e9 facetas de su estimada empresa resuenan armoniosamente con su estimado clientele y qu\u00e9 aspectos requieren una reconsideraci\u00f3n urgente y un ajuste fino. A la luz de estas capacidades incomparables, se hace inequ\u00edvocamente evidente que este complemento verdaderamente notable es una necesidad absoluta para cualquier minorista en l\u00ednea exigente que busque fervientemente aumentar sus flujos de ingresos y allane un camino firme hacia el crecimiento y la prosperidad sin precedentes de su estimada empresa comercial.<\/p>\n<ul>\n<li>Permite la integraci\u00f3n entre WooCommerce y MixPanel Analytics<\/li>\n<li>Rastrea el comportamiento del cliente y el historial de compras para estrategias de marketing espec\u00edficas<\/li>\n<li>Proporciona informaci\u00f3n sobre la demograf\u00eda de los clientes y los h\u00e1bitos de compra<\/li>\n<li>Utiliza la interfaz f\u00e1cil de usar de MixPanel para informes y visualizaciones personalizadas<\/li>\n<li>Aumenta el ROI optimizando las campa\u00f1as de marketing con decisiones basadas en datos<\/li>\n<li>Agiliza el proceso de recopilaci\u00f3n y an\u00e1lisis de datos para empresas de comercio electr\u00f3nico<\/li>\n<li>Ofrece una gama de planes de precios para empresas de todos los tama\u00f1os<\/li>\n<li>F\u00e1cil de instalar y usar con instrucciones paso a paso y soporte t\u00e9cnico disponible.<\/li>\n<\/ul>\n","protected":false},"excerpt":{"rendered":"<p>Al integrar su tienda WooCommerce con MixPanel, podr\u00e1 acceder a una gran cantidad de conocimientos valiosos relacionados con el comportamiento del cliente y los patrones de compra. Este complemento notable facilita el seguimiento sin esfuerzo de varias m\u00e9tricas, como ventas, carros abandonados y viajes de clientes, lo que le permite optimizar su estrategia de comercio electr\u00f3nico y, en \u00faltima instancia, generar ingresos. Adem\u00e1s, con la provisi\u00f3n de eventos y embudos personalizables, tendr\u00e1 la flexibilidad de adaptar su an\u00e1lisis de una manera que se alinee perfectamente con los requisitos \u00fanicos de su negocio. Adem\u00e1s, los datos en tiempo real y las ideas procesables proporcionadas por esta integraci\u00f3n le permitir\u00e1n tomar decisiones bien informadas y mejorar el rendimiento general de su tienda en l\u00ednea.<\/p>\n","protected":false},"featured_media":168161,"comment_status":"open","ping_status":"open","template":"","meta":[],"product_brand":[2344],"product_cat":[1208,1207,1206],"product_tag":[1423],"class_list":{"0":"post-126638","1":"product","2":"type-product","3":"status-publish","4":"has-post-thumbnail","6":"product_brand-woocommerce","7":"product_cat-administracion","8":"product_cat-comercio-electronico-plugins","9":"product_cat-plugins","10":"product_tag-woocommerce","11":"member-discount","12":"discount-restricted","14":"first","15":"instock","16":"sale","17":"downloadable","18":"virtual","19":"sold-individually","20":"purchasable","21":"product-type-simple"},"_links":{"self":[{"href":"https:\/\/gpl-love.com\/es\/wp-json\/wp\/v2\/product\/126638","targetHints":{"allow":["GET"]}}],"collection":[{"href":"https:\/\/gpl-love.com\/es\/wp-json\/wp\/v2\/product"}],"about":[{"href":"https:\/\/gpl-love.com\/es\/wp-json\/wp\/v2\/types\/product"}],"replies":[{"embeddable":true,"href":"https:\/\/gpl-love.com\/es\/wp-json\/wp\/v2\/comments?post=126638"}],"wp:featuredmedia":[{"embeddable":true,"href":"https:\/\/gpl-love.com\/es\/wp-json\/wp\/v2\/media\/168161"}],"wp:attachment":[{"href":"https:\/\/gpl-love.com\/es\/wp-json\/wp\/v2\/media?parent=126638"}],"wp:term":[{"taxonomy":"product_brand","embeddable":true,"href":"https:\/\/gpl-love.com\/es\/wp-json\/wp\/v2\/product_brand?post=126638"},{"taxonomy":"product_cat","embeddable":true,"href":"https:\/\/gpl-love.com\/es\/wp-json\/wp\/v2\/product_cat?post=126638"},{"taxonomy":"product_tag","embeddable":true,"href":"https:\/\/gpl-love.com\/es\/wp-json\/wp\/v2\/product_tag?post=126638"}],"curies":[{"name":"wp","href":"https:\/\/api.w.org\/{rel}","templated":true}]}}