{"id":126637,"date":"2026-03-06T00:00:00","date_gmt":"2026-03-06T05:00:00","guid":{"rendered":"https:\/\/gpl-love.com\/es\/producto\/woocommerce-mix-y-match-products\/"},"modified":"2026-03-09T08:22:56","modified_gmt":"2026-03-09T13:22:56","slug":"woocommerce-mix-y-match-products","status":"publish","type":"product","link":"https:\/\/gpl-love.com\/es\/producto\/woocommerce-mix-y-match-products\/","title":{"rendered":"WooCommerce Mix y Match Products 2.8.6"},"content":{"rendered":"<h3>WooCommerce Mix y Match Products Caracteristicas<\/h3>\n<p>El complemento WooCommerce Mix and Match Products es una herramienta altamente vers\u00e1til y multifac\u00e9tica que otorga a los propietarios de tiendas en l\u00ednea la capacidad de crear y comercializar los paquetes de productos personalizados sin esfuerzo. Con la ayuda de este complemento excepcional, los clientes reciben la libertad de mezclar y combinar armoniosamente una variedad de productos de acuerdo con sus deseos \u00fanicos y, en \u00faltima instancia. . Como una ventaja adicional, el complemento en s\u00ed es notablemente f\u00e1cil de usar y directo para configurar y personalizar, ya que proporciona una gran cantidad de opciones din\u00e1micas que satisfacen las necesidades y preferencias individuales de cada negocio. Estas opciones incluyen, entre otros, la capacidad de establecer cantidades m\u00ednimas y m\u00e1ximas para cada producto, la capacidad de ofrecer descuentos fijos o basados \u200b\u200ben porcentaje dependiendo del resultado deseado y la capacidad de habilitar o deshabilitar productos espec\u00edficos Al participar en el proceso de mezcla y coincidencia. En consecuencia, este complemento es un recurso invaluable para las empresas que est\u00e1n ansiosas por reforzar sus cifras de ventas presentando ofertas de paquetes atractivos a su estimada base de clientes.<\/p>\n<ul>\n<li>Cree un producto de mezcla y coincida para su tienda WooCommerce con facilidad.<\/li>\n<li>Permite a los clientes crear paquetes de productos personalizados.<\/li>\n<li>Establezca reglas espec\u00edficas para las que los productos se pueden agrupar.<\/li>\n<li>Opciones de precios: establezca un precio fijo o permita a los clientes elegir su propio precio.<\/li>\n<li>Muestre productos agrupados como un producto separado en su tienda.<\/li>\n<li>Realice un seguimiento del inventario para productos de paquete.<\/li>\n<li>Compatible con WooCommerce y todas sus extensiones.<\/li>\n<li>Instalaci\u00f3n e integraci\u00f3n f\u00e1cil en su tienda existente.<\/li>\n<\/ul>\n","protected":false},"excerpt":{"rendered":"<p>El complemento WooCommerce Mix and Match Products es una herramienta incre\u00edblemente robusta y din\u00e1mica que permite a los minoristas en l\u00ednea proporcionar a su clientela la opci\u00f3n de personalizar y personalizar sus compras. Este complemento excepcional permite a los clientes combinar y amalgamarse sin esfuerzo varios productos, lo que les brinda la oportunidad de curar paquetes verdaderamente distintivos y exclusivos. Adem\u00e1s, este ingenioso complemento facilita simult\u00e1neamente la gesti\u00f3n perfecta de los precios e inventario para cada producto individual, otorgando as\u00ed a los propietarios de tiendas una conveniencia y control incomparables. En consecuencia, este complemento notablemente vers\u00e1til es particularmente adecuado para las empresas que se especializan en la venta de mercanc\u00edas personalizables, como canastas de regalo, cajas de suscripci\u00f3n o kits de bricolaje. Adem\u00e1s, este complemento f\u00e1cil de usar cuenta con una interfaz intuitivamente navegable y opciones de personalizaci\u00f3n integrales, lo que lo hace altamente adaptable para satisfacer las necesidades y preferencias \u00fanicas de los minoristas. Se garantiza que la implementaci\u00f3n de este complemento extraordinario resultar\u00e1 en un aumento significativo en las cifras de ventas y la satisfacci\u00f3n del cliente, ya que permite a los compradores curar productos hechos a medida que se alinean perfectamente con sus deseos y requisitos.<\/p>\n","protected":false},"featured_media":168160,"comment_status":"open","ping_status":"open","template":"","meta":[],"product_brand":[2344],"product_cat":[1208,1207,1206],"product_tag":[1423],"class_list":{"0":"post-126637","1":"product","2":"type-product","3":"status-publish","4":"has-post-thumbnail","6":"product_brand-woocommerce","7":"product_cat-administracion","8":"product_cat-comercio-electronico-plugins","9":"product_cat-plugins","10":"product_tag-woocommerce","11":"member-discount","12":"discount-restricted","14":"first","15":"instock","16":"sale","17":"downloadable","18":"virtual","19":"sold-individually","20":"purchasable","21":"product-type-simple"},"_links":{"self":[{"href":"https:\/\/gpl-love.com\/es\/wp-json\/wp\/v2\/product\/126637","targetHints":{"allow":["GET"]}}],"collection":[{"href":"https:\/\/gpl-love.com\/es\/wp-json\/wp\/v2\/product"}],"about":[{"href":"https:\/\/gpl-love.com\/es\/wp-json\/wp\/v2\/types\/product"}],"replies":[{"embeddable":true,"href":"https:\/\/gpl-love.com\/es\/wp-json\/wp\/v2\/comments?post=126637"}],"wp:featuredmedia":[{"embeddable":true,"href":"https:\/\/gpl-love.com\/es\/wp-json\/wp\/v2\/media\/168160"}],"wp:attachment":[{"href":"https:\/\/gpl-love.com\/es\/wp-json\/wp\/v2\/media?parent=126637"}],"wp:term":[{"taxonomy":"product_brand","embeddable":true,"href":"https:\/\/gpl-love.com\/es\/wp-json\/wp\/v2\/product_brand?post=126637"},{"taxonomy":"product_cat","embeddable":true,"href":"https:\/\/gpl-love.com\/es\/wp-json\/wp\/v2\/product_cat?post=126637"},{"taxonomy":"product_tag","embeddable":true,"href":"https:\/\/gpl-love.com\/es\/wp-json\/wp\/v2\/product_tag?post=126637"}],"curies":[{"name":"wp","href":"https:\/\/api.w.org\/{rel}","templated":true}]}}