{"id":126636,"date":"2021-05-13T00:00:00","date_gmt":"2021-05-13T05:00:00","guid":{"rendered":"https:\/\/gpl-love.com\/es\/producto\/woocommerce-min-max-quantity-y-step-control\/"},"modified":"2026-04-10T11:32:36","modified_gmt":"2026-04-10T16:32:36","slug":"woocommerce-min-max-quantity-y-step-control","status":"publish","type":"product","link":"https:\/\/gpl-love.com\/es\/producto\/woocommerce-min-max-quantity-y-step-control\/","title":{"rendered":"WooCommerce Min Max Quantity y Step Control 1.8.7"},"content":{"rendered":"<h3>WooCommerce Min Max Quantity y Step Control Caracteristicas<\/h3>\n<p>El complemento WooCommerce Min Max Cantity y Step Control es una herramienta incre\u00edblemente robusta que se ha creado meticulosamente para proporcionar a los usuarios un medio perfecto y eficiente para administrar las cantidades de pedido m\u00ednimo y m\u00e1ximo de sus tiendas en l\u00ednea. Al implementar este complemento excepcional, los propietarios de las tiendas de WooCommerce est\u00e1n facultados para establecer sin esfuerzo un umbral de cantidad m\u00ednima y m\u00e1xima para cada producto individual, facilitando as\u00ed un nivel elevado de gesti\u00f3n de inventario y servir como un medio para evitar que los clientes sean excesivamente o inadecuados elementos de pedido. Adem\u00e1s, este complemento notable ofrece a los usuarios la invaluable oportunidad de configurar los pasos de la cantidad del producto, otorgando as\u00ed a los clientes la capacidad de pedir art\u00edculos de una manera incremental altamente espec\u00edfica. Sin lugar a dudas, esta caracter\u00edstica es de tremenda utilidad cuando se trata de la gesti\u00f3n de acciones, racionalizando el procedimiento de pago y, en \u00faltima instancia, mejora la satisfacci\u00f3n general de los clientes. A la luz de estas ventajas innegables, est\u00e1 muy claro que el complemento WooCommerce Min Max Cantity y Step Control es un activo indispensable para cualquier propietario de la tienda exigente que busca optimizar su proceso de pedido y reforzar la experiencia general de su estimada clientela.<\/p>\n<ul>\n<li>Le permite establecer f\u00e1cilmente cantidades de pedido m\u00ednimo y m\u00e1ximo para productos en su tienda WooCommerce<\/li>\n<li>Controla el tama\u00f1o de paso para sumar o restar elementos a\/desde el carrito<\/li>\n<li>Proporciona una interfaz intuitiva para administrar restricciones de cantidad en todo su cat\u00e1logo de productos<\/li>\n<li>Le permite evitar que los clientes compren muy pocos o demasiados art\u00edculos en particular, mejorando la gesti\u00f3n de inventario y reduciendo los desechos<\/li>\n<li>Ahorra tiempo automatizando tareas relacionadas con la cantidad que de otro modo deber\u00edan realizarse manualmente<\/li>\n<li>Ayuda a aumentar la satisfacci\u00f3n del cliente asegurando que puedan pedir la cantidad exacta de productos que necesitan, en lugar de tener que redondear o bajar<\/li>\n<li>Funciona sin problemas con otros complementos y extensiones de WooCommerce, asegurando la compatibilidad y la facilidad de uso<\/li>\n<li>Actualizaciones y soporte regulares de nuestro equipo, asegurando que el complemento permanezca actualizado con las \u00faltimas versiones de WordPress y WooCommerce.<\/li>\n<\/ul>\n","protected":false},"excerpt":{"rendered":"<p>Este complemento incre\u00edblemente \u00fatil proporciona a los propietarios de tiendas que usan WooCommerce con la capacidad de establecer cantidades m\u00ednimas y m\u00e1ximas para sus productos, al tiempo que les otorga la potencia para definir los pasos de cantidad que los clientes deben seguir al hacer una compra. Al utilizar estos controles integrales, los propietarios de tiendas pueden mantener sin esfuerzo su inventario y disuadir efectivamente a los clientes de los productos espec\u00edficos o subrayados. Sin lugar a dudas, esta herramienta indispensable es una necesidad absoluta para cualquier propietario de la tienda que le otorgue gran importancia a la consistencia y los esfuerzos del producto para garantizar la m\u00e1xima satisfacci\u00f3n del cliente.<\/p>\n","protected":false},"featured_media":168159,"comment_status":"open","ping_status":"open","template":"","meta":[],"product_brand":[2339],"product_cat":[1208,1207,1206],"product_tag":[1256],"class_list":{"0":"post-126636","1":"product","2":"type-product","3":"status-publish","4":"has-post-thumbnail","6":"product_brand-codecanyon","7":"product_cat-administracion","8":"product_cat-comercio-electronico-plugins","9":"product_cat-plugins","10":"product_tag-codecanyon","11":"member-discount","12":"discount-restricted","14":"first","15":"instock","16":"sale","17":"downloadable","18":"virtual","19":"sold-individually","20":"purchasable","21":"product-type-simple"},"_links":{"self":[{"href":"https:\/\/gpl-love.com\/es\/wp-json\/wp\/v2\/product\/126636","targetHints":{"allow":["GET"]}}],"collection":[{"href":"https:\/\/gpl-love.com\/es\/wp-json\/wp\/v2\/product"}],"about":[{"href":"https:\/\/gpl-love.com\/es\/wp-json\/wp\/v2\/types\/product"}],"replies":[{"embeddable":true,"href":"https:\/\/gpl-love.com\/es\/wp-json\/wp\/v2\/comments?post=126636"}],"wp:featuredmedia":[{"embeddable":true,"href":"https:\/\/gpl-love.com\/es\/wp-json\/wp\/v2\/media\/168159"}],"wp:attachment":[{"href":"https:\/\/gpl-love.com\/es\/wp-json\/wp\/v2\/media?parent=126636"}],"wp:term":[{"taxonomy":"product_brand","embeddable":true,"href":"https:\/\/gpl-love.com\/es\/wp-json\/wp\/v2\/product_brand?post=126636"},{"taxonomy":"product_cat","embeddable":true,"href":"https:\/\/gpl-love.com\/es\/wp-json\/wp\/v2\/product_cat?post=126636"},{"taxonomy":"product_tag","embeddable":true,"href":"https:\/\/gpl-love.com\/es\/wp-json\/wp\/v2\/product_tag?post=126636"}],"curies":[{"name":"wp","href":"https:\/\/api.w.org\/{rel}","templated":true}]}}