{"id":126633,"date":"2025-07-29T00:00:00","date_gmt":"2025-07-29T05:00:00","guid":{"rendered":"https:\/\/gpl-love.com\/es\/producto\/woocommerce-measurement-price-calculator\/"},"modified":"2026-04-10T11:32:33","modified_gmt":"2026-04-10T16:32:33","slug":"woocommerce-measurement-price-calculator","status":"publish","type":"product","link":"https:\/\/gpl-love.com\/es\/producto\/woocommerce-measurement-price-calculator\/","title":{"rendered":"WooCommerce Measurement Price Calculator 3.23.9"},"content":{"rendered":"<h3>WooCommerce Measurement Price Calculator Caracteristicas<\/h3>\n<p>La calculadora de precios de medici\u00f3n de WooCommerce, una herramienta extraordinariamente robusta, le proporciona la capacidad perfecta de establecer sin esfuerzo regulaciones de precios personalizadas para sus productos que dependen de sus medidas. Equipado con este complemento, puede configurar sin esfuerzo un sistema de precios din\u00e1micos que depende del peso, las dimensiones, el \u00e1rea o el volumen, lo que le permite ofrecer precios diferentes para tama\u00f1os variantes o cantidades de productos id\u00e9nticos. El complemento en s\u00ed es f\u00e1cil de usar, y le otorga la libertad de personalizar sus regulaciones de precios para alinearse con sus necesidades expl\u00edcitas. Independientemente de si est\u00e1 expendiendo productos sobre la base del peso o el volumen, o simplemente aspira a presentar precios escalonados contingentes sobre el tama\u00f1o, la calculadora de precios de medici\u00f3n de WooCommerce constituye una herramienta indispensablemente esencial para cada tienda en l\u00ednea.<\/p>\n<ul>\n<li>Calcule f\u00e1cilmente los precios seg\u00fan las mediciones de sus productos WooCommerce<\/li>\n<li>Unidades de medici\u00f3n personalizables para longitud, altura, ancho, volumen y peso<\/li>\n<li>Admite m\u00faltiples f\u00f3rmulas de precios para diferentes rangos de medici\u00f3n<\/li>\n<li>Crear tablas de precios para que los clientes vean c\u00f3mo las mediciones afectan los precios<\/li>\n<li>Interfaz de usuario intuitiva para una f\u00e1cil configuraci\u00f3n y personalizaci\u00f3n<\/li>\n<li>Compatible con una variedad de tipos de productos de WooCommerce, incluidos productos variables y suscripciones<\/li>\n<li>Elimina la necesidad de c\u00e1lculo manual de precios, ahorra tiempo y reduce los errores<\/li>\n<li>Proporciona precios precisos para productos con requisitos de medici\u00f3n complejos<\/li>\n<li>Se puede utilizar para productos f\u00edsicos y digitales, como ropa a medida o software descargable.<\/li>\n<li>Funciona sin problemas con otros complementos y temas de WooCommerce para una experiencia cohesiva de comercio electr\u00f3nico.<\/li>\n<\/ul>\n","protected":false},"excerpt":{"rendered":"<p>La calculadora de precios de medici\u00f3n de WooCommerce es un complemento incre\u00edblemente robusto que le otorga la capacidad sin esfuerzo para vender la mercanc\u00eda que tiene un precio de acuerdo con la medici\u00f3n. Ya sea que su inventario consta de elementos como revestimientos de piso, textiles o revestimientos de pared, este complemento le brinda la oportunidad de establecer par\u00e1metros de precios fundados en sus propias mediciones a medida. El pante\u00f3n de los tipos de medici\u00f3n disponibles para la selecci\u00f3n es de amplio alcance, opciones que abarca como \u00e1rea, volumen o peso, y las pantallas de precios consecuentes se generan autom\u00e1ticamente en respuesta a la entrada proporcionada por el cliente. Al incorporar la calculadora de precios de medici\u00f3n de WooCommerce en su plataforma de comercio electr\u00f3nico, puede proporcionar a su clientela una experiencia de compra suave y simplificada que sea propicio para aumentar sus cifras generales de ventas.<\/p>\n","protected":false},"featured_media":168156,"comment_status":"open","ping_status":"open","template":"","meta":[],"product_brand":[2344],"product_cat":[1207,1248,1206],"product_tag":[1423],"class_list":{"0":"post-126633","1":"product","2":"type-product","3":"status-publish","4":"has-post-thumbnail","6":"product_brand-woocommerce","7":"product_cat-comercio-electronico-plugins","8":"product_cat-personalizacion-comercio-electronico-plugins","9":"product_cat-plugins","10":"product_tag-woocommerce","11":"member-discount","12":"discount-restricted","14":"first","15":"instock","16":"sale","17":"downloadable","18":"virtual","19":"sold-individually","20":"purchasable","21":"product-type-simple"},"_links":{"self":[{"href":"https:\/\/gpl-love.com\/es\/wp-json\/wp\/v2\/product\/126633","targetHints":{"allow":["GET"]}}],"collection":[{"href":"https:\/\/gpl-love.com\/es\/wp-json\/wp\/v2\/product"}],"about":[{"href":"https:\/\/gpl-love.com\/es\/wp-json\/wp\/v2\/types\/product"}],"replies":[{"embeddable":true,"href":"https:\/\/gpl-love.com\/es\/wp-json\/wp\/v2\/comments?post=126633"}],"wp:featuredmedia":[{"embeddable":true,"href":"https:\/\/gpl-love.com\/es\/wp-json\/wp\/v2\/media\/168156"}],"wp:attachment":[{"href":"https:\/\/gpl-love.com\/es\/wp-json\/wp\/v2\/media?parent=126633"}],"wp:term":[{"taxonomy":"product_brand","embeddable":true,"href":"https:\/\/gpl-love.com\/es\/wp-json\/wp\/v2\/product_brand?post=126633"},{"taxonomy":"product_cat","embeddable":true,"href":"https:\/\/gpl-love.com\/es\/wp-json\/wp\/v2\/product_cat?post=126633"},{"taxonomy":"product_tag","embeddable":true,"href":"https:\/\/gpl-love.com\/es\/wp-json\/wp\/v2\/product_tag?post=126633"}],"curies":[{"name":"wp","href":"https:\/\/api.w.org\/{rel}","templated":true}]}}