{"id":126632,"date":"2022-02-17T00:00:00","date_gmt":"2022-02-17T05:00:00","guid":{"rendered":"https:\/\/gpl-love.com\/es\/producto\/woocommerce-mailchimp-discount\/"},"modified":"2026-04-10T11:32:32","modified_gmt":"2026-04-10T16:32:32","slug":"woocommerce-mailchimp-discount","status":"publish","type":"product","link":"https:\/\/gpl-love.com\/es\/producto\/woocommerce-mailchimp-discount\/","title":{"rendered":"WooCommerce Mailchimp Discount 4.1"},"content":{"rendered":"<h3>WooCommerce Mailchimp Discount Caracteristicas<\/h3>\n<p>El complemento de descuento de WooCommerce MailChimp es una herramienta altamente efectiva y robusta que permite a las empresas mejorar sus ventas y tarifas de retenci\u00f3n de clientes al proporcionar descuentos atractivos a sus suscriptores de MailChimp. A trav\u00e9s de la utilizaci\u00f3n de este complemento, los propietarios de tiendas poseen la capacidad de generar c\u00f3digos de descuento personalizados y ajustables que se implementan autom\u00e1ticamente en la compra de un cliente. En consecuencia, esto no solo sirve para estimular las compras repetidas, sino que tambi\u00e9n act\u00faa como un catalizador para que los clientes compartan sus experiencias positivas con los dem\u00e1s, amplificando as\u00ed la conciencia de la marca y fomentando un sentido fortalecido de lealtad. Adem\u00e1s, adem\u00e1s de estas caracter\u00edsticas, el complemento tambi\u00e9n comprende una variedad de funcionalidades avanzadas de informes y an\u00e1lisis, lo que permite a las empresas monitorear meticulosamente el triunfo de sus campa\u00f1as y tomar decisiones informadas basadas en datos, mejorando a\u00fan m\u00e1s sus esfuerzos de marketing. A fin de cuentas, el complemento de descuento de WooCommerce MailChimp es un activo indispensable para cualquier empresa que se esfuerce por elevar sus ventas y aumentar la participaci\u00f3n del cliente.<\/p>\n<ul>\n<li>C\u00f3digos de descuento generados autom\u00e1ticamente y sincronizados entre WooCommerce y MailChimp<\/li>\n<li>Configuraci\u00f3n e integraci\u00f3n f\u00e1cil con ambas plataformas<\/li>\n<li>Capacidad para crear y personalizar c\u00f3digos de descuento \u00fanicos para cada suscriptor<\/li>\n<li>Opci\u00f3n para establecer fechas de vencimiento o l\u00edmites de uso para c\u00f3digos de descuento<\/li>\n<li>Notificaci\u00f3n autom\u00e1tica de correo electr\u00f3nico a suscriptores con su c\u00f3digo de descuento personalizado<\/li>\n<li>Seguimiento e informes en tiempo real de la redenci\u00f3n y el uso de c\u00f3digos de descuento<\/li>\n<li>Aumento de la lealtad y participaci\u00f3n del cliente al incentivar las compras con descuentos exclusivos<\/li>\n<li>Aumente en ventas e ingresos a trav\u00e9s de campa\u00f1as espec\u00edficas de marketing por correo electr\u00f3nico utilizando c\u00f3digos de descuento personalizados.<\/li>\n<\/ul>\n","protected":false},"excerpt":{"rendered":"<p>El complemento de descuento de WooCommerce MailChimp es una herramienta incre\u00edblemente formidable e influyente que se integra perfectamente con su tienda WooCommerce y la plataforma de marketing de correo electr\u00f3nico de MailChimp. Al utilizar este complemento, tiene la capacidad de proporcionar descuentos personalizados sin esfuerzo a sus suscriptores, monitorear y analizar meticulosamente el rendimiento de sus campa\u00f1as de correo electr\u00f3nico y, en \u00faltima instancia, mejorar sus ventas implementando promociones espec\u00edficas. Adem\u00e1s, este complemento le otorga la oportunidad de establecer reglas de segmentaci\u00f3n intrincadas que se basen en el comportamiento de sus clientes, el historial de compras y varias otras m\u00e9tricas, lo que garantiza que sus descuentos se distribuyan efectivamente a la audiencia apropiada. Independientemente de si aspira a estimular las ventas, fomentar la lealtad de la marca o expandir su lista de correo electr\u00f3nico, el complemento de descuento de WooCommerce MailChimp representa indudablemente un activo vital e indispensable para cualquier persona que posea una tienda WooCommerce y busca optimizar su estrategia de marketing por correo electr\u00f3nico.<\/p>\n","protected":false},"featured_media":168155,"comment_status":"open","ping_status":"open","template":"","meta":[],"product_brand":[2339],"product_cat":[1207,1225,1206],"product_tag":[1256],"class_list":{"0":"post-126632","1":"product","2":"type-product","3":"status-publish","4":"has-post-thumbnail","6":"product_brand-codecanyon","7":"product_cat-comercio-electronico-plugins","8":"product_cat-marketing","9":"product_cat-plugins","10":"product_tag-codecanyon","11":"member-discount","12":"discount-restricted","14":"first","15":"instock","16":"sale","17":"downloadable","18":"virtual","19":"sold-individually","20":"purchasable","21":"product-type-simple"},"_links":{"self":[{"href":"https:\/\/gpl-love.com\/es\/wp-json\/wp\/v2\/product\/126632","targetHints":{"allow":["GET"]}}],"collection":[{"href":"https:\/\/gpl-love.com\/es\/wp-json\/wp\/v2\/product"}],"about":[{"href":"https:\/\/gpl-love.com\/es\/wp-json\/wp\/v2\/types\/product"}],"replies":[{"embeddable":true,"href":"https:\/\/gpl-love.com\/es\/wp-json\/wp\/v2\/comments?post=126632"}],"wp:featuredmedia":[{"embeddable":true,"href":"https:\/\/gpl-love.com\/es\/wp-json\/wp\/v2\/media\/168155"}],"wp:attachment":[{"href":"https:\/\/gpl-love.com\/es\/wp-json\/wp\/v2\/media?parent=126632"}],"wp:term":[{"taxonomy":"product_brand","embeddable":true,"href":"https:\/\/gpl-love.com\/es\/wp-json\/wp\/v2\/product_brand?post=126632"},{"taxonomy":"product_cat","embeddable":true,"href":"https:\/\/gpl-love.com\/es\/wp-json\/wp\/v2\/product_cat?post=126632"},{"taxonomy":"product_tag","embeddable":true,"href":"https:\/\/gpl-love.com\/es\/wp-json\/wp\/v2\/product_tag?post=126632"}],"curies":[{"name":"wp","href":"https:\/\/api.w.org\/{rel}","templated":true}]}}