{"id":126631,"date":"2023-05-17T00:00:00","date_gmt":"2023-05-17T05:00:00","guid":{"rendered":"https:\/\/gpl-love.com\/es\/producto\/woocommerce-lucky-wheel\/"},"modified":"2026-04-10T11:32:31","modified_gmt":"2026-04-10T16:32:31","slug":"woocommerce-lucky-wheel","status":"publish","type":"product","link":"https:\/\/gpl-love.com\/es\/producto\/woocommerce-lucky-wheel\/","title":{"rendered":"WooCommerce Lucky Wheel 1.1.12"},"content":{"rendered":"<h3>WooCommerce Lucky Wheel Caracteristicas<\/h3>\n<p>WooCommerce Lucky Wheel sirve como una herramienta de marketing innovadora y efectiva que tiene como objetivo mejorar la participaci\u00f3n del cliente e impulsar las ventas para su tienda en l\u00ednea. Este notable complemento integra sin problemas un componente cautivador e interactivo en su sitio web, presentando a los clientes una deliciosa rueca de giro que pueden comprometerse ansiosamente con la esperanza de obtener descuentos atractivos, valiosos cupones o incluso premios deseables. La versatilidad de este complemento es realmente encomiable, ya que le otorga la capacidad de personalizar y adaptar completamente las recompensas, los esquemas de color y los segmentos de las ruedas para alinearse impecablemente con su identidad de marca \u00fanica. Adem\u00e1s, posee el poder de establecer y hacer cumplir las reglas y limitaciones para la rueda, como imponer un n\u00famero m\u00e1ximo de giros por cliente o restringir selectivamente su uso a productos espec\u00edficos. Armado con estas caracter\u00edsticas notables, esta herramienta formidable incentiva efectivamente a los clientes a completar una compra, fomentando as\u00ed un mayor sentido de lealtad entre su valiosa clientela.<\/p>\n<ul>\n<li>Aumente la participaci\u00f3n del cliente ofreciendo una forma divertida e interactiva de ganar descuentos o productos gratuitos<\/li>\n<li>Dise\u00f1o de ruedas de suerte totalmente personalizable para que coincida con su marca y sitio web<\/li>\n<li>Amplia variedad de opciones de personalizaci\u00f3n para las recompensas ofrecidas en la rueda<\/li>\n<li>F\u00e1cil integraci\u00f3n con la plataforma WooCommerce<\/li>\n<li>Herramientas completas de informes y an\u00e1lisis para rastrear el compromiso y las conversiones<\/li>\n<li>Opciones de entrada m\u00faltiples para que los clientes participen en la rueda Lucky<\/li>\n<li>Dise\u00f1o de respuesta m\u00f3vil para clientes en la marcha<\/li>\n<li>Notificaci\u00f3n autom\u00e1tica por correo electr\u00f3nico para los clientes cuando ganan<\/li>\n<li>Configuraci\u00f3n simple e interfaz f\u00e1cil de usar para una f\u00e1cil operaci\u00f3n<\/li>\n<li>Actualizaciones y soporte regulares para garantizar una experiencia de usuario fluida<\/li>\n<\/ul>\n","protected":false},"excerpt":{"rendered":"<p>WooCommerce Lucky Wheel representa una herramienta de marketing pionera que incorpora un aspecto de imprevisibilidad y entusiasmo para su establecimiento comercial en l\u00ednea. Mediante este complemento cautivador, los clientes poseen la oportunidad de girar una rueda y obtener una variedad de reducciones de precios o propuestas exclusivas. Todo lo que necesita hacer es personalizar la rueda de la suerte de acuerdo con sus beneficios preferidos y preferencias de activaci\u00f3n, \u00a1posteriormente observando sus cifras de ventas sobre el aumento y la participaci\u00f3n del cliente! Esta notable herramienta resulta ideal para la implementaci\u00f3n durante ocasiones como unidades de ventas estacionales, promociones espont\u00e1neas, o incluso como un token generoso de agradecimiento extendido a la nueva clientela. \u00a1Adquiere WooCommerce Lucky Wheel hoy y comience el proceso de transformar un mayor n\u00famero de visitantes del sitio web en clientes dedicados y dedicados!<\/p>\n","protected":false},"featured_media":168154,"comment_status":"open","ping_status":"open","template":"","meta":[],"product_brand":[2339],"product_cat":[1207,1248,1206],"product_tag":[1256],"class_list":{"0":"post-126631","1":"product","2":"type-product","3":"status-publish","4":"has-post-thumbnail","6":"product_brand-codecanyon","7":"product_cat-comercio-electronico-plugins","8":"product_cat-personalizacion-comercio-electronico-plugins","9":"product_cat-plugins","10":"product_tag-codecanyon","11":"member-discount","12":"discount-restricted","14":"first","15":"instock","16":"sale","17":"downloadable","18":"virtual","19":"sold-individually","20":"purchasable","21":"product-type-simple"},"_links":{"self":[{"href":"https:\/\/gpl-love.com\/es\/wp-json\/wp\/v2\/product\/126631","targetHints":{"allow":["GET"]}}],"collection":[{"href":"https:\/\/gpl-love.com\/es\/wp-json\/wp\/v2\/product"}],"about":[{"href":"https:\/\/gpl-love.com\/es\/wp-json\/wp\/v2\/types\/product"}],"replies":[{"embeddable":true,"href":"https:\/\/gpl-love.com\/es\/wp-json\/wp\/v2\/comments?post=126631"}],"wp:featuredmedia":[{"embeddable":true,"href":"https:\/\/gpl-love.com\/es\/wp-json\/wp\/v2\/media\/168154"}],"wp:attachment":[{"href":"https:\/\/gpl-love.com\/es\/wp-json\/wp\/v2\/media?parent=126631"}],"wp:term":[{"taxonomy":"product_brand","embeddable":true,"href":"https:\/\/gpl-love.com\/es\/wp-json\/wp\/v2\/product_brand?post=126631"},{"taxonomy":"product_cat","embeddable":true,"href":"https:\/\/gpl-love.com\/es\/wp-json\/wp\/v2\/product_cat?post=126631"},{"taxonomy":"product_tag","embeddable":true,"href":"https:\/\/gpl-love.com\/es\/wp-json\/wp\/v2\/product_tag?post=126631"}],"curies":[{"name":"wp","href":"https:\/\/api.w.org\/{rel}","templated":true}]}}