{"id":126629,"date":"2022-04-03T00:00:00","date_gmt":"2022-04-03T05:00:00","guid":{"rendered":"https:\/\/gpl-love.com\/es\/producto\/woocommerce-lookbook\/"},"modified":"2026-04-10T11:32:29","modified_gmt":"2026-04-10T16:32:29","slug":"woocommerce-lookbook","status":"publish","type":"product","link":"https:\/\/gpl-love.com\/es\/producto\/woocommerce-lookbook\/","title":{"rendered":"WooCommerce LookBook 1.1.10"},"content":{"rendered":"<h3>WooCommerce LookBook Caracteristicas<\/h3>\n<p>WooCommerce Lookbook es una herramienta incre\u00edblemente robusta y potente que faculta a las empresas para elaborar eficazmente los lookbooks visualmente cautivadores para su diversa gama de productos. A trav\u00e9s de la utilizaci\u00f3n del Lookbook, a los usuarios se les otorga la capacidad de generar sin problemas una exquisita galer\u00eda que muestra sus productos, todo mientras los presenta de manera atractiva e interactiva. El complemento en s\u00ed se jacta de su naturaleza f\u00e1cil de usar, ya que se jacta de una interfaz de arrastrar y soltar intuitivamente, simplificando as\u00ed el proceso de incorporar varios elementos en su lookbook, como productos, im\u00e1genes y m\u00e1s. Adem\u00e1s, las empresas tambi\u00e9n pueden crear m\u00faltiples miradores que se adapten a diferentes aspectos, como productos, estaciones o eventos, lo que les permite adaptar la apariencia y la atm\u00f3sfera de cada uno de acuerdo con sus preferencias y requisitos \u00fanicos. Adem\u00e1s, es crucial tener en cuenta que Lookbook tambi\u00e9n abarca una amplia gama de caracter\u00edsticas, incluidos los efectos de desplazamiento, las capacidades de zoom y las opciones de intercambio social, todas las cuales contribuyen a aumentar a\u00fan m\u00e1s la experiencia general del usuario. Independientemente de si est\u00e1 operando una tienda minorista de moda, una marca de belleza o cualquier otro tipo de tienda en l\u00ednea, es innegable que WooCommerce Lookbook sirva como una herramienta excepcional e invaluable que le permite mostrar de manera efectiva sus productos de una manera est\u00e9ticamente agradable de que cautiva y atrae a su p\u00fablico objetivo.<\/p>\n<ul>\n<li>Una forma conveniente e intuitiva de mostrar sus productos de una manera visualmente atractiva<\/li>\n<li>Una herramienta flexible que le permite crear m\u00faltiples lookbooks con diferentes temas y estilos<\/li>\n<li>Dise\u00f1os y dise\u00f1os personalizables para su marca y gama de productos<\/li>\n<li>Se integra sin problemas con WooCommerce, brind\u00e1ndole control completo sobre la selecci\u00f3n y gesti\u00f3n del producto<\/li>\n<li>Dise\u00f1o de respuesta para dispositivos m\u00f3viles que garantiza que sus lookbooks se vean muy bien en cualquier dispositivo<\/li>\n<li>An\u00e1lisis incorporado para rastrear el rendimiento y optimizar sus lookbooks con el tiempo<\/li>\n<li>Integraci\u00f3n con plataformas de redes sociales para facilitar compartir sus lookbooks con su audiencia<\/li>\n<li>F\u00e1cil de instalar y usar, con documentaci\u00f3n integral para comenzar r\u00e1pidamente<\/li>\n<\/ul>\n","protected":false},"excerpt":{"rendered":"<p>El complemento WooCommerce Lookbook es una herramienta incre\u00edblemente f\u00e1cil de usar que brinda la oportunidad de presentar sus ofertas de productos de una manera excepcionalmente atractiva visualmente. Al aprovechar el poder de este complemento, obtienes la capacidad de construir sin esfuerzo lookbooks y cat\u00e1logos que no solo son est\u00e9ticamente agradables, sino que tambi\u00e9n permiten a los clientes realizar compras sin problemas. Adem\u00e1s, la verdadera brillantez de este complemento radica en su completa personalizaci\u00f3n, lo que le permite alinearlo sin esfuerzo con la est\u00e9tica \u00fanica de su marca y enfatizar sin esfuerzo sus productos m\u00e1s populares y de alto rendimiento. En \u00faltima instancia, esta oferta excepcional sirve como la soluci\u00f3n ideal para los minoristas en l\u00ednea que buscan optimizar la experiencia de compra de sus clientes y, lo m\u00e1s importante, disparan sus cifras de ventas.<\/p>\n","protected":false},"featured_media":168152,"comment_status":"open","ping_status":"open","template":"","meta":[],"product_brand":[2339],"product_cat":[1207,1248,1206],"product_tag":[1256],"class_list":{"0":"post-126629","1":"product","2":"type-product","3":"status-publish","4":"has-post-thumbnail","6":"product_brand-codecanyon","7":"product_cat-comercio-electronico-plugins","8":"product_cat-personalizacion-comercio-electronico-plugins","9":"product_cat-plugins","10":"product_tag-codecanyon","11":"member-discount","12":"discount-restricted","14":"first","15":"instock","16":"sale","17":"downloadable","18":"virtual","19":"sold-individually","20":"purchasable","21":"product-type-simple"},"_links":{"self":[{"href":"https:\/\/gpl-love.com\/es\/wp-json\/wp\/v2\/product\/126629","targetHints":{"allow":["GET"]}}],"collection":[{"href":"https:\/\/gpl-love.com\/es\/wp-json\/wp\/v2\/product"}],"about":[{"href":"https:\/\/gpl-love.com\/es\/wp-json\/wp\/v2\/types\/product"}],"replies":[{"embeddable":true,"href":"https:\/\/gpl-love.com\/es\/wp-json\/wp\/v2\/comments?post=126629"}],"wp:featuredmedia":[{"embeddable":true,"href":"https:\/\/gpl-love.com\/es\/wp-json\/wp\/v2\/media\/168152"}],"wp:attachment":[{"href":"https:\/\/gpl-love.com\/es\/wp-json\/wp\/v2\/media?parent=126629"}],"wp:term":[{"taxonomy":"product_brand","embeddable":true,"href":"https:\/\/gpl-love.com\/es\/wp-json\/wp\/v2\/product_brand?post=126629"},{"taxonomy":"product_cat","embeddable":true,"href":"https:\/\/gpl-love.com\/es\/wp-json\/wp\/v2\/product_cat?post=126629"},{"taxonomy":"product_tag","embeddable":true,"href":"https:\/\/gpl-love.com\/es\/wp-json\/wp\/v2\/product_tag?post=126629"}],"curies":[{"name":"wp","href":"https:\/\/api.w.org\/{rel}","templated":true}]}}