{"id":126626,"date":"2025-11-15T00:00:00","date_gmt":"2025-11-15T05:00:00","guid":{"rendered":"https:\/\/gpl-love.com\/es\/producto\/woocommerce-license-manager\/"},"modified":"2026-03-09T08:22:38","modified_gmt":"2026-03-09T13:22:38","slug":"woocommerce-license-manager","status":"publish","type":"product","link":"https:\/\/gpl-love.com\/es\/producto\/woocommerce-license-manager\/","title":{"rendered":"WooCommerce License Manager 7.0.7"},"content":{"rendered":"<h3>WooCommerce License Manager Caracteristicas<\/h3>\n<p>El complemento de WooCommerce License Manager es una herramienta excepcionalmente \u00fatil que le permite manejar las licencias de manera competente para sus productos WooCommerce. Esta herramienta integral le permite generar y asignar licencias sin esfuerzo a sus productos, monitorear diligentemente ambas activaciones y desactivaciones, y establecer efectivamente las renovaciones de licencias automatizadas. Adem\u00e1s, el complemento cuenta con una variedad de opciones de personalizaci\u00f3n, que abarca la duraci\u00f3n de la licencia, las variaciones de precios y las alternativas de renovaci\u00f3n, lo que le otorga flexibilidad total para adaptar su marco de licencia. Adem\u00e1s, aprovechando este complemento, tiene la capacidad de formular claves de licencia personalizadas e imponer restricciones de acceso a productos espec\u00edficos en funci\u00f3n del estado de su licencia. En general, el gerente de licencias de WooCommerce sirve sin lugar a dudas como un activo indispensable para empresas dedicadas a la venta de productos digitales, ya que optimiza significativamente el intrincado proceso de gesti\u00f3n de licencias.<\/p>\n<ul>\n<li>Administre licencias para sus productos WooCommerce<\/li>\n<li>Generar y asignar claves de licencia \u00fanicas para cada cliente<\/li>\n<li>Controlar el n\u00famero de activaciones por licencia<\/li>\n<li>Establecer fechas de vencimiento autom\u00e1tica para licencias<\/li>\n<li>Permitir a los clientes desactivar y transferir licencias entre dispositivos<\/li>\n<li>Herramientas incorporadas para el uso y el estado de la licencia<\/li>\n<li>Se integra a la perfecci\u00f3n con su tienda WooCommerce<\/li>\n<li>Interfaz f\u00e1cil de usar para administrar licencias y clientes<\/li>\n<li>Aumente los ingresos vendiendo software y productos digitales con caracter\u00edsticas adicionales de gesti\u00f3n de licencias.<\/li>\n<\/ul>\n","protected":false},"excerpt":{"rendered":"<p>WooCommerce License Manager, un complemento inmensamente robusto, presenta una soluci\u00f3n sin esfuerzo para supervisar y vender licencias de software de manera eficiente dentro de su tienda WooCommerce. Al emplear este complemento, obtiene la capacidad de generar y asignar licencias a sus productos, establecer renovaciones automatizadas y monitorear meticulosamente las activaciones y desactivaciones de la licencia. Sin lugar a dudas, esta herramienta es absolutamente esencial para las personas que participan en la venta en l\u00ednea de productos o software digitales, simplificando el proceso de gesti\u00f3n de licencias mientras salvaguardan su propiedad intelectual. Independientemente de si usted es un desarrollador, un profesional independiente o un propietario de un negocio modesto, la integraci\u00f3n del gerente de licencias de WooCommerce en su tienda en l\u00ednea es una acci\u00f3n imperativa.<\/p>\n","protected":false},"featured_media":168148,"comment_status":"open","ping_status":"open","template":"","meta":[],"product_brand":[2339],"product_cat":[1207,1248,1206],"product_tag":[1256],"class_list":{"0":"post-126626","1":"product","2":"type-product","3":"status-publish","4":"has-post-thumbnail","6":"product_brand-codecanyon","7":"product_cat-comercio-electronico-plugins","8":"product_cat-personalizacion-comercio-electronico-plugins","9":"product_cat-plugins","10":"product_tag-codecanyon","11":"member-discount","12":"discount-restricted","14":"first","15":"instock","16":"sale","17":"downloadable","18":"virtual","19":"sold-individually","20":"purchasable","21":"product-type-simple"},"_links":{"self":[{"href":"https:\/\/gpl-love.com\/es\/wp-json\/wp\/v2\/product\/126626","targetHints":{"allow":["GET"]}}],"collection":[{"href":"https:\/\/gpl-love.com\/es\/wp-json\/wp\/v2\/product"}],"about":[{"href":"https:\/\/gpl-love.com\/es\/wp-json\/wp\/v2\/types\/product"}],"replies":[{"embeddable":true,"href":"https:\/\/gpl-love.com\/es\/wp-json\/wp\/v2\/comments?post=126626"}],"wp:featuredmedia":[{"embeddable":true,"href":"https:\/\/gpl-love.com\/es\/wp-json\/wp\/v2\/media\/168148"}],"wp:attachment":[{"href":"https:\/\/gpl-love.com\/es\/wp-json\/wp\/v2\/media?parent=126626"}],"wp:term":[{"taxonomy":"product_brand","embeddable":true,"href":"https:\/\/gpl-love.com\/es\/wp-json\/wp\/v2\/product_brand?post=126626"},{"taxonomy":"product_cat","embeddable":true,"href":"https:\/\/gpl-love.com\/es\/wp-json\/wp\/v2\/product_cat?post=126626"},{"taxonomy":"product_tag","embeddable":true,"href":"https:\/\/gpl-love.com\/es\/wp-json\/wp\/v2\/product_tag?post=126626"}],"curies":[{"name":"wp","href":"https:\/\/api.w.org\/{rel}","templated":true}]}}