{"id":126625,"date":"2026-01-24T00:00:00","date_gmt":"2026-01-24T05:00:00","guid":{"rendered":"https:\/\/gpl-love.com\/es\/producto\/woocommerce-lead-time\/"},"modified":"2026-04-10T11:32:26","modified_gmt":"2026-04-10T16:32:26","slug":"woocommerce-lead-time","status":"publish","type":"product","link":"https:\/\/gpl-love.com\/es\/producto\/woocommerce-lead-time\/","title":{"rendered":"WooCommerce Lead Time 2.2.0"},"content":{"rendered":"<h3>WooCommerce Lead Time Caracteristicas<\/h3>\n<p>El complemento de tiempo de entrega de WooCommerce es una herramienta incre\u00edblemente robusta y efectiva que se ha desarrollado espec\u00edficamente para ayudar a los propietarios de tiendas de comercio electr\u00f3nico a administrar eficientemente y efectivamente los tiempos de entrega de sus productos. Este complemento indispensable le permite especificar sin esfuerzo y con precisi\u00f3n el tiempo de entrega para cada producto individual dentro de su tienda. Al hacerlo, asegura que sus valiosos clientes est\u00e9n completamente informados y sean conscientes del tiempo de entrega estimado antes de finalizar su compra. Independientemente de si su tienda se enfoca en vender productos f\u00edsicos tangibles o descargas digitales, esta notable herramienta acelera sin esfuerzo el proceso de cumplimiento de su pedido, lo que resulta en una mayor satisfacci\u00f3n del cliente y las experiencias de compra en general en general. Sin lugar a dudas, el complemento de tiempo de entrega de WooCommerce es una necesidad absoluta para cualquier propietario de la tienda de comercio electr\u00f3nico que est\u00e9 comprometido a ofrecer una experiencia de compra sin problemas y sin problemas a sus estimados clientes.<\/p>\n<ul>\n<li>Proporciona tiempo de entrega estimado para la entrega de productos en la tienda WooCommerce<\/li>\n<li>Configuraci\u00f3n de tiempo de entrega personalizable para productos individuales o categor\u00edas de productos<\/li>\n<li>Capacidad para establecer el tiempo de entrega seg\u00fan la disponibilidad del producto o la distancia de env\u00edo<\/li>\n<li>Opci\u00f3n para mostrar la hora de entrega en las p\u00e1ginas de productos para que los clientes vean<\/li>\n<li>Ayuda a administrar las expectativas de los clientes para el cumplimiento del pedido<\/li>\n<li>Compatible con la mayor\u00eda de los temas y complementos de WooCommerce<\/li>\n<li>F\u00e1cil de instalar y usar con una interfaz f\u00e1cil de usar<\/li>\n<li>Ahorra tiempo y reduce los errores al automatizar los c\u00e1lculos del tiempo de entrega.<\/li>\n<\/ul>\n","protected":false},"excerpt":{"rendered":"<p>El complemento de tiempo de entrega de WooCommerce es una herramienta incre\u00edblemente robusta que enriquece enormemente la funcionalidad de su tienda en l\u00ednea al proporcionar una fecha de entrega aproximada para cada producto individual. Esta ingeniosa caracter\u00edstica facilita significativamente el proceso de planificaci\u00f3n para los clientes, lo que garantiza que sus pedidos lleguen puntualmente. Al emplear este complemento, establecer sin esfuerzo los plazos de entrega para cada producto se convierte en una realidad, lo que permite la personalizaci\u00f3n de las notificaciones de entrega para garantizar que sus valiosos clientes reciban informaci\u00f3n precisa y confiable. Independientemente de si su tienda en l\u00ednea se especializa en la distribuci\u00f3n de productos tangibles o intangibles, tenga la seguridad de que el tiempo de entrega de WooCommerce presenta la soluci\u00f3n definitiva para optimizar su sistema de gesti\u00f3n de pedidos, lo que finalmente conduce a una alt\u00edsima tasa de satisfacci\u00f3n del cliente.<\/p>\n","protected":false},"featured_media":168147,"comment_status":"open","ping_status":"open","template":"","meta":[],"product_brand":[2422],"product_cat":[1207,1248,1206],"product_tag":[1660],"class_list":{"0":"post-126625","1":"product","2":"type-product","3":"status-publish","4":"has-post-thumbnail","6":"product_brand-barn2","7":"product_cat-comercio-electronico-plugins","8":"product_cat-personalizacion-comercio-electronico-plugins","9":"product_cat-plugins","10":"product_tag-barn2","11":"member-discount","12":"discount-restricted","14":"first","15":"instock","16":"sale","17":"downloadable","18":"virtual","19":"sold-individually","20":"purchasable","21":"product-type-simple"},"_links":{"self":[{"href":"https:\/\/gpl-love.com\/es\/wp-json\/wp\/v2\/product\/126625","targetHints":{"allow":["GET"]}}],"collection":[{"href":"https:\/\/gpl-love.com\/es\/wp-json\/wp\/v2\/product"}],"about":[{"href":"https:\/\/gpl-love.com\/es\/wp-json\/wp\/v2\/types\/product"}],"replies":[{"embeddable":true,"href":"https:\/\/gpl-love.com\/es\/wp-json\/wp\/v2\/comments?post=126625"}],"wp:featuredmedia":[{"embeddable":true,"href":"https:\/\/gpl-love.com\/es\/wp-json\/wp\/v2\/media\/168147"}],"wp:attachment":[{"href":"https:\/\/gpl-love.com\/es\/wp-json\/wp\/v2\/media?parent=126625"}],"wp:term":[{"taxonomy":"product_brand","embeddable":true,"href":"https:\/\/gpl-love.com\/es\/wp-json\/wp\/v2\/product_brand?post=126625"},{"taxonomy":"product_cat","embeddable":true,"href":"https:\/\/gpl-love.com\/es\/wp-json\/wp\/v2\/product_cat?post=126625"},{"taxonomy":"product_tag","embeddable":true,"href":"https:\/\/gpl-love.com\/es\/wp-json\/wp\/v2\/product_tag?post=126625"}],"curies":[{"name":"wp","href":"https:\/\/api.w.org\/{rel}","templated":true}]}}