{"id":126624,"date":"2024-03-19T00:00:00","date_gmt":"2024-03-19T05:00:00","guid":{"rendered":"https:\/\/gpl-love.com\/es\/producto\/woocommerce-kissmetrics\/"},"modified":"2026-04-10T11:32:25","modified_gmt":"2026-04-10T16:32:25","slug":"woocommerce-kissmetrics","status":"publish","type":"product","link":"https:\/\/gpl-love.com\/es\/producto\/woocommerce-kissmetrics\/","title":{"rendered":"WooCommerce Kissmetrics 1.18.1"},"content":{"rendered":"<h3>WooCommerce Kissmetrics Caracteristicas<\/h3>\n<p>WooCommerce Kissmetrics, una extensi\u00f3n inmensamente potente dise\u00f1ada espec\u00edficamente para WooCommerce, ofrece un sistema intrincado y abarcador de monitoreo y an\u00e1lisis del comportamiento e interacciones del cliente dentro de su tienda virtual. Al aprovechar esta herramienta, obtiene la capacidad de generar y monitorear sin esfuerzo eventos, embudos y segmentos de clientes, as\u00ed que se empodere con una mejor comprensi\u00f3n de su clientela y la capacidad de tomar decisiones informadas basadas en datos precisos. Las funcionalidades avanzadas de an\u00e1lisis e informes proporcionan una visi\u00f3n invaluable del rendimiento de su tienda, lo que le permite optimizar sus estrategias de ventas y marketing para obtener la m\u00e1xima eficacia. Esta extensi\u00f3n se destaca como un activo indispensable para cualquier propietario de la tienda de WooCommerce exigente que alberga las aspiraciones de cultivar una pr\u00f3spera empresa en l\u00ednea y aumentar su flujo de ingresos.<\/p>\n<ul>\n<li>Rastrea el comportamiento del cliente en su sitio web de WooCommerce<\/li>\n<li>Se integra a la perfecci\u00f3n con KissMetrics, una poderosa herramienta de an\u00e1lisis de clientes<\/li>\n<li>Captura datos sobre compras, carros abandonados, vistas de p\u00e1gina y m\u00e1s<\/li>\n<li>Permite segmentar a los clientes basados \u200b\u200ben el comportamiento de las campa\u00f1as de marketing espec\u00edficas<\/li>\n<li>Sincrita los datos del cliente entre WooCommerce y KissMetrics para una visi\u00f3n completa del comportamiento del cliente<\/li>\n<li>Proporciona informaci\u00f3n sobre el valor de por vida del cliente, la tasa de rotaci\u00f3n y m\u00e1s<\/li>\n<li>Permite un f\u00e1cil seguimiento y an\u00e1lisis de las tasas de conversi\u00f3n para productos y categor\u00edas individuales.<\/li>\n<li>Ayuda a optimizar su sitio web para mejorar la experiencia del cliente y aumentar las ventas<\/li>\n<\/ul>\n","protected":false},"excerpt":{"rendered":"<p>WooCommerce Kissmetrics, una herramienta incre\u00edblemente robusta y potente, ha sido meticulosamente elaborada para ayudar a las empresas de comercio electr\u00f3nico a rastrear meticulosamente el comportamiento del cliente y los datos de ventas. A trav\u00e9s de una integraci\u00f3n perfecta con la aclamada plataforma WooCommerce, esta herramienta faculta a los minoristas en l\u00ednea para aprovechar las ideas indispensables con respecto al comportamiento del cliente, los patrones de compra e incluso las fuentes de ingresos. Con una gran cantidad de informes personalizables y an\u00e1lisis en tiempo real, WooCommerce Kissmetrics equipa a los comerciantes con todas las herramientas necesarias para tomar decisiones comerciales altamente informadas que finalmente conducen a un mayor crecimiento y \u00e9xito. Independientemente de si desea optimizar sus p\u00e1ginas de productos o racionalizar su proceso de pago, tenga la seguridad de que este software innovador e innovador es supremamente capaz de impulsar su negocio en l\u00ednea a alturas incomparables.<\/p>\n","protected":false},"featured_media":168146,"comment_status":"open","ping_status":"open","template":"","meta":[],"product_brand":[2344],"product_cat":[1208,1207,1206],"product_tag":[1423],"class_list":{"0":"post-126624","1":"product","2":"type-product","3":"status-publish","4":"has-post-thumbnail","6":"product_brand-woocommerce","7":"product_cat-administracion","8":"product_cat-comercio-electronico-plugins","9":"product_cat-plugins","10":"product_tag-woocommerce","11":"member-discount","12":"discount-restricted","14":"first","15":"instock","16":"sale","17":"downloadable","18":"virtual","19":"sold-individually","20":"purchasable","21":"product-type-simple"},"_links":{"self":[{"href":"https:\/\/gpl-love.com\/es\/wp-json\/wp\/v2\/product\/126624","targetHints":{"allow":["GET"]}}],"collection":[{"href":"https:\/\/gpl-love.com\/es\/wp-json\/wp\/v2\/product"}],"about":[{"href":"https:\/\/gpl-love.com\/es\/wp-json\/wp\/v2\/types\/product"}],"replies":[{"embeddable":true,"href":"https:\/\/gpl-love.com\/es\/wp-json\/wp\/v2\/comments?post=126624"}],"wp:featuredmedia":[{"embeddable":true,"href":"https:\/\/gpl-love.com\/es\/wp-json\/wp\/v2\/media\/168146"}],"wp:attachment":[{"href":"https:\/\/gpl-love.com\/es\/wp-json\/wp\/v2\/media?parent=126624"}],"wp:term":[{"taxonomy":"product_brand","embeddable":true,"href":"https:\/\/gpl-love.com\/es\/wp-json\/wp\/v2\/product_brand?post=126624"},{"taxonomy":"product_cat","embeddable":true,"href":"https:\/\/gpl-love.com\/es\/wp-json\/wp\/v2\/product_cat?post=126624"},{"taxonomy":"product_tag","embeddable":true,"href":"https:\/\/gpl-love.com\/es\/wp-json\/wp\/v2\/product_tag?post=126624"}],"curies":[{"name":"wp","href":"https:\/\/api.w.org\/{rel}","templated":true}]}}