{"id":126623,"date":"2025-11-30T00:00:00","date_gmt":"2025-11-30T05:00:00","guid":{"rendered":"https:\/\/gpl-love.com\/es\/producto\/woocommerce-instagram\/"},"modified":"2026-03-09T08:22:34","modified_gmt":"2026-03-09T13:22:34","slug":"woocommerce-instagram","status":"publish","type":"product","link":"https:\/\/gpl-love.com\/es\/producto\/woocommerce-instagram\/","title":{"rendered":"WooCommerce Instagram 5.0.1"},"content":{"rendered":"<h3>WooCommerce Instagram Caracteristicas<\/h3>\n<p>El complemento de WooCommerce Instagram es una herramienta extremadamente robusta y formidable que amalgama de manera efectiva y sin problemas su cuenta de Instagram con su tienda en l\u00ednea alimentada por WooCommerce. Al utilizar este complemento avanzado y sofisticado, puede exhibir sin esfuerzo y convenientemente su alimentaci\u00f3n de Instagram en su sitio web, facilitando y simplificando as\u00ed el proceso de navegaci\u00f3n y adquisici\u00f3n para sus estimados clientes que pueden realizar directamente las compras de su mercanc\u00eda desde sus publicaciones de Instagram. Adem\u00e1s, este complemento le permite y le permite etiquetar sus productos en sus fotograf\u00edas de Instagram, proporcionando as\u00ed a sus clientes valiosos una conexi\u00f3n directa e inmediata a la p\u00e1gina del producto, facilitando y acelerando el proceso de compra. El complemento de WooCommerce Instagram es inequ\u00edvocamente un instrumento indispensable e indispensable para cualquier entidad comercial que aspira a mejorar sus cifras de ventas y fomentar la expansi\u00f3n y proliferaci\u00f3n de su presencia en l\u00ednea.<\/p>\n<ul>\n<li>Integre perfectamente su tienda WooCommerce con Instagram.<\/li>\n<li>Agregue fotos de Instagram a sus listados de productos.<\/li>\n<li>Conecte su cuenta de Instagram a su tienda en l\u00ednea.<\/li>\n<li>Publique actualizaciones y promociones de productos directamente a Instagram.<\/li>\n<li>Aumente el compromiso de las redes sociales con los alimentos integrados de Instagram.<\/li>\n<li>Promocione sus productos a trav\u00e9s de la publicidad de Instagram.<\/li>\n<li>Rastree las tasas de conversi\u00f3n y el tr\u00e1fico de Instagram a su sitio.<\/li>\n<li>Use Instagram Analytics para informar su estrategia de marketing.<\/li>\n<li>Rayer los esfuerzos de marketing en redes sociales con publicaciones automatizadas de Instagram.<\/li>\n<li>Impulse las ventas llegando a un p\u00fablico m\u00e1s amplio con el poder de Instagram.<\/li>\n<\/ul>\n","protected":false},"excerpt":{"rendered":"<p>WooCommerce Instagram se presenta como una soluci\u00f3n impecable para las empresas que aspiran a mejorar sus ventas en l\u00ednea, atendiendo a las empresas con el deseo de aumentar sus capacidades de generaci\u00f3n de ingresos. Al aprovechar este complemento ingenioso, uno obtiene efectivamente la capacidad de hacer alarde de su contenido de Instagram directamente en su sitio web, lo que brinda a los clientes potenciales la conveniencia de comprar productos que se muestran prominentemente con un esfuerzo m\u00ednimo. La notable sinergia entre Instagram y la tienda de WooCommerce genera una integraci\u00f3n perfecta que no solo es instrumental para reforzar el recuento de seguidores, sino tambi\u00e9n para impulsar un tr\u00e1fico y ventas sustanciales directamente a su emporio virtual. Al unificar las redes sociales dispares y los canales de comercio electr\u00f3nico, WooCommerce Instagram permite eficazmente a las empresas acumular un ahorro de tiempo significativo y optimizar sus operaciones con una eficiencia incomparable.<\/p>\n","protected":false},"featured_media":168145,"comment_status":"open","ping_status":"open","template":"","meta":[],"product_brand":[2344],"product_cat":[1207,1206,1431],"product_tag":[1423],"class_list":{"0":"post-126623","1":"product","2":"type-product","3":"status-publish","4":"has-post-thumbnail","6":"product_brand-woocommerce","7":"product_cat-comercio-electronico-plugins","8":"product_cat-plugins","9":"product_cat-social-comercio-electronico-plugins","10":"product_tag-woocommerce","11":"member-discount","12":"discount-restricted","14":"first","15":"instock","16":"sale","17":"downloadable","18":"virtual","19":"sold-individually","20":"purchasable","21":"product-type-simple"},"_links":{"self":[{"href":"https:\/\/gpl-love.com\/es\/wp-json\/wp\/v2\/product\/126623","targetHints":{"allow":["GET"]}}],"collection":[{"href":"https:\/\/gpl-love.com\/es\/wp-json\/wp\/v2\/product"}],"about":[{"href":"https:\/\/gpl-love.com\/es\/wp-json\/wp\/v2\/types\/product"}],"replies":[{"embeddable":true,"href":"https:\/\/gpl-love.com\/es\/wp-json\/wp\/v2\/comments?post=126623"}],"wp:featuredmedia":[{"embeddable":true,"href":"https:\/\/gpl-love.com\/es\/wp-json\/wp\/v2\/media\/168145"}],"wp:attachment":[{"href":"https:\/\/gpl-love.com\/es\/wp-json\/wp\/v2\/media?parent=126623"}],"wp:term":[{"taxonomy":"product_brand","embeddable":true,"href":"https:\/\/gpl-love.com\/es\/wp-json\/wp\/v2\/product_brand?post=126623"},{"taxonomy":"product_cat","embeddable":true,"href":"https:\/\/gpl-love.com\/es\/wp-json\/wp\/v2\/product_cat?post=126623"},{"taxonomy":"product_tag","embeddable":true,"href":"https:\/\/gpl-love.com\/es\/wp-json\/wp\/v2\/product_tag?post=126623"}],"curies":[{"name":"wp","href":"https:\/\/api.w.org\/{rel}","templated":true}]}}