{"id":126622,"date":"2026-03-18T00:00:00","date_gmt":"2026-03-18T05:00:00","guid":{"rendered":"https:\/\/gpl-love.com\/es\/producto\/woocommerce-help-scout\/"},"modified":"2026-04-10T11:32:24","modified_gmt":"2026-04-10T16:32:24","slug":"woocommerce-help-scout","status":"publish","type":"product","link":"https:\/\/gpl-love.com\/es\/producto\/woocommerce-help-scout\/","title":{"rendered":"WooCommerce Help Scout 4.0.5"},"content":{"rendered":"<h3>WooCommerce Help Scout Caracteristicas<\/h3>\n<p>La plataforma WooCommerce ayuda a Scout se presenta como una soluci\u00f3n muy robusta y efectiva, ya que fusiona sin problemas las funcionalidades de WooCommerce y ayuda a Scout. Sus capacidades de vanguardia potencian a las empresas al mejorar su capacidad para administrar y abordar eficientemente las solicitudes y consultas de los clientes. La integraci\u00f3n entre su tienda de comercio electr\u00f3nico y Help Scout es perfecta, facilitando la transferencia sin problemas de los datos del cliente de WooCommerce para ayudar a Scout. Como resultado, los agentes de atenci\u00f3n al cliente obtienen acceso a la informaci\u00f3n pertinente, lo que les permite responder de manera r\u00e1pida y efectiva a las consultas. Adem\u00e1s, esta integraci\u00f3n permite a las empresas monitorear sin esfuerzo las interacciones del cliente y medir la satisfacci\u00f3n del cliente, proporcion\u00e1ndoles as\u00ed una informaci\u00f3n valiosa que se pueden utilizar para mejorar la experiencia general del cliente. En esencia, la plataforma WooCommerce Help Scouts sirve como una herramienta muy ventajosa para las empresas que buscan reforzar sus esfuerzos de atenci\u00f3n al cliente y optimizar sus procesos operativos.<\/p>\n<ul>\n<li>Integra sin problemas el software de boletos de soporte de Scout Scout con WooCommerce<\/li>\n<li>Permite a los comerciantes administrar boletos de atenci\u00f3n al cliente directamente dentro de su tablero de WooCommerce<\/li>\n<li>Mejora la experiencia de atenci\u00f3n al cliente al proporcionar un acceso r\u00e1pido al historial de pedidos del cliente y a los detalles<\/li>\n<li>Ahorra tiempo y reduce los despidos al sincronizar los datos del cliente y el pedido entre WooCommerce y ayudar a Scouts<\/li>\n<li>Configuraciones personalizables que permiten una f\u00e1cil integraci\u00f3n y gesti\u00f3n de boletos de soporte<\/li>\n<li>Resuelve eficientemente los problemas del cliente y mejora la satisfacci\u00f3n del cliente<\/li>\n<li>Reduce los procesos de soporte de carga de trabajo y l\u00ednea de racionalizaci\u00f3n para comerciantes y equipos de apoyo por igual<\/li>\n<li>Mejora la experiencia general del cliente y aumenta las ventas y los ingresos<\/li>\n<\/ul>\n","protected":false},"excerpt":{"rendered":"<p>El complemento de integraci\u00f3n de Scouts Helpmerce WooCommerce es una herramienta incre\u00edblemente robusta que facilita la integraci\u00f3n perfecta de su tienda WooCommerce con la plataforma de servicio al cliente de Help Scout de gran b\u00fasqueda. Al utilizar este complemento, tiene la capacidad de manejar sin esfuerzo una mir\u00edada de consultas de clientes, boletos de soporte y conversaciones, todas con el que se accede convenientemente a trav\u00e9s del panel administrativo de su tienda. Este complemento innovador le brinda la oportunidad de sincronizar todos los datos pertinentes de los clientes y los detalles del pedido con Help Scout, facilitando as\u00ed un enfoque m\u00e1s personalizado para la atenci\u00f3n al cliente y fomentar conexiones m\u00e1s fuertes con su valiosa clientela. La implementaci\u00f3n de WooCommerce Ayuda Scout le permite optimizar sus operaciones de servicio al cliente, ahorrando efectivamente un tiempo valioso, al tiempo que ofrece experiencias de clientes incomparables que seguramente superar\u00e1n las expectativas.<\/p>\n","protected":false},"featured_media":168144,"comment_status":"open","ping_status":"open","template":"","meta":[],"product_brand":[2344],"product_cat":[1208,1207,1206],"product_tag":[1423],"class_list":{"0":"post-126622","1":"product","2":"type-product","3":"status-publish","4":"has-post-thumbnail","6":"product_brand-woocommerce","7":"product_cat-administracion","8":"product_cat-comercio-electronico-plugins","9":"product_cat-plugins","10":"product_tag-woocommerce","11":"member-discount","12":"discount-restricted","14":"first","15":"instock","16":"sale","17":"downloadable","18":"virtual","19":"sold-individually","20":"purchasable","21":"product-type-simple"},"_links":{"self":[{"href":"https:\/\/gpl-love.com\/es\/wp-json\/wp\/v2\/product\/126622","targetHints":{"allow":["GET"]}}],"collection":[{"href":"https:\/\/gpl-love.com\/es\/wp-json\/wp\/v2\/product"}],"about":[{"href":"https:\/\/gpl-love.com\/es\/wp-json\/wp\/v2\/types\/product"}],"replies":[{"embeddable":true,"href":"https:\/\/gpl-love.com\/es\/wp-json\/wp\/v2\/comments?post=126622"}],"wp:featuredmedia":[{"embeddable":true,"href":"https:\/\/gpl-love.com\/es\/wp-json\/wp\/v2\/media\/168144"}],"wp:attachment":[{"href":"https:\/\/gpl-love.com\/es\/wp-json\/wp\/v2\/media?parent=126622"}],"wp:term":[{"taxonomy":"product_brand","embeddable":true,"href":"https:\/\/gpl-love.com\/es\/wp-json\/wp\/v2\/product_brand?post=126622"},{"taxonomy":"product_cat","embeddable":true,"href":"https:\/\/gpl-love.com\/es\/wp-json\/wp\/v2\/product_cat?post=126622"},{"taxonomy":"product_tag","embeddable":true,"href":"https:\/\/gpl-love.com\/es\/wp-json\/wp\/v2\/product_tag?post=126622"}],"curies":[{"name":"wp","href":"https:\/\/api.w.org\/{rel}","templated":true}]}}