{"id":126620,"date":"2026-02-06T00:00:00","date_gmt":"2026-02-06T05:00:00","guid":{"rendered":"https:\/\/gpl-love.com\/es\/producto\/woocommerce-gravity-forms-product-add-ons\/"},"modified":"2026-04-10T11:32:23","modified_gmt":"2026-04-10T16:32:23","slug":"woocommerce-gravity-forms-product-add-ons","status":"publish","type":"product","link":"https:\/\/gpl-love.com\/es\/producto\/woocommerce-gravity-forms-product-add-ons\/","title":{"rendered":"WooCommerce Gravity Forms Product Addons 3.7.2"},"content":{"rendered":"<h3>WooCommerce Gravity Forms Product Addons Caracteristicas<\/h3>\n<p>El complemento de complementos de productos WooCommerce Gravity Forms es una herramienta excepcionalmente eficiente que otorga a los propietarios de tiendas en l\u00ednea la capacidad de integrar las opciones de productos personalizables en sus establecimientos virtuales. Este complemento ha sido intrincadamente dise\u00f1ado para armonizar a la perfecci\u00f3n con las formas de WooCommerce y Gravity, proporcionando as\u00ed una amplia gama de caracter\u00edsticas robustas que realmente optimizan el proceso de incorporaci\u00f3n de complementos de productos. Al utilizar este ingenioso complemento, los propietarios de tiendas no solo pueden fabricar un n\u00famero infinito de opciones de productos, como casillas de verificaci\u00f3n, botones de radio y campos de texto, sino que tambi\u00e9n pueden implementar cargos complementarios para cada complemento de productos individual. En consecuencia, este complemento demuestra ser una opci\u00f3n encantadora para aquellos que deseen otorgar a su clientela un sentido elevado de personalizaci\u00f3n, agregando as\u00ed un toque adicional de exclusividad a sus servicios. En esencia, con la incorporaci\u00f3n de este complemento excepcional, los propietarios de tiendas en l\u00ednea pueden impulsar a sus empresas al pr\u00f3ximo escal\u00f3n y otorgar a sus clientes una experiencia de compra completamente a medida que no tiene paralelo en su distinci\u00f3n.<\/p>\n<ul>\n<li>Soluci\u00f3n integrada para las formas de WooCommerce y Gravity<\/li>\n<li>Permite agregar opciones de productos y campos personalizados<\/li>\n<li>Admite m\u00faltiples opciones de precios para complementos<\/li>\n<li>Proporciona una experiencia de pago optimizada para los clientes<\/li>\n<li>Opciones de configuraci\u00f3n flexibles para complementos y formularios de productos<\/li>\n<li>Automatizar los c\u00e1lculos de precios del producto basados \u200b\u200ben complementos seleccionados<\/li>\n<li>Proporciona informes y an\u00e1lisis detallados para las ventas de productos y el uso de complementos<\/li>\n<li>Compatible con WordPress y temas de WooCommerce<\/li>\n<li>Ofrece plantillas personalizables para pantallas de productos de productos<\/li>\n<li>Proporciona funciones de dise\u00f1o y accesibilidad receptivas<\/li>\n<li>Ofrece medidas robustas de seguridad y cifrado de datos.<\/li>\n<\/ul>\n","protected":false},"excerpt":{"rendered":"<p>WooCommerce Gravity Forms Product Add-ons, que es un complemento esencial para las personas que poseen tiendas en l\u00ednea que utilizan WooCommerce, proporciona a los usuarios la conveniencia de incorporar sin esfuerzo campos y opciones personalizadas en sus productos mediante formas de gravedad, en adelante estableciendo una experiencia de compra de compra. Eso es perfecto y personalizado para sus estimados clientes. Este complemento en particular demuestra ser excepcionalmente adecuado para las tiendas que se especializan en la provisi\u00f3n de productos o servicios personalizados a medida y personalizados, como ropa, joyas y decoraci\u00f3n del hogar. En virtud de su interfaz f\u00e1cil de usar y su proceso de instalaci\u00f3n sin problemas, el WooCommerce Gravity Forms Product Add-ons se presenta como la mejor soluci\u00f3n para catapultar su tienda en l\u00ednea a nuevas alturas.<\/p>\n","protected":false},"featured_media":168142,"comment_status":"open","ping_status":"open","template":"","meta":[],"product_brand":[2344],"product_cat":[1207,1429,1206],"product_tag":[1423],"class_list":{"0":"post-126620","1":"product","2":"type-product","3":"status-publish","4":"has-post-thumbnail","6":"product_brand-woocommerce","7":"product_cat-comercio-electronico-plugins","8":"product_cat-formas-comercio-electronico-plugins","9":"product_cat-plugins","10":"product_tag-woocommerce","11":"member-discount","12":"discount-restricted","14":"first","15":"instock","16":"sale","17":"downloadable","18":"virtual","19":"sold-individually","20":"purchasable","21":"product-type-simple"},"_links":{"self":[{"href":"https:\/\/gpl-love.com\/es\/wp-json\/wp\/v2\/product\/126620","targetHints":{"allow":["GET"]}}],"collection":[{"href":"https:\/\/gpl-love.com\/es\/wp-json\/wp\/v2\/product"}],"about":[{"href":"https:\/\/gpl-love.com\/es\/wp-json\/wp\/v2\/types\/product"}],"replies":[{"embeddable":true,"href":"https:\/\/gpl-love.com\/es\/wp-json\/wp\/v2\/comments?post=126620"}],"wp:featuredmedia":[{"embeddable":true,"href":"https:\/\/gpl-love.com\/es\/wp-json\/wp\/v2\/media\/168142"}],"wp:attachment":[{"href":"https:\/\/gpl-love.com\/es\/wp-json\/wp\/v2\/media?parent=126620"}],"wp:term":[{"taxonomy":"product_brand","embeddable":true,"href":"https:\/\/gpl-love.com\/es\/wp-json\/wp\/v2\/product_brand?post=126620"},{"taxonomy":"product_cat","embeddable":true,"href":"https:\/\/gpl-love.com\/es\/wp-json\/wp\/v2\/product_cat?post=126620"},{"taxonomy":"product_tag","embeddable":true,"href":"https:\/\/gpl-love.com\/es\/wp-json\/wp\/v2\/product_tag?post=126620"}],"curies":[{"name":"wp","href":"https:\/\/api.w.org\/{rel}","templated":true}]}}