{"id":126618,"date":"2025-11-30T00:00:00","date_gmt":"2025-11-30T05:00:00","guid":{"rendered":"https:\/\/gpl-love.com\/es\/producto\/woocommerce-google-analytics-pro\/"},"modified":"2026-03-09T08:22:27","modified_gmt":"2026-03-09T13:22:27","slug":"woocommerce-google-analytics-pro","status":"publish","type":"product","link":"https:\/\/gpl-love.com\/es\/producto\/woocommerce-google-analytics-pro\/","title":{"rendered":"WooCommerce Google Analytics Pro 2.2.2"},"content":{"rendered":"<h3>WooCommerce Google Analytics Pro Caracteristicas<\/h3>\n<p>WooCommerce Google Analytics Pro, un complemento muy robusto, ofrece una variedad de capacidades de an\u00e1lisis avanzados adaptadas para su tienda WooCommerce. Su funcionalidad excepcional le permite monitorear y evaluar sin esfuerzo el rendimiento de su tienda, observar de cerca el comportamiento del usuario y optimizar sus campa\u00f1as de marketing para obtener la m\u00e1xima eficacia. La belleza de este complemento radica en su integraci\u00f3n perfecta con su cuenta de Google Analytics, que abre un tesoro de ideas invaluables, incluidas, entre otros, fuentes de tr\u00e1fico, tasas de conversi\u00f3n e informes de ingresos. Al aprovechar el poder de WooCommerce Google Analytics Pro, puede tomar decisiones informadas e basadas en datos que impulsan su negocio hacia adelante, reforzando su \u00e9xito financiero. Ya sea que posee una gran experiencia como minorista en l\u00ednea o se est\u00e9 embarcando en este viaje, este complemento representa un activo indispensable para cualquier propietario de la tienda de WooCommerce determinado a elevar su destreza anal\u00edtica a alturas sin precedentes.<\/p>\n<ul>\n<li>Integraci\u00f3n perfecta de Google Analytics con WooCommerce Store<\/li>\n<li>Seguimiento en tiempo real de ventas, ingresos, valor promedio de pedidos y otras m\u00e9tricas de comercio electr\u00f3nico<\/li>\n<li>Seguimiento personalizable para categor\u00edas de productos, etiquetas y atributos<\/li>\n<li>Seguimiento mejorado del comportamiento del cliente, incluidos los pasos de pago y el rendimiento del producto<\/li>\n<li>Habilita el seguimiento de eventos y dimensiones de comercio electr\u00f3nico personalizado para un an\u00e1lisis m\u00e1s detallado<\/li>\n<li>Integraci\u00f3n con los anuncios de Google para el seguimiento y la optimizaci\u00f3n de las campa\u00f1as publicitarias<\/li>\n<li>F\u00e1cil instalaci\u00f3n y configuraci\u00f3n con interfaz de usuario intuitiva e instrucciones paso a paso<\/li>\n<li>Opciones avanzadas de filtrado y exclusi\u00f3n para garantizar un seguimiento preciso<\/li>\n<li>Admite m\u00faltiples propiedades y vistas de Google Analytics para un seguimiento e informes eficientes<\/li>\n<li>Actualizaciones regulares y atenci\u00f3n al cliente para garantizar un rendimiento y funcionalidad \u00f3ptimos<\/li>\n<\/ul>\n","protected":false},"excerpt":{"rendered":"<p>El complemento WooCommerce Google Analytics Pro es una herramienta extremadamente robusta que incorpora perfectamente su tienda WooCommerce con Google Analytics, lo que le proporciona informaci\u00f3n exhaustiva e informes exhaustivos sobre el tr\u00e1fico de su sitio web, las ventas y el comportamiento del cliente. Al aprovechar este complemento, obtiene la capacidad de rastrear meticulosamente las transacciones de comercio electr\u00f3nico, establecer eventos y objetivos a medida y monitorear meticulosamente sus campa\u00f1as de marketing para mejorar el rendimiento de su tienda en l\u00ednea. Con una interfaz f\u00e1cil de usar y un proceso de instalaci\u00f3n sin esfuerzo, el complemento WooCommerce Google Analytics Pro proporciona una amplia gama de funcionalidades avanzadas que le permiten tomar decisiones bien informadas y basadas en datos orientadas a reforzar su negocio.<\/p>\n","protected":false},"featured_media":168140,"comment_status":"open","ping_status":"open","template":"","meta":[],"product_brand":[2344],"product_cat":[1208,1207,1206],"product_tag":[1423],"class_list":{"0":"post-126618","1":"product","2":"type-product","3":"status-publish","4":"has-post-thumbnail","6":"product_brand-woocommerce","7":"product_cat-administracion","8":"product_cat-comercio-electronico-plugins","9":"product_cat-plugins","10":"product_tag-woocommerce","11":"member-discount","12":"discount-restricted","14":"first","15":"instock","16":"sale","17":"downloadable","18":"virtual","19":"sold-individually","20":"purchasable","21":"product-type-simple"},"_links":{"self":[{"href":"https:\/\/gpl-love.com\/es\/wp-json\/wp\/v2\/product\/126618","targetHints":{"allow":["GET"]}}],"collection":[{"href":"https:\/\/gpl-love.com\/es\/wp-json\/wp\/v2\/product"}],"about":[{"href":"https:\/\/gpl-love.com\/es\/wp-json\/wp\/v2\/types\/product"}],"replies":[{"embeddable":true,"href":"https:\/\/gpl-love.com\/es\/wp-json\/wp\/v2\/comments?post=126618"}],"wp:featuredmedia":[{"embeddable":true,"href":"https:\/\/gpl-love.com\/es\/wp-json\/wp\/v2\/media\/168140"}],"wp:attachment":[{"href":"https:\/\/gpl-love.com\/es\/wp-json\/wp\/v2\/media?parent=126618"}],"wp:term":[{"taxonomy":"product_brand","embeddable":true,"href":"https:\/\/gpl-love.com\/es\/wp-json\/wp\/v2\/product_brand?post=126618"},{"taxonomy":"product_cat","embeddable":true,"href":"https:\/\/gpl-love.com\/es\/wp-json\/wp\/v2\/product_cat?post=126618"},{"taxonomy":"product_tag","embeddable":true,"href":"https:\/\/gpl-love.com\/es\/wp-json\/wp\/v2\/product_tag?post=126618"}],"curies":[{"name":"wp","href":"https:\/\/api.w.org\/{rel}","templated":true}]}}