{"id":126616,"date":"2025-10-29T00:00:00","date_gmt":"2025-10-29T05:00:00","guid":{"rendered":"https:\/\/gpl-love.com\/es\/producto\/woocommerce-give-products\/"},"modified":"2026-03-09T08:22:23","modified_gmt":"2026-03-09T13:22:23","slug":"woocommerce-give-products","status":"publish","type":"product","link":"https:\/\/gpl-love.com\/es\/producto\/woocommerce-give-products\/","title":{"rendered":"WooCommerce Give Products 1.3.0"},"content":{"rendered":"<h3>WooCommerce Give Products Caracteristicas<\/h3>\n<p>El complemento de WooCommerce Give Products sirve como una herramienta formidable para las empresas en l\u00ednea que buscan proporcionar a sus clientes promociones y regalos excepcionales, mejorando as\u00ed la participaci\u00f3n del cliente y fomentando la lealtad. Integr\u00e1ndose perfectamente con WooCommerce, este complemento facilita la creaci\u00f3n y gesti\u00f3n sin esfuerzo de campa\u00f1as promocionales para las empresas. Empodera a las empresas con la capacidad de establecer regulaciones y requisitos previos espec\u00edficos para sus promociones, como estipular cantidades m\u00ednimas de compra o designar productos particulares que deben adquirirse para calificar para la promoci\u00f3n. Adem\u00e1s, este complemento abarca una amplia gama de opciones para obsequios promocionales, incluida la provisi\u00f3n de obsequios de cortes\u00eda o descuentos otorgando descuentos aplicables a las compras posteriores. En esencia, el complemento WooCommerce Give Products demuestra ser un recurso invaluable para las empresas que se esfuerzan por aumentar la participaci\u00f3n y la lealtad del cliente a trav\u00e9s de la implementaci\u00f3n espec\u00edfica de promociones y regalos.<\/p>\n<ul>\n<li>F\u00e1cil integraci\u00f3n con WooCommerce<\/li>\n<li>Permite a los clientes dar f\u00e1cilmente productos como regalos a otros<\/li>\n<li>Mensajes personalizables y opciones de certificado de regalo<\/li>\n<li>Capacidad para restringir ciertos productos de ser dotado<\/li>\n<li>Proporciona un proceso de pago simple y simplificado para los regalos<\/li>\n<li>Ayuda a aumentar las ventas y la satisfacci\u00f3n del cliente al proporcionar una opci\u00f3n de regalos \u00fanica<\/li>\n<li>Compatible con cualquier tema y dise\u00f1o de WordPress<\/li>\n<li>Ahorra tiempo para los clientes permiti\u00e9ndoles omitir el envoltorio de regalos y el env\u00edo tradicionales<\/li>\n<li>Facilita a los clientes mostrar aprecio a sus seres queridos, creando una experiencia de compra positiva<\/li>\n<li>Mejora la lealtad del cliente al proporcionar una opci\u00f3n de compra \u00fanica que no encontrar\u00e1n en otro lugar.<\/li>\n<\/ul>\n","protected":false},"excerpt":{"rendered":"<p>El complemento WooCommerce Give Products le brinda la comodidad de proporcionar sin esfuerzo productos de cortes\u00eda a los clientes que satisfacen criterios espec\u00edficos, como alcanzar una cantidad m\u00ednima de pedido predeterminada o realizar una compra de productos designado. Esta caracter\u00edstica ventajosa no solo sirve para mejorar la lealtad del cliente, sino que tambi\u00e9n mejora significativamente la probabilidad de generar mayores ventas. Adem\u00e1s, este notable complemento cuenta con una variedad de opciones de personalizaci\u00f3n para los productos de regalo, lo que le permite el privilegio de seleccionar productos directamente desde su tienda WooCommerce, as\u00ed como imponer l\u00edmites en la cantidad de regalos. En esencia, esta invaluable herramienta sirve como un medio formidable para aumentar la satisfacci\u00f3n del cliente y estimular el crecimiento de los ingresos dentro del \u00e1mbito de su tienda WooCommerce.<\/p>\n","protected":false},"featured_media":168137,"comment_status":"open","ping_status":"open","template":"","meta":[],"product_brand":[2344],"product_cat":[1208,1207,1206],"product_tag":[1423],"class_list":{"0":"post-126616","1":"product","2":"type-product","3":"status-publish","4":"has-post-thumbnail","6":"product_brand-woocommerce","7":"product_cat-administracion","8":"product_cat-comercio-electronico-plugins","9":"product_cat-plugins","10":"product_tag-woocommerce","11":"member-discount","12":"discount-restricted","14":"first","15":"instock","16":"sale","17":"downloadable","18":"virtual","19":"sold-individually","20":"purchasable","21":"product-type-simple"},"_links":{"self":[{"href":"https:\/\/gpl-love.com\/es\/wp-json\/wp\/v2\/product\/126616","targetHints":{"allow":["GET"]}}],"collection":[{"href":"https:\/\/gpl-love.com\/es\/wp-json\/wp\/v2\/product"}],"about":[{"href":"https:\/\/gpl-love.com\/es\/wp-json\/wp\/v2\/types\/product"}],"replies":[{"embeddable":true,"href":"https:\/\/gpl-love.com\/es\/wp-json\/wp\/v2\/comments?post=126616"}],"wp:featuredmedia":[{"embeddable":true,"href":"https:\/\/gpl-love.com\/es\/wp-json\/wp\/v2\/media\/168137"}],"wp:attachment":[{"href":"https:\/\/gpl-love.com\/es\/wp-json\/wp\/v2\/media?parent=126616"}],"wp:term":[{"taxonomy":"product_brand","embeddable":true,"href":"https:\/\/gpl-love.com\/es\/wp-json\/wp\/v2\/product_brand?post=126616"},{"taxonomy":"product_cat","embeddable":true,"href":"https:\/\/gpl-love.com\/es\/wp-json\/wp\/v2\/product_cat?post=126616"},{"taxonomy":"product_tag","embeddable":true,"href":"https:\/\/gpl-love.com\/es\/wp-json\/wp\/v2\/product_tag?post=126616"}],"curies":[{"name":"wp","href":"https:\/\/api.w.org\/{rel}","templated":true}]}}