{"id":126615,"date":"2021-05-28T00:00:00","date_gmt":"2021-05-28T05:00:00","guid":{"rendered":"https:\/\/gpl-love.com\/es\/producto\/woocommerce-gift-manager\/"},"modified":"2026-04-10T11:32:22","modified_gmt":"2026-04-10T16:32:22","slug":"woocommerce-gift-manager","status":"publish","type":"product","link":"https:\/\/gpl-love.com\/es\/producto\/woocommerce-gift-manager\/","title":{"rendered":"WooCommerce Gift Manager 3.0"},"content":{"rendered":"<h3>WooCommerce Gift Manager Caracteristicas<\/h3>\n<p>WooCommerce Gift Manager presenta una herramienta robusta y formidable dise\u00f1ada para manejar competentemente la gesti\u00f3n de tarjetas de regalo y cupones dentro de su tienda WooCommerce. Al utilizar esta herramienta, se le otorga la capacidad de crear y supervisar sin esfuerzo tarjetas de regalo personalizadas, en las que puede establecer fechas de vencimiento, asignar valores monetarios espec\u00edficos y monitorear de manera efectiva la utilizaci\u00f3n de estas tarjetas. Con una interfaz notablemente f\u00e1cil de usar, esta herramienta facilita la gesti\u00f3n sin problemas de sus tarjetas de regalo y cupones, otorg\u00e1ndole la capacidad de examinar los informes de ventas y rastrear los reembolsos con la m\u00e1xima facilidad. Adem\u00e1s, el gerente de regalos se caracteriza por su notable adaptabilidad, ya que se integra perfectamente en su tienda sin ning\u00fan obst\u00e1culo. En consecuencia, con la introducci\u00f3n del gerente de regalos de WooCommerce, podr\u00e1 proporcionar a sus clientes estimados una experiencia de compra incomparable, amplificar significativamente sus ventas y disfrutar de la ventajosa destreza de tarjetas de regalo y cupones.<\/p>\n<ul>\n<li>Gesti\u00f3n f\u00e1cil de tarjetas de regalo y certificados dentro de la plataforma WooCommerce<\/li>\n<li>Crear dise\u00f1os y denominaciones de tarjetas de regalo personalizadas<\/li>\n<li>Opci\u00f3n para establecer fechas de vencimiento para tarjetas de regalo<\/li>\n<li>Los clientes pueden comprar y canjear f\u00e1cilmente tarjetas de regalo en su sitio web.<\/li>\n<li>Informes detallados y an\u00e1lisis de ventas y reembolsos de tarjetas de regalo<\/li>\n<li>Se integra con las pasarelas de pago populares para transacciones seguras<\/li>\n<li>Opciones flexibles para la entrega de tarjetas de regalo, que incluyen correo electr\u00f3nico, impresi\u00f3n en casa y entrega f\u00edsica<\/li>\n<li>Seguimiento f\u00e1cil del inventario de tarjetas de regalo e historial de ventas<\/li>\n<li>Interfaz f\u00e1cil de usar tanto para administrador del sitio como para clientes<\/li>\n<li>Opci\u00f3n para la importaci\u00f3n\/exportaci\u00f3n masiva de datos de la tarjeta de regalo.<\/li>\n<\/ul>\n","protected":false},"excerpt":{"rendered":"<p>El gerente de regalos de WooCommerce cuenta con una funcionalidad s\u00f3lida, otorg\u00e1ndole la capacidad de generar y supervisar los productos de regalo sin esfuerzo dentro de su escaparate virtual. Al aprovechar este invaluable complemento, puede tener productos de regalo de moda sin esfuerzo que est\u00e1n disponibles para la compra de su estimada clientela, al tiempo que estipulan simult\u00e1neamente los requisitos previos que deben cumplirse antes de que se puedan aplicar regalos. Adem\u00e1s, posee la libertad de adaptar los mensajes y la est\u00e9tica de sus productos de regalo, simplificando as\u00ed la creaci\u00f3n de un encuentro de compras pulido y distinguido para sus valiosos clientes. Ergo, es indudablemente imperativo que cualquier propietario de la tienda en l\u00ednea que anhele reforzar las ventas y generar una mayor satisfacci\u00f3n del cliente para adquirir el notable gerente de regalos de WooCommerce.<\/p>\n","protected":false},"featured_media":168136,"comment_status":"open","ping_status":"open","template":"","meta":[],"product_brand":[2339],"product_cat":[1207,1248,1206],"product_tag":[1256],"class_list":{"0":"post-126615","1":"product","2":"type-product","3":"status-publish","4":"has-post-thumbnail","6":"product_brand-codecanyon","7":"product_cat-comercio-electronico-plugins","8":"product_cat-personalizacion-comercio-electronico-plugins","9":"product_cat-plugins","10":"product_tag-codecanyon","11":"member-discount","12":"discount-restricted","14":"first","15":"instock","16":"sale","17":"downloadable","18":"virtual","19":"sold-individually","20":"purchasable","21":"product-type-simple"},"_links":{"self":[{"href":"https:\/\/gpl-love.com\/es\/wp-json\/wp\/v2\/product\/126615","targetHints":{"allow":["GET"]}}],"collection":[{"href":"https:\/\/gpl-love.com\/es\/wp-json\/wp\/v2\/product"}],"about":[{"href":"https:\/\/gpl-love.com\/es\/wp-json\/wp\/v2\/types\/product"}],"replies":[{"embeddable":true,"href":"https:\/\/gpl-love.com\/es\/wp-json\/wp\/v2\/comments?post=126615"}],"wp:featuredmedia":[{"embeddable":true,"href":"https:\/\/gpl-love.com\/es\/wp-json\/wp\/v2\/media\/168136"}],"wp:attachment":[{"href":"https:\/\/gpl-love.com\/es\/wp-json\/wp\/v2\/media?parent=126615"}],"wp:term":[{"taxonomy":"product_brand","embeddable":true,"href":"https:\/\/gpl-love.com\/es\/wp-json\/wp\/v2\/product_brand?post=126615"},{"taxonomy":"product_cat","embeddable":true,"href":"https:\/\/gpl-love.com\/es\/wp-json\/wp\/v2\/product_cat?post=126615"},{"taxonomy":"product_tag","embeddable":true,"href":"https:\/\/gpl-love.com\/es\/wp-json\/wp\/v2\/product_tag?post=126615"}],"curies":[{"name":"wp","href":"https:\/\/api.w.org\/{rel}","templated":true}]}}