{"id":126613,"date":"2026-05-09T00:00:00","date_gmt":"2026-05-09T05:00:00","guid":{"rendered":"https:\/\/gpl-love.com\/es\/producto\/woocommerce-germanized-pro\/"},"modified":"2026-05-08T17:16:13","modified_gmt":"2026-05-08T22:16:13","slug":"woocommerce-germanized-pro","status":"publish","type":"product","link":"https:\/\/gpl-love.com\/es\/producto\/woocommerce-germanized-pro\/","title":{"rendered":"WooCommerce Germanized Pro 4.3.3"},"content":{"rendered":"<h3>WooCommerce Germanized Pro Caracteristicas<\/h3>\n<p>WooCommerce Germanized Pro, un complemento integral meticulosamente elaborado para ayudar a las empresas que operan en Alemania, sirve como una soluci\u00f3n confiable para cumplir con los estrictos requisitos de legislaci\u00f3n alemana relacionados con los establecimientos de comercio electr\u00f3nico. Su impresionante gama de caracter\u00edsticas abarca la provisi\u00f3n de textos legales personalizados, c\u00e1lculo de impuestos precisos y opciones de pago meticulosamente adaptadas espec\u00edficamente para satisfacer las necesidades \u00fanicas del mercado alem\u00e1n. Adem\u00e1s, este notable complemento va m\u00e1s all\u00e1 al ofrecer una mir\u00edada de funcionalidades, incluida la traducci\u00f3n perfecta de descripciones de productos, p\u00e1ginas de pago y correos electr\u00f3nicos al idioma alem\u00e1n, lo que permite que las empresas se comuniquen de manera efectiva con sus valiosos clientes. Adem\u00e1s, extiende su soporte integrando perfectamente m\u00e9todos de pago alemanes populares como PayPal y Sofort, simplificando as\u00ed el proceso de compra para los clientes y mejorando su experiencia general de compra. En esencia, WooCommerce Germanized Pro emerge como una herramienta indispensable indispensable para establecimientos de comercio electr\u00f3nico que operan dentro de Alemania, ya que garantiza efectivamente el cumplimiento legal al tiempo que fomenta simult\u00e1neamente un entorno centrado en el cliente.<\/p>\n<ul>\n<li>Agrega el cumplimiento total de los requisitos legales alemanes a su tienda de WooCommerce<\/li>\n<li>Muestra autom\u00e1ticamente precios, incluido el IVA para los clientes<\/li>\n<li>Administra tasas y reglas impositivas complejas para una variedad de tipos y servicios de productos<\/li>\n<li>Calcula y agrega costos de env\u00edo basados \u200b\u200ben ubicaciones y proveedores alemanes<\/li>\n<li>Se integra con opciones de complemento de pago y pago comunes<\/li>\n<li>Proporciona notificaciones autom\u00e1ticas de generaci\u00f3n de facturas y correo electr\u00f3nico<\/li>\n<li>Incluye textos legales personalizables para t\u00e9rminos y condiciones, pol\u00edtica de privacidad y m\u00e1s<\/li>\n<li>Ofrece soporte t\u00e9cnico receptivo y actualizaciones continuas para garantizar el cumplimiento de las leyes en evoluci\u00f3n<\/li>\n<\/ul>\n","protected":false},"excerpt":{"rendered":"<p>WooCommerce Germanized Pro, una herramienta de software notablemente robusta creada exclusivamente para empresas en l\u00ednea que funcionan dentro de los l\u00edmites de Alemania, surge como un activo indispensable. Al proporcionar una variedad de atributos y funcionalidades excepcionales, este complemento formidable ayuda efectivamente a los propietarios de los propietarios meticulosamente adheridos a la innumerable obligaciones legales que prevalecen en Alemania, mientras elevan el encuentro de compras para la clientela alemana exigente. Esta exquisita oferta abarca una impecable instalaci\u00f3n de traducci\u00f3n de idioma alem\u00e1n, un mecanismo de selecci\u00f3n de IVA aumentado, un cumplimiento impecable de DSGVO y una variedad de caracter\u00edsticas complementarias. La comodidad incomparable y la gesti\u00f3n sin esfuerzo que imparte este complemento hace que la tarea de maniobrar y adaptar un emporio en l\u00ednea en medio del reino alem\u00e1n no sea una brisa.<\/p>\n","protected":false},"featured_media":168134,"comment_status":"open","ping_status":"open","template":"","meta":[],"product_brand":[2602],"product_cat":[1207,1248,1206],"product_tag":[2248],"class_list":{"0":"post-126613","1":"product","2":"type-product","3":"status-publish","4":"has-post-thumbnail","6":"product_brand-vendidero","7":"product_cat-comercio-electronico-plugins","8":"product_cat-personalizacion-comercio-electronico-plugins","9":"product_cat-plugins","10":"product_tag-vendidero","11":"member-discount","12":"discount-restricted","14":"first","15":"instock","16":"sale","17":"downloadable","18":"virtual","19":"sold-individually","20":"purchasable","21":"product-type-simple"},"_links":{"self":[{"href":"https:\/\/gpl-love.com\/es\/wp-json\/wp\/v2\/product\/126613","targetHints":{"allow":["GET"]}}],"collection":[{"href":"https:\/\/gpl-love.com\/es\/wp-json\/wp\/v2\/product"}],"about":[{"href":"https:\/\/gpl-love.com\/es\/wp-json\/wp\/v2\/types\/product"}],"replies":[{"embeddable":true,"href":"https:\/\/gpl-love.com\/es\/wp-json\/wp\/v2\/comments?post=126613"}],"wp:featuredmedia":[{"embeddable":true,"href":"https:\/\/gpl-love.com\/es\/wp-json\/wp\/v2\/media\/168134"}],"wp:attachment":[{"href":"https:\/\/gpl-love.com\/es\/wp-json\/wp\/v2\/media?parent=126613"}],"wp:term":[{"taxonomy":"product_brand","embeddable":true,"href":"https:\/\/gpl-love.com\/es\/wp-json\/wp\/v2\/product_brand?post=126613"},{"taxonomy":"product_cat","embeddable":true,"href":"https:\/\/gpl-love.com\/es\/wp-json\/wp\/v2\/product_cat?post=126613"},{"taxonomy":"product_tag","embeddable":true,"href":"https:\/\/gpl-love.com\/es\/wp-json\/wp\/v2\/product_tag?post=126613"}],"curies":[{"name":"wp","href":"https:\/\/api.w.org\/{rel}","templated":true}]}}