{"id":126612,"date":"2021-02-09T00:00:00","date_gmt":"2021-02-09T05:00:00","guid":{"rendered":"https:\/\/gpl-love.com\/es\/producto\/woocommerce-frontend-shop-manager\/"},"modified":"2026-04-10T11:32:19","modified_gmt":"2026-04-10T16:32:19","slug":"woocommerce-frontend-shop-manager","status":"publish","type":"product","link":"https:\/\/gpl-love.com\/es\/producto\/woocommerce-frontend-shop-manager\/","title":{"rendered":"WooCommerce Frontend Shop Manager 4.5.2"},"content":{"rendered":"<h3>WooCommerce Frontend Shop Manager Caracteristicas<\/h3>\n<p>WooCommerce Frontend Shop Manager es una herramienta excepcionalmente vers\u00e1til e incre\u00edblemente potente que ha sido meticulosamente dise\u00f1ada para mejorar en gran medida la experiencia general del usuario de administrar y operar una tienda en l\u00ednea. Al emplear una interfaz intuitiva y notablemente f\u00e1cil de usar, esta herramienta fenomenal permite a los propietarios de tiendas la capacidad de administrar sin esfuerzo y convenientemente sus productos, pedidos y clientes directamente desde la interfaz de su sitio web. Sin necesidad de la necesidad de navegar a trav\u00e9s del backend del sitio, este ingenioso complemento ofrece a los usuarios la capacidad de editar o agregar nuevos productos, modificar los precios, administrar efectivamente los niveles de acciones y ejercer un control completo sobre otros aspectos esenciales de su tienda. En consecuencia, el gerente de la tienda de WooCommerce Frontend presenta una soluci\u00f3n perfecta y notablemente eficiente para manejar las innumerables operaciones diarias de una tienda, que finalmente culmin\u00f3 en un aumento sustancial en las ventas y un nivel elevado de satisfacci\u00f3n del cliente.<\/p>\n<ul>\n<li>Permite a los usuarios administrar su tienda WooCommerce directamente desde el interfaz de su sitio web<\/li>\n<li>Proporciona una interfaz de usuario intuitiva para agregar y editar productos, administrar pedidos y manejar datos de clientes<\/li>\n<li>Incluye caracter\u00edsticas avanzadas como edici\u00f3n de productos a granel, gesti\u00f3n de productos variables y atributos de productos personalizados<\/li>\n<li>Simplifica el proceso de creaci\u00f3n y gesti\u00f3n de cupones y descuentos para los clientes<\/li>\n<li>Permite la personalizaci\u00f3n de las p\u00e1ginas de visualizaci\u00f3n y categor\u00eda de productos, incluida la adici\u00f3n de campos personalizados y opciones de clasificaci\u00f3n<\/li>\n<li>Proporciona informes de ventas e ingresos en tiempo real, brindando a los propietarios de tiendas una idea del rendimiento de su tienda<\/li>\n<li>Se integra con las populares extensiones de WooCommerce, como las pasarelas de pago y los m\u00e9todos de env\u00edo<\/li>\n<li>Ofrece soporte de varios idiomas para atender a una base global de clientes<\/li>\n<li>Proporciona un dise\u00f1o receptivo, lo que facilita la administraci\u00f3n de su tienda desde cualquier dispositivo.<\/li>\n<\/ul>\n","protected":false},"excerpt":{"rendered":"<p>WooCommerce Frontend Shop Manager ofrece una soluci\u00f3n perfecta para los propietarios de tiendas en l\u00ednea, facilitando la gesti\u00f3n de su plataforma de comercio electr\u00f3nico directamente desde la parte delantera de su sitio web. Esta herramienta robusta faculta a los usuarios para agregar y modificar los productos sin esfuerzo, supervisar eficientemente los pedidos y monitorear de manera efectiva el inventario sin requerir acceso a la parte posterior de su sitio. Con una interfaz intuitiva y una variedad de caracter\u00edsticas potentes, esta soluci\u00f3n integral se presenta como la mejor opci\u00f3n para cualquier comerciante en l\u00ednea exigente que aspira a optimizar sus procesos operativos y mejorar la satisfacci\u00f3n de su valiosa clientela.<\/p>\n","protected":false},"featured_media":168133,"comment_status":"open","ping_status":"open","template":"","meta":[],"product_brand":[2339],"product_cat":[1208,1207,1206],"product_tag":[1256],"class_list":{"0":"post-126612","1":"product","2":"type-product","3":"status-publish","4":"has-post-thumbnail","6":"product_brand-codecanyon","7":"product_cat-administracion","8":"product_cat-comercio-electronico-plugins","9":"product_cat-plugins","10":"product_tag-codecanyon","11":"member-discount","12":"discount-restricted","14":"first","15":"instock","16":"sale","17":"downloadable","18":"virtual","19":"sold-individually","20":"purchasable","21":"product-type-simple"},"_links":{"self":[{"href":"https:\/\/gpl-love.com\/es\/wp-json\/wp\/v2\/product\/126612","targetHints":{"allow":["GET"]}}],"collection":[{"href":"https:\/\/gpl-love.com\/es\/wp-json\/wp\/v2\/product"}],"about":[{"href":"https:\/\/gpl-love.com\/es\/wp-json\/wp\/v2\/types\/product"}],"replies":[{"embeddable":true,"href":"https:\/\/gpl-love.com\/es\/wp-json\/wp\/v2\/comments?post=126612"}],"wp:featuredmedia":[{"embeddable":true,"href":"https:\/\/gpl-love.com\/es\/wp-json\/wp\/v2\/media\/168133"}],"wp:attachment":[{"href":"https:\/\/gpl-love.com\/es\/wp-json\/wp\/v2\/media?parent=126612"}],"wp:term":[{"taxonomy":"product_brand","embeddable":true,"href":"https:\/\/gpl-love.com\/es\/wp-json\/wp\/v2\/product_brand?post=126612"},{"taxonomy":"product_cat","embeddable":true,"href":"https:\/\/gpl-love.com\/es\/wp-json\/wp\/v2\/product_cat?post=126612"},{"taxonomy":"product_tag","embeddable":true,"href":"https:\/\/gpl-love.com\/es\/wp-json\/wp\/v2\/product_tag?post=126612"}],"curies":[{"name":"wp","href":"https:\/\/api.w.org\/{rel}","templated":true}]}}