{"id":126611,"date":"2024-10-14T00:00:00","date_gmt":"2024-10-14T05:00:00","guid":{"rendered":"https:\/\/gpl-love.com\/es\/producto\/woocommerce-frontend-manager-ultimate-wcfm\/"},"modified":"2026-03-09T08:22:17","modified_gmt":"2026-03-09T13:22:17","slug":"woocommerce-frontend-manager-ultimate-wcfm","status":"publish","type":"product","link":"https:\/\/gpl-love.com\/es\/producto\/woocommerce-frontend-manager-ultimate-wcfm\/","title":{"rendered":"WooCommerce Frontend Manager Ultimate (WCFM) 6.7.5"},"content":{"rendered":"<h3>WooCommerce Frontend Manager Ultimate (WCFM) Caracteristicas<\/h3>\n<p>WooCommerce Frontend Manager Ultimate (WCFM) es una herramienta excepcionalmente poderosa que empodera a los propietarios de sitios web con la gesti\u00f3n eficiente de sus tiendas en l\u00ednea. Al aprovechar WCFM, los propietarios de sitios web pueden otorgar a sus proveedores un control integral sobre aspectos cruciales como productos, pedidos, cupones y m\u00e1s, todo el tiempo manteniendo una vista de p\u00e1jaro de las operaciones de la tienda. La interfaz f\u00e1cil de usar del complemento garantiza la utilizaci\u00f3n sin esfuerzo, lo que permite a los proveedores integrar, modificar y eliminar los productos de su tienda. Adem\u00e1s, este complemento abarca una variedad de caracter\u00edsticas que incluyen an\u00e1lisis avanzados, capacidades de gesti\u00f3n de env\u00edos y la capacidad de incorporar variaciones de productos, lo que le convierte en un activo indispensable para cualquier persona que participe en el \u00e1mbito de la gesti\u00f3n de tiendas en l\u00ednea. En resumen, WCFM se presenta como una soluci\u00f3n excepcional para las personas que buscan optimizar la funcionalidad de su tienda y aumentar la experiencia general de compra para su estimada clientela.<\/p>\n<ul>\n<li>Proporciona una soluci\u00f3n integral de gesti\u00f3n front-end para las tiendas WooCommerce<\/li>\n<li>Permite a los propietarios de tiendas delegar operaciones de la tienda a m\u00faltiples proveedores<\/li>\n<li>Permite a los proveedores administrar sus propios productos, pedidos, cupones e informes<\/li>\n<li>Ofrece un tablero personalizable para cada proveedor con una gama de widgets<\/li>\n<li>Incluye herramientas avanzadas de gesti\u00f3n de productos como importaci\u00f3n\/exportaci\u00f3n de productos, gesti\u00f3n de galer\u00edas y edici\u00f3n de productos front-end<\/li>\n<li>Admite m\u00faltiples tipos de productos, incluidos productos simples, variables, agrupados, externos y de suscripci\u00f3n<\/li>\n<li>Proporciona un sistema dedicado de gesti\u00f3n de citas y reservas<\/li>\n<li>Ofrece un sistema integrado de gesti\u00f3n de env\u00edo con soporte para m\u00faltiples m\u00e9todos de env\u00edo y zonas<\/li>\n<li>Incluye un sistema de mensajer\u00eda incorporado para proveedores y clientes.<\/li>\n<li>Ofrece una amplia integraci\u00f3n de la pasarela de pago y el soporte de m\u00faltiples divisas<\/li>\n<li>Proporciona herramientas detalladas de informes y an\u00e1lisis para proveedores y propietarios de tiendas.<\/li>\n<\/ul>\n","protected":false},"excerpt":{"rendered":"<p>WooCommerce Frontend Manager Ultimate (WCFM) es una herramienta incre\u00edblemente robusta y altamente efectiva, dise\u00f1ada espec\u00edficamente para optimizar y optimizar la administraci\u00f3n de su tienda en l\u00ednea. Al aprovechar el poder de WCFM, los proveedores est\u00e1n facultados para supervisar y mantener sin esfuerzo el control sobre su propia gama expansiva de productos, \u00f3rdenes de proceso sin problemas e interactuar con los clientes, todo a trav\u00e9s del interfaz intuitivo del sitio web. Adem\u00e1s, esta plataforma excepcional ofrece la comodidad adicional de habilitar cargas de productos sencillos, al tiempo que cuenta con una variedad de caracter\u00edsticas altamente deseables, incluido el c\u00e1lculo automatizado de las comisiones, la capacidad de editar productos a granel y una amplia selecci\u00f3n de alternativas de env\u00edo y pago flexibles. . Evidentemente, WCFM representa la soluci\u00f3n definitiva para las personas que buscan administrar su tienda en l\u00ednea de una manera que sea refrescantemente f\u00e1cil de usar y notablemente eficiente.<\/p>\n","protected":false},"featured_media":168132,"comment_status":"open","ping_status":"open","template":"","meta":[],"product_brand":[2601],"product_cat":[1208,1207,1206],"product_tag":[1779],"class_list":{"0":"post-126611","1":"product","2":"type-product","3":"status-publish","4":"has-post-thumbnail","6":"product_brand-wc-lovers","7":"product_cat-administracion","8":"product_cat-comercio-electronico-plugins","9":"product_cat-plugins","10":"product_tag-wc-lovers","11":"member-discount","12":"discount-restricted","14":"first","15":"instock","16":"sale","17":"downloadable","18":"virtual","19":"sold-individually","20":"purchasable","21":"product-type-simple"},"_links":{"self":[{"href":"https:\/\/gpl-love.com\/es\/wp-json\/wp\/v2\/product\/126611","targetHints":{"allow":["GET"]}}],"collection":[{"href":"https:\/\/gpl-love.com\/es\/wp-json\/wp\/v2\/product"}],"about":[{"href":"https:\/\/gpl-love.com\/es\/wp-json\/wp\/v2\/types\/product"}],"replies":[{"embeddable":true,"href":"https:\/\/gpl-love.com\/es\/wp-json\/wp\/v2\/comments?post=126611"}],"wp:featuredmedia":[{"embeddable":true,"href":"https:\/\/gpl-love.com\/es\/wp-json\/wp\/v2\/media\/168132"}],"wp:attachment":[{"href":"https:\/\/gpl-love.com\/es\/wp-json\/wp\/v2\/media?parent=126611"}],"wp:term":[{"taxonomy":"product_brand","embeddable":true,"href":"https:\/\/gpl-love.com\/es\/wp-json\/wp\/v2\/product_brand?post=126611"},{"taxonomy":"product_cat","embeddable":true,"href":"https:\/\/gpl-love.com\/es\/wp-json\/wp\/v2\/product_cat?post=126611"},{"taxonomy":"product_tag","embeddable":true,"href":"https:\/\/gpl-love.com\/es\/wp-json\/wp\/v2\/product_tag?post=126611"}],"curies":[{"name":"wp","href":"https:\/\/api.w.org\/{rel}","templated":true}]}}