{"id":126610,"date":"2025-10-29T00:00:00","date_gmt":"2025-10-29T05:00:00","guid":{"rendered":"https:\/\/gpl-love.com\/es\/producto\/woocommerce-freshdesk\/"},"modified":"2026-03-09T08:22:15","modified_gmt":"2026-03-09T13:22:15","slug":"woocommerce-freshdesk","status":"publish","type":"product","link":"https:\/\/gpl-love.com\/es\/producto\/woocommerce-freshdesk\/","title":{"rendered":"WooCommerce Freshdesk 1.4.0"},"content":{"rendered":"<h3>WooCommerce Freshdesk Caracteristicas<\/h3>\n<p>El complemento WooCommerce Freshdesk es una herramienta notablemente potente que combina sin problemas su tienda WooCommerce con el sistema de boletos Freshdesk, que le otorga una multitud de caracter\u00edsticas extensas que le permiten manejar competencia a sus interacciones y solicitudes de soporte de sus clientes. Al emplear este complemento, tiene la conveniencia de generar boletos sin esfuerzo basados \u200b\u200ben pedidos, leer a trav\u00e9s de los detalles del cliente y abordar r\u00e1pidamente las preocupaciones de los clientes directamente desde la plataforma FreshDesk. Adem\u00e1s, tiene la capacidad de administrar efectivamente sus pedidos de WooCommerce a trav\u00e9s del tablero de Freshdesk, lo que le permite monitorear y supervisar convenientemente todos los compromisos de sus clientes en una sola ubicaci\u00f3n consolidada. En \u00faltima instancia, WooCommerce Freshdesk se destaca como un instrumento indispensable para cualquier propietario de la tienda de WooCommerce que tenga como objetivo brindar una atenci\u00f3n al cliente excepcional y optimizar sus operaciones comerciales.<\/p>\n<ul>\n<li>Integra sin problemas el software de atenci\u00f3n al cliente Freshdesk con su tienda WooCommerce<\/li>\n<li>Crea autom\u00e1ticamente boletos en Freshdesk para consultas y problemas de los clientes<\/li>\n<li>Mejora el tiempo de respuesta y la satisfacci\u00f3n del cliente al consolidar y organizar todas las consultas de atenci\u00f3n al cliente en un solo lugar<\/li>\n<li>Permite a los agentes de atenci\u00f3n al cliente acceder r\u00e1pidamente al pedido y la informaci\u00f3n del cliente de WooCommerce mientras trabajan en Freshdesk<\/li>\n<li>Proporciona una plataforma unificada para administrar pedidos, datos de clientes y consultas de servicio al cliente<\/li>\n<li>Agiliza el proceso de atenci\u00f3n al cliente y reduce la posibilidad de consultas perdidas o respuestas duplicadas<\/li>\n<li>Se puede configurar y personalizar f\u00e1cilmente para satisfacer sus necesidades comerciales espec\u00edficas<\/li>\n<li>Compatible con las \u00faltimas versiones de WooCommerce y Freshdesk<\/li>\n<li>Proporciona informes y an\u00e1lisis detallados sobre el rendimiento y las tendencias de atenci\u00f3n al cliente<\/li>\n<li>Ofrece servicios t\u00e9cnicos integrales y servicios de mantenimiento<\/li>\n<\/ul>\n","protected":false},"excerpt":{"rendered":"<p>El complemento WooCommerce Freshdesk facilita la integraci\u00f3n perfecta de su tienda en l\u00ednea y Freshdesk, lo que le permite manejar efectivamente las solicitudes de atenci\u00f3n al cliente directamente desde su tablero de WooCommerce. Al incorporar este complemento en su sistema, puede optimizar y mejorar la experiencia general del cliente al administrar eficientemente las consultas de preventa, resolver complicaciones relacionadas con el pedido y abordar de manera efectiva a otros preocupaciones de los clientes. En consecuencia, esta integraci\u00f3n le permite mantener un enfoque organizado y simplificado hacia la atenci\u00f3n al cliente, lo que resulta en un ahorro de tiempo significativo y la provisi\u00f3n de servicio al cliente de primer nivel. Abrace el poder de WooCommerce Freshdesk y sea testigo de la transformaci\u00f3n que aporta a sus operaciones comerciales.<\/p>\n","protected":false},"featured_media":168131,"comment_status":"open","ping_status":"open","template":"","meta":[],"product_brand":[2344],"product_cat":[1208,1207,1206],"product_tag":[1423],"class_list":{"0":"post-126610","1":"product","2":"type-product","3":"status-publish","4":"has-post-thumbnail","6":"product_brand-woocommerce","7":"product_cat-administracion","8":"product_cat-comercio-electronico-plugins","9":"product_cat-plugins","10":"product_tag-woocommerce","11":"member-discount","12":"discount-restricted","14":"first","15":"instock","16":"sale","17":"downloadable","18":"virtual","19":"sold-individually","20":"purchasable","21":"product-type-simple"},"_links":{"self":[{"href":"https:\/\/gpl-love.com\/es\/wp-json\/wp\/v2\/product\/126610","targetHints":{"allow":["GET"]}}],"collection":[{"href":"https:\/\/gpl-love.com\/es\/wp-json\/wp\/v2\/product"}],"about":[{"href":"https:\/\/gpl-love.com\/es\/wp-json\/wp\/v2\/types\/product"}],"replies":[{"embeddable":true,"href":"https:\/\/gpl-love.com\/es\/wp-json\/wp\/v2\/comments?post=126610"}],"wp:featuredmedia":[{"embeddable":true,"href":"https:\/\/gpl-love.com\/es\/wp-json\/wp\/v2\/media\/168131"}],"wp:attachment":[{"href":"https:\/\/gpl-love.com\/es\/wp-json\/wp\/v2\/media?parent=126610"}],"wp:term":[{"taxonomy":"product_brand","embeddable":true,"href":"https:\/\/gpl-love.com\/es\/wp-json\/wp\/v2\/product_brand?post=126610"},{"taxonomy":"product_cat","embeddable":true,"href":"https:\/\/gpl-love.com\/es\/wp-json\/wp\/v2\/product_cat?post=126610"},{"taxonomy":"product_tag","embeddable":true,"href":"https:\/\/gpl-love.com\/es\/wp-json\/wp\/v2\/product_tag?post=126610"}],"curies":[{"name":"wp","href":"https:\/\/api.w.org\/{rel}","templated":true}]}}