{"id":126609,"date":"2021-02-09T00:00:00","date_gmt":"2021-02-09T05:00:00","guid":{"rendered":"https:\/\/gpl-love.com\/es\/producto\/woocommerce-freshbooks\/"},"modified":"2026-04-10T11:32:18","modified_gmt":"2026-04-10T16:32:18","slug":"woocommerce-freshbooks","status":"publish","type":"product","link":"https:\/\/gpl-love.com\/es\/producto\/woocommerce-freshbooks\/","title":{"rendered":"WooCommerce FreshBooks 3.14.1"},"content":{"rendered":"<h3>WooCommerce FreshBooks Caracteristicas<\/h3>\n<p>La integraci\u00f3n entre WooCommerce y FreshBooks es una herramienta incre\u00edblemente robusta y eficiente que mejora y optimiza en gran medida los procesos de contabilidad y contabilidad dentro de su tienda en l\u00ednea. Al incorporar este poderoso complemento en su sistema, obtiene la capacidad de sincronizar sin problemas sus datos de ventas de WooCommerce con FreshBooks, lo que resulta en la automatizaci\u00f3n de varios aspectos cruciales, como la facturaci\u00f3n, los pagos y el seguimiento de gastos. Adem\u00e1s, esta integraci\u00f3n va m\u00e1s all\u00e1 de lo b\u00e1sico al proporcionar soporte para transacciones de m\u00faltiples monedas, satisfaciendo las necesidades de las empresas que operan a escala global. La utilizaci\u00f3n de WooCommerce FreshBooks no solo le ahorra un tiempo valioso, sino que tambi\u00e9n minimiza significativamente la probabilidad de errores, lo que permite una comprensi\u00f3n m\u00e1s precisa e integral de sus finanzas. Adem\u00e1s, la implementaci\u00f3n de esta integraci\u00f3n se hace a\u00fan m\u00e1s conveniente por sus opciones de configuraci\u00f3n y personalizaci\u00f3n f\u00e1ciles de usar, que le permiten adaptarlo precisamente a sus requisitos comerciales espec\u00edficos. En conclusi\u00f3n, para cualquier propietario de una tienda de WooCommerce que busque optimizar sus procesos contables y estimular el crecimiento de su negocio, la inclusi\u00f3n de esta integraci\u00f3n es una necesidad absoluta.<\/p>\n<ul>\n<li>Integra sin problemas las plataformas de WooCommerce y FreshBooks<\/li>\n<li>Sincroniza autom\u00e1ticamente los datos del cliente y ordene entre las dos plataformas<\/li>\n<li>Minimiza la entrada de datos manuales y reduce el riesgo de errores<\/li>\n<li>Genera y env\u00eda facturas desde FreshBooks con solo unos pocos clics<\/li>\n<li>Permite un f\u00e1cil seguimiento de pagos y saldos pendientes<\/li>\n<li>Proporciona una visi\u00f3n general integral de los datos financieros y de ventas en ambas plataformas<\/li>\n<li>Ahorra tiempo y aumenta la eficiencia para los minoristas en l\u00ednea<\/li>\n<li>Mejora la satisfacci\u00f3n del cliente con una facturaci\u00f3n y un procesamiento de pedidos m\u00e1s r\u00e1pido y preciso.<\/li>\n<\/ul>\n","protected":false},"excerpt":{"rendered":"<p>La integraci\u00f3n de software altamente efectiva conocida como Input WooCommerce FreshBooks proporciona una conexi\u00f3n perfecta entre su tienda WooCommerce y los FreshBooks de plataforma de contabilidad ampliamente utilizados. A trav\u00e9s de esta integraci\u00f3n, tiene la capacidad de transferir sin esfuerzo sus pedidos, clientes y productos de WooCommerce a FreshBooks, optimizando y optimizando as\u00ed sus procedimientos de contabilidad y facturaci\u00f3n. Vuelva a despedirme de la cartera de la entrada de datos manuales y agradece c\u00e1lidamente la mayor eficiencia y precisi\u00f3n que trae esta integraci\u00f3n. La entrada WooCommerce FreshBooks surge como una herramienta indispensable para cualquier propietario de una tienda en l\u00ednea que busque simplificar su gesti\u00f3n financiera.<\/p>\n","protected":false},"featured_media":168130,"comment_status":"open","ping_status":"open","template":"","meta":[],"product_brand":[2344],"product_cat":[1207,1225,1206],"product_tag":[1423],"class_list":{"0":"post-126609","1":"product","2":"type-product","3":"status-publish","4":"has-post-thumbnail","6":"product_brand-woocommerce","7":"product_cat-comercio-electronico-plugins","8":"product_cat-marketing","9":"product_cat-plugins","10":"product_tag-woocommerce","11":"member-discount","12":"discount-restricted","14":"first","15":"instock","16":"sale","17":"downloadable","18":"virtual","19":"sold-individually","20":"purchasable","21":"product-type-simple"},"_links":{"self":[{"href":"https:\/\/gpl-love.com\/es\/wp-json\/wp\/v2\/product\/126609","targetHints":{"allow":["GET"]}}],"collection":[{"href":"https:\/\/gpl-love.com\/es\/wp-json\/wp\/v2\/product"}],"about":[{"href":"https:\/\/gpl-love.com\/es\/wp-json\/wp\/v2\/types\/product"}],"replies":[{"embeddable":true,"href":"https:\/\/gpl-love.com\/es\/wp-json\/wp\/v2\/comments?post=126609"}],"wp:featuredmedia":[{"embeddable":true,"href":"https:\/\/gpl-love.com\/es\/wp-json\/wp\/v2\/media\/168130"}],"wp:attachment":[{"href":"https:\/\/gpl-love.com\/es\/wp-json\/wp\/v2\/media?parent=126609"}],"wp:term":[{"taxonomy":"product_brand","embeddable":true,"href":"https:\/\/gpl-love.com\/es\/wp-json\/wp\/v2\/product_brand?post=126609"},{"taxonomy":"product_cat","embeddable":true,"href":"https:\/\/gpl-love.com\/es\/wp-json\/wp\/v2\/product_cat?post=126609"},{"taxonomy":"product_tag","embeddable":true,"href":"https:\/\/gpl-love.com\/es\/wp-json\/wp\/v2\/product_tag?post=126609"}],"curies":[{"name":"wp","href":"https:\/\/api.w.org\/{rel}","templated":true}]}}