{"id":126608,"date":"2026-01-23T00:00:00","date_gmt":"2026-01-23T05:00:00","guid":{"rendered":"https:\/\/gpl-love.com\/es\/producto\/woocommerce-free-shipping-bar-increase-average-order-value\/"},"modified":"2026-04-10T11:32:17","modified_gmt":"2026-04-10T16:32:17","slug":"woocommerce-free-shipping-bar-increase-average-order-value","status":"publish","type":"product","link":"https:\/\/gpl-love.com\/es\/producto\/woocommerce-free-shipping-bar-increase-average-order-value\/","title":{"rendered":"WooCommerce Free Shipping Bar 1.2.10"},"content":{"rendered":"<h3>WooCommerce Free Shipping Bar Caracteristicas<\/h3>\n<p>WooCommerce Free Shipping Bar, una herramienta altamente efectiva dise\u00f1ada meticulosamente para mejorar el valor de pedido promedio de su tienda en l\u00ednea, posee la capacidad de integrar una barra de env\u00edo gratuita en su sitio web, incentivando as\u00ed a los usuarios para aumentar los art\u00edculos dentro de sus carros de compras virtuales para que cumplir con los requisitos para el env\u00edo gratuito. A trav\u00e9s del establecimiento de un valor m\u00ednimo de carrito que garantiza el env\u00edo gratuito, tiene la capacidad de amplificar sus cifras de ventas y fomentar un sentido de urgencia para que los clientes obtengan mercanc\u00edas adicionales. La flexibilidad incomparable de la barra de env\u00edo gratuita de WooCommerce le permite adaptar sin esfuerzo la configuraci\u00f3n para alinearse perfectamente con la marca y la est\u00e9tica distintiva de su tienda. Debido a su proceso de instalaci\u00f3n sin esfuerzo y su interfaz f\u00e1cil de usar, este complemento representa una soluci\u00f3n \u00f3ptima para cualquier propietario de la tienda en l\u00ednea que busca elevar su flujo de ingresos y mejorar su valor de pedido promedio.<\/p>\n<ul>\n<li>Alienta a los clientes a gastar m\u00e1s ofreciendo env\u00edo gratis<\/li>\n<li>F\u00e1cil de instalar y configurar en su sitio web de WooCommerce<\/li>\n<li>Totalmente personalizable para que coincida con la apariencia de su marca<\/li>\n<li>Ofrece diferentes opciones de env\u00edo gratuitas, como umbral o tarifa plana.<\/li>\n<li>Ayuda a aumentar las ventas y aumentar la lealtad del cliente<\/li>\n<li>Pistas y pantallas progresos hacia un objetivo de env\u00edo gratuito<\/li>\n<li>Muestra una oferta de env\u00edo gratuita prominentemente en el sitio web para llamar la atenci\u00f3n de los clientes<\/li>\n<li>Admite m\u00faltiples idiomas y monedas internacionales para empresas globales<\/li>\n<li>Compatible con temas y complementos populares de WooCommerce<\/li>\n<\/ul>\n","protected":false},"excerpt":{"rendered":"<p>Si est\u00e1 buscando una soluci\u00f3n confiable y eficiente para mejorar el valor de su pedido promedio, entonces nuestra excepcional y notable barra de env\u00edo gratuita de WooCommerce es la herramienta ideal para usted. Al emplear esta barra excepcional, se le otorga la capacidad de establecer sin esfuerzo un umbral predeterminado para lograr un estado de env\u00edo gratuito, lo que le permite informar e iluminar r\u00e1pidamente a sus clientes estimados con respecto a la cantidad precisa de gastos adicionales requeridos para que ellos desbloqueen con \u00e9xito esto muy buscado. -Despilante de privilegios. En consecuencia, este enfoque innovador y estrat\u00e9gico motiva y alienta efectivamente a sus valiosos clientes a aumentar la cantidad de art\u00edculos presentes dentro de su carrito de compras en l\u00ednea, lo que en consecuencia produce un valor de pedido promedio sustancialmente elevado, lo que demuestra de manera concluyente ser inequ\u00edvocamente ventajosa para el crecimiento pr\u00f3spero y el desarrollo de Su estimada empresa comercial. Adem\u00e1s, vale la pena mencionar que nuestra incomparable bar de env\u00edo de WooCommerce gratuita es integralmente personalizable, lo que le brinda total autonom\u00eda y libertad para adaptarla meticulosamente para alinearse y armonizar con la inactividad general y visual general de su marca. Por lo tanto, es indudablemente prudente y aconsejable que comience a aprovechar r\u00e1pidamente las innumerables ventajas y beneficios que esta soluci\u00f3n notable e innovadora tiene para ofrecer, principalmente en t\u00e9rminos de generar cifras de ventas y, en \u00faltima instancia. Nuestra barra de env\u00edo gratuita de WooCommerce sin m\u00e1s demora.<\/p>\n","protected":false},"featured_media":168129,"comment_status":"open","ping_status":"open","template":"","meta":[],"product_brand":[2339],"product_cat":[1207,1248,1206],"product_tag":[1256],"class_list":{"0":"post-126608","1":"product","2":"type-product","3":"status-publish","4":"has-post-thumbnail","6":"product_brand-codecanyon","7":"product_cat-comercio-electronico-plugins","8":"product_cat-personalizacion-comercio-electronico-plugins","9":"product_cat-plugins","10":"product_tag-codecanyon","11":"member-discount","12":"discount-restricted","14":"first","15":"instock","16":"sale","17":"downloadable","18":"virtual","19":"sold-individually","20":"purchasable","21":"product-type-simple"},"_links":{"self":[{"href":"https:\/\/gpl-love.com\/es\/wp-json\/wp\/v2\/product\/126608","targetHints":{"allow":["GET"]}}],"collection":[{"href":"https:\/\/gpl-love.com\/es\/wp-json\/wp\/v2\/product"}],"about":[{"href":"https:\/\/gpl-love.com\/es\/wp-json\/wp\/v2\/types\/product"}],"replies":[{"embeddable":true,"href":"https:\/\/gpl-love.com\/es\/wp-json\/wp\/v2\/comments?post=126608"}],"wp:featuredmedia":[{"embeddable":true,"href":"https:\/\/gpl-love.com\/es\/wp-json\/wp\/v2\/media\/168129"}],"wp:attachment":[{"href":"https:\/\/gpl-love.com\/es\/wp-json\/wp\/v2\/media?parent=126608"}],"wp:term":[{"taxonomy":"product_brand","embeddable":true,"href":"https:\/\/gpl-love.com\/es\/wp-json\/wp\/v2\/product_brand?post=126608"},{"taxonomy":"product_cat","embeddable":true,"href":"https:\/\/gpl-love.com\/es\/wp-json\/wp\/v2\/product_cat?post=126608"},{"taxonomy":"product_tag","embeddable":true,"href":"https:\/\/gpl-love.com\/es\/wp-json\/wp\/v2\/product_tag?post=126608"}],"curies":[{"name":"wp","href":"https:\/\/api.w.org\/{rel}","templated":true}]}}