{"id":126607,"date":"2025-10-14T00:00:00","date_gmt":"2025-10-14T05:00:00","guid":{"rendered":"https:\/\/gpl-love.com\/es\/producto\/woocommerce-free-gift-coupons\/"},"modified":"2026-03-09T08:22:11","modified_gmt":"2026-03-09T13:22:11","slug":"woocommerce-free-gift-coupons","status":"publish","type":"product","link":"https:\/\/gpl-love.com\/es\/producto\/woocommerce-free-gift-coupons\/","title":{"rendered":"WooCommerce Free Gift Coupons 3.8.0"},"content":{"rendered":"<h3>WooCommerce Free Gift Coupons Caracteristicas<\/h3>\n<p>WooCommerce Free Gift Coupons, un complemento notable, presenta una oportunidad atractiva para que los clientes obtengan obsequios de cortes\u00eda junto con sus compras. Esta caracter\u00edstica innovadora sirve como una t\u00e1ctica de marketing estrat\u00e9gica para aflarar una base de clientes m\u00e1s amplia y posteriormente elevar las cifras de ventas. Con este complemento, los propietarios de tiendas obtienen la capacidad de fabricar cupones que extienden productos o descuentos gratuitos en art\u00edculos de mercanc\u00eda designados. Adem\u00e1s, la flexibilidad inherente de estos cupones se aunde, ya que pueden personalizarse con reglas y restricciones meticulosamente elaboradas, asegurando as\u00ed su adherencia a par\u00e1metros de uso espec\u00edficos. Compatible con todos los temas de WooCommerce, este complemento se integra perfectamente en cualquier tienda en l\u00ednea, lo que permite una configuraci\u00f3n sin esfuerzo para cumplir con los requisitos \u00fanicos del propietario de cada tienda. En resumen, los cupones de regalo gratuitos de WooCommerce surgen como un recurso indispensable para cultivar la lealtad del cliente y impulsar las ventas a alturas sin precedentes.<\/p>\n<ul>\n<li>Le permite crear y ofrecer cupones de regalo gratuitos a los clientes en su tienda WooCommerce<\/li>\n<li>Opciones personalizables para crear c\u00f3digos de cup\u00f3n \u00fanicos y configurar par\u00e1metros espec\u00edficos para el uso del cup\u00f3n<\/li>\n<li>Proporciona una forma de incentivar a los clientes para realizar compras y aumentar las ventas en su tienda<\/li>\n<li>F\u00e1cil de usar e integrar con su configuraci\u00f3n existente de WooCommerce<\/li>\n<li>Se puede usar en combinaci\u00f3n con otros complementos y extensiones de WooCommerce para obtener a\u00fan m\u00e1s funcionalidad<\/li>\n<li>Ayuda a desarrollar la lealtad del cliente y alentar a los negocios repetidos mediante el uso de ofertas y promociones especiales.<\/li>\n<\/ul>\n","protected":false},"excerpt":{"rendered":"<p>Experimente la conveniencia y eficacia de generar cupones de regalo de cortes\u00eda sin esfuerzo para su estimada tienda de WooCommerce aprovechando las notables capacidades de nuestros cupones de regalo gratuitos de WooCommerce de vanguardia. Al proporcionar a sus clientes valiosos un incentivo convincente para participar en una transacci\u00f3n de compra con su marca estimada, puede amplificar de manera efectiva sus cifras de ventas y fomentar un mayor sentido de lealtad entre su apreciada clientela. Aprovechar una interfaz perfecta navegable y una variedad de opciones personalizables, el proceso de fabricaci\u00f3n y difusi\u00f3n de cupones de regalo se ha simplificado y simplificado asombrosamente. \u00a1No pierda el tiempo en embarcarse en su viaje para mejorar la exposici\u00f3n de sus estimadas ofertas de productos y fortalecer sus rendimientos financieros aprovechando esta oportunidad incomparable hoy!<\/p>\n","protected":false},"featured_media":168128,"comment_status":"open","ping_status":"open","template":"","meta":[],"product_brand":[2344],"product_cat":[1208,1207,1206],"product_tag":[1423],"class_list":{"0":"post-126607","1":"product","2":"type-product","3":"status-publish","4":"has-post-thumbnail","6":"product_brand-woocommerce","7":"product_cat-administracion","8":"product_cat-comercio-electronico-plugins","9":"product_cat-plugins","10":"product_tag-woocommerce","11":"member-discount","12":"discount-restricted","14":"first","15":"instock","16":"sale","17":"downloadable","18":"virtual","19":"sold-individually","20":"purchasable","21":"product-type-simple"},"_links":{"self":[{"href":"https:\/\/gpl-love.com\/es\/wp-json\/wp\/v2\/product\/126607","targetHints":{"allow":["GET"]}}],"collection":[{"href":"https:\/\/gpl-love.com\/es\/wp-json\/wp\/v2\/product"}],"about":[{"href":"https:\/\/gpl-love.com\/es\/wp-json\/wp\/v2\/types\/product"}],"replies":[{"embeddable":true,"href":"https:\/\/gpl-love.com\/es\/wp-json\/wp\/v2\/comments?post=126607"}],"wp:featuredmedia":[{"embeddable":true,"href":"https:\/\/gpl-love.com\/es\/wp-json\/wp\/v2\/media\/168128"}],"wp:attachment":[{"href":"https:\/\/gpl-love.com\/es\/wp-json\/wp\/v2\/media?parent=126607"}],"wp:term":[{"taxonomy":"product_brand","embeddable":true,"href":"https:\/\/gpl-love.com\/es\/wp-json\/wp\/v2\/product_brand?post=126607"},{"taxonomy":"product_cat","embeddable":true,"href":"https:\/\/gpl-love.com\/es\/wp-json\/wp\/v2\/product_cat?post=126607"},{"taxonomy":"product_tag","embeddable":true,"href":"https:\/\/gpl-love.com\/es\/wp-json\/wp\/v2\/product_tag?post=126607"}],"curies":[{"name":"wp","href":"https:\/\/api.w.org\/{rel}","templated":true}]}}