{"id":126606,"date":"2026-05-09T00:00:00","date_gmt":"2026-05-09T05:00:00","guid":{"rendered":"https:\/\/gpl-love.com\/es\/producto\/woocommerce-force-sells\/"},"modified":"2026-05-08T17:16:13","modified_gmt":"2026-05-08T22:16:13","slug":"woocommerce-force-sells","status":"publish","type":"product","link":"https:\/\/gpl-love.com\/es\/producto\/woocommerce-force-sells\/","title":{"rendered":"WooCommerce Force Sells 2.0.1"},"content":{"rendered":"<h3>WooCommerce Force Sells Caracteristicas<\/h3>\n<p>El complemento WooCommerce Force Sells es una herramienta incre\u00edblemente robusta para empresarios de comercio electr\u00f3nico que buscan aumentar sus ingresos por ventas a trav\u00e9s de la inclusi\u00f3n de productos adicionales en el momento del pago. Este complemento cuenta con la capacidad de generar sin esfuerzo paquetes de productos, as\u00ed como art\u00edculos de venta adicional para su estimada clientela. Adem\u00e1s, le permite establecer productos obligatorios que deben adquirirse junto con otros productos, lo que garantiza que sus estimados clientes obtengan todos los componentes necesarios para una experiencia que lo abarca todo. Este complemento es incre\u00edblemente f\u00e1cil de usar y posee la capacidad de adaptarse para alinearse perfectamente con su identidad de marca y requisitos comerciales. Armado con el complemento WooCommerce Force Sells, estar\u00e1 equipado para magnificar sus cifras de ventas y al mismo tiempo proporcionar a sus clientes valiosos una experiencia de compra mejorada y m\u00e1s gratificante, mientras que aumenta sus flujos de ingresos.<\/p>\n<ul>\n<li>Aumenta las ventas ofreciendo productos complementarios a los clientes durante el pago<\/li>\n<li>Obliga a los clientes a agregar productos espec\u00edficos a su carrito antes de poder pagar<\/li>\n<li>Instalaci\u00f3n f\u00e1cil y configuraci\u00f3n simple<\/li>\n<li>Opciones flexibles para personalizar las reglas de venta de fuerza<\/li>\n<li>Compatible con productos variables y productos de suscripci\u00f3n en WooCommerce<\/li>\n<li>Ayuda a reducir la tasa de carrito abandonado alentando a los clientes a agregar m\u00e1s art\u00edculos a su carrito<\/li>\n<li>Interfaz f\u00e1cil de usar para que los propietarios de tiendas administren productos de venta de fuerza<\/li>\n<li>Aumenta los ingresos por pedido ofreciendo productos relevantes a los clientes<\/li>\n<li>Demostrado que es efectivo para aumentar las ventas para las tiendas de WooCommerce<\/li>\n<\/ul>\n","protected":false},"excerpt":{"rendered":"<p>WooCommerce Force Sells es un complemento inmensamente robusto que ha sido dise\u00f1ado espec\u00edficamente para satisfacer las necesidades de los propietarios de tiendas en l\u00ednea que buscan ansiosamente estrategias efectivas para aumentar sus ingresos por ventas. En virtud de esta herramienta ejemplar, se le otorga la notable capacidad de incorporar a la perfecci\u00f3n una caracter\u00edstica de \u00abfuerza de fuerza\u00bb muy ventajosa en las p\u00e1ginas de sus productos, lo que le permite proporcionar a sus clientes recomendaciones valiosas relacionadas con productos relacionados o bundles de productos de venta adicional que vine . Esta funcionalidad incomparable sirve como un medio excepcional para aumentar su valor de venta promedio persuadiendo efectivamente a sus estimados clientes para que se entregue a la compra de m\u00faltiples art\u00edculos en una sola transacci\u00f3n. Adem\u00e1s, el complemento ofrece una extensa gama de opciones de personalizaci\u00f3n, facilitando as\u00ed un proceso sin esfuerzo de adaptar sus recomendaciones para alinear perfectamente con las preferencias y requisitos \u00fanicos de su estimada audiencia, al tiempo que armoniza impecablemente con las caracter\u00edsticas distintivas de sus productos. No pierda el tiempo y se embarque en un viaje estimulante de \u00e9xito al abrazar las ventas de WooCommerce Force hoy, \u00a1y prep\u00e1rese para presenciar un aumento extraordinario en sus cifras de ventas que lo dejar\u00e1n completamente asombrado!<\/p>\n","protected":false},"featured_media":168127,"comment_status":"open","ping_status":"open","template":"","meta":[],"product_brand":[2344],"product_cat":[1207,1248,1206],"product_tag":[1423],"class_list":{"0":"post-126606","1":"product","2":"type-product","3":"status-publish","4":"has-post-thumbnail","6":"product_brand-woocommerce","7":"product_cat-comercio-electronico-plugins","8":"product_cat-personalizacion-comercio-electronico-plugins","9":"product_cat-plugins","10":"product_tag-woocommerce","11":"member-discount","12":"discount-restricted","14":"first","15":"instock","16":"sale","17":"downloadable","18":"virtual","19":"sold-individually","20":"purchasable","21":"product-type-simple"},"_links":{"self":[{"href":"https:\/\/gpl-love.com\/es\/wp-json\/wp\/v2\/product\/126606","targetHints":{"allow":["GET"]}}],"collection":[{"href":"https:\/\/gpl-love.com\/es\/wp-json\/wp\/v2\/product"}],"about":[{"href":"https:\/\/gpl-love.com\/es\/wp-json\/wp\/v2\/types\/product"}],"replies":[{"embeddable":true,"href":"https:\/\/gpl-love.com\/es\/wp-json\/wp\/v2\/comments?post=126606"}],"wp:featuredmedia":[{"embeddable":true,"href":"https:\/\/gpl-love.com\/es\/wp-json\/wp\/v2\/media\/168127"}],"wp:attachment":[{"href":"https:\/\/gpl-love.com\/es\/wp-json\/wp\/v2\/media?parent=126606"}],"wp:term":[{"taxonomy":"product_brand","embeddable":true,"href":"https:\/\/gpl-love.com\/es\/wp-json\/wp\/v2\/product_brand?post=126606"},{"taxonomy":"product_cat","embeddable":true,"href":"https:\/\/gpl-love.com\/es\/wp-json\/wp\/v2\/product_cat?post=126606"},{"taxonomy":"product_tag","embeddable":true,"href":"https:\/\/gpl-love.com\/es\/wp-json\/wp\/v2\/product_tag?post=126606"}],"curies":[{"name":"wp","href":"https:\/\/api.w.org\/{rel}","templated":true}]}}