{"id":126605,"date":"2026-01-23T00:00:00","date_gmt":"2026-01-23T05:00:00","guid":{"rendered":"https:\/\/gpl-love.com\/es\/producto\/woocommerce-food-restaurant-menu-y-food-ordering\/"},"modified":"2026-04-10T11:32:15","modified_gmt":"2026-04-10T16:32:15","slug":"woocommerce-food-restaurant-menu-y-food-ordering","status":"publish","type":"product","link":"https:\/\/gpl-love.com\/es\/producto\/woocommerce-food-restaurant-menu-y-food-ordering\/","title":{"rendered":"WooCommerce Food Restaurant Menu y Food Ordering 3.4.5"},"content":{"rendered":"<h3>WooCommerce Food Restaurant Menu y Food Ordering Caracteristicas<\/h3>\n<p>El men\u00fa del restaurante de alimentos de WooCommerce y el complemento de pedidos de alimentos ofrecen una soluci\u00f3n que abarca todo para restaurantes que buscan exhibir su men\u00fa en l\u00ednea y aceptar pedidos directamente a trav\u00e9s de su sitio web. Este notable complemento se integra perfectamente con WooCommerce, otorgando as\u00ed a los propietarios de restaurantes la capacidad de administrar efectivamente sus pedidos, monitorear los niveles de inventario y procesar sin esfuerzo los pagos dentro de una plataforma unificada. Al proporcionar configuraciones personalizables, los propietarios de restaurantes pueden incorporar y modificar sin esfuerzo elementos del men\u00fa, establecer par\u00e1metros de precios y disponibilidad, y exhibir informaci\u00f3n nutricional pertinente. Los clientes, a su vez, tienen la libertad de leer el men\u00fa, personalizar sus pedidos y realizar pagos de forma segura sin la necesidad de salir del sitio web. Adem\u00e1s, este complemento proporciona una variedad de alternativas de entrega y recogida, lo que permite a los clientes seleccionar convenientemente la opci\u00f3n m\u00e1s adecuada para sus necesidades. En general, el men\u00fa del restaurante de alimentos WooCommerce y el complemento de pedidos de alimentos representa una herramienta inmensamente potente que agiliza el procedimiento de pedido en l\u00ednea mientras eleva simult\u00e1neamente la experiencia general del cliente para las empresas de la industria alimentaria.<\/p>\n<ul>\n<li>Sistema de pedidos de alimentos intuitivos y f\u00e1ciles de usar para restaurantes<\/li>\n<li>Integraci\u00f3n perfecta con la plataforma WooCommerce<\/li>\n<li>Capacidades vers\u00e1tiles de creaci\u00f3n y gesti\u00f3n del men\u00fa de restaurantes<\/li>\n<li>Elementos y opciones de men\u00fa personalizables para adaptarse a las preferencias diet\u00e9ticas o culinarias<\/li>\n<li>Pedidos en l\u00ednea convenientes y procesamiento de pagos para los clientes<\/li>\n<li>Notificaciones de pedidos f\u00e1ciles y gesti\u00f3n de cumplimiento para restaurantes<\/li>\n<li>Informes avanzados y an\u00e1lisis para rastrear las ventas y el comportamiento del cliente<\/li>\n<li>Optimizaci\u00f3n m\u00f3vil para el procesamiento de pedidos y pagos en la marcha<\/li>\n<li>Caracter\u00edsticas de automatizaci\u00f3n inteligente para ahorrar tiempo y aumentar la eficiencia<\/li>\n<li>Soporte dedicado y actualizaciones continuas para un rendimiento \u00f3ptimo y satisfacci\u00f3n del cliente.<\/li>\n<\/ul>\n","protected":false},"excerpt":{"rendered":"<p>El men\u00fa de restaurantes y pedidos de alimentos de WooCommerce Food presentan una soluci\u00f3n integral y abarrotable, hecha a medida para propietarios de restaurantes que aspiran a establecer su presencia en Internet. Este complemento formidable cuenta con una variedad de funcionalidades que le permiten dise\u00f1ar un men\u00fa en l\u00ednea exquisito que muestre de manera experta las maravillas gastron\u00f3micas de su restaurante, otorgando a los clientes la conveniencia de colocar sus pedidos sin esfuerzo directamente desde su sitio web. Adem\u00e1s, el complemento exhibe un notable grado de maleabilidad, que le brinda la facilidad y la conveniencia de configurar el men\u00fa de su restaurante a sus especificaciones precisas, adem\u00e1s de proporcionar una selecci\u00f3n diversa de m\u00e9todos de pago para que los clientes elijan. Adem\u00e1s, se le otorga la capacidad de supervisar y administrar sus pedidos, monitorear eficientemente su inventario y obtener informes intrincados rebosantes de ideas invaluables, lo que le permite tomar decisiones bien informadas que indudablemente vigorizar\u00e1n el rendimiento de su empresa. No hace falta decir que este complemento es realmente una herramienta transformadora y de cambio de paradigma, destinada a revolucionar la experiencia gastron\u00f3mica para los clientes y elevar sustancialmente la presencia en l\u00ednea de su restaurante a alturas sin precedentes.<\/p>\n","protected":false},"featured_media":168126,"comment_status":"open","ping_status":"open","template":"","meta":[],"product_brand":[2339],"product_cat":[1207,1248,1206],"product_tag":[1256],"class_list":{"0":"post-126605","1":"product","2":"type-product","3":"status-publish","4":"has-post-thumbnail","6":"product_brand-codecanyon","7":"product_cat-comercio-electronico-plugins","8":"product_cat-personalizacion-comercio-electronico-plugins","9":"product_cat-plugins","10":"product_tag-codecanyon","11":"member-discount","12":"discount-restricted","14":"first","15":"instock","16":"sale","17":"downloadable","18":"virtual","19":"sold-individually","20":"purchasable","21":"product-type-simple"},"_links":{"self":[{"href":"https:\/\/gpl-love.com\/es\/wp-json\/wp\/v2\/product\/126605","targetHints":{"allow":["GET"]}}],"collection":[{"href":"https:\/\/gpl-love.com\/es\/wp-json\/wp\/v2\/product"}],"about":[{"href":"https:\/\/gpl-love.com\/es\/wp-json\/wp\/v2\/types\/product"}],"replies":[{"embeddable":true,"href":"https:\/\/gpl-love.com\/es\/wp-json\/wp\/v2\/comments?post=126605"}],"wp:featuredmedia":[{"embeddable":true,"href":"https:\/\/gpl-love.com\/es\/wp-json\/wp\/v2\/media\/168126"}],"wp:attachment":[{"href":"https:\/\/gpl-love.com\/es\/wp-json\/wp\/v2\/media?parent=126605"}],"wp:term":[{"taxonomy":"product_brand","embeddable":true,"href":"https:\/\/gpl-love.com\/es\/wp-json\/wp\/v2\/product_brand?post=126605"},{"taxonomy":"product_cat","embeddable":true,"href":"https:\/\/gpl-love.com\/es\/wp-json\/wp\/v2\/product_cat?post=126605"},{"taxonomy":"product_tag","embeddable":true,"href":"https:\/\/gpl-love.com\/es\/wp-json\/wp\/v2\/product_tag?post=126605"}],"curies":[{"name":"wp","href":"https:\/\/api.w.org\/{rel}","templated":true}]}}