{"id":126603,"date":"2023-05-25T00:00:00","date_gmt":"2023-05-25T05:00:00","guid":{"rendered":"https:\/\/gpl-love.com\/es\/producto\/woocommerce-followup-emails\/"},"modified":"2026-04-10T11:32:14","modified_gmt":"2026-04-10T16:32:14","slug":"woocommerce-followup-emails","status":"publish","type":"product","link":"https:\/\/gpl-love.com\/es\/producto\/woocommerce-followup-emails\/","title":{"rendered":"WooCommerce Follow Up Emails 4.9.51"},"content":{"rendered":"<h3>WooCommerce Follow Up Emails Caracteristicas<\/h3>\n<p>WooCommerce sigue los correos electr\u00f3nicos, un complemento muy robusto, est\u00e1 dise\u00f1ado espec\u00edficamente para ayudar a los comerciantes en l\u00ednea a racionalizar y automatizar sus campa\u00f1as de marketing por correo electr\u00f3nico. Este ingenioso complemento faculta a los usuarios para crear correos electr\u00f3nicos de seguimiento personalizados sin esfuerzo que satisfacen varios escenarios, como los clientes que han completado una compra, abandonaron su carrito o se suscribieron a un bolet\u00edn. Empoderando a los usuarios con una amplia gama de plantillas personalizables y opciones de programaci\u00f3n, este complemento les permite adaptar su correspondencia para satisfacer sus necesidades \u00fanicas y espec\u00edficas. Al adoptar las capacidades de esta herramienta de automatizaci\u00f3n, los comerciantes en l\u00ednea pueden mejorar efectivamente la participaci\u00f3n del cliente, impulsar las ventas y fomentar la lealtad inquebrantable del cliente. En esencia, los correos electr\u00f3nicos de seguimiento de WooCommerce sirven como un instrumento indispensable para navegar por el mundo desafiante del comercio electr\u00f3nico, asegurando el crecimiento y la prosperidad en el mercado ferozmente competitivo de hoy.<\/p>\n<ul>\n<li>Correos electr\u00f3nicos de seguimiento automatizados para clientes de WooCommerce<\/li>\n<li>Correos electr\u00f3nicos personalizados basados \u200b\u200ben el comportamiento del cliente<\/li>\n<li>Aumentar la participaci\u00f3n y retenci\u00f3n del cliente<\/li>\n<li>El editor de correo electr\u00f3nico f\u00e1cil de usar con plantillas personalizables<\/li>\n<li>Se integra con WooCommerce y populares servicios de marketing por correo electr\u00f3nico<\/li>\n<li>Opciones de segmentaci\u00f3n avanzada para atacar grupos de clientes espec\u00edficos<\/li>\n<li>F\u00e1cil configuraci\u00f3n con instrucciones paso a paso<\/li>\n<li>Informes y an\u00e1lisis integrales para rastrear las tasas de \u00e9xito del correo electr\u00f3nico<\/li>\n<li>Opciones de contenido din\u00e1mico para incluir recomendaciones de productos, testimonios y m\u00e1s<\/li>\n<li>Opciones de correo electr\u00f3nico programadas o activadas para tiempo y relevancia \u00f3ptimas.<\/li>\n<\/ul>\n","protected":false},"excerpt":{"rendered":"<p>WooCommerce Seguimiento de correos electr\u00f3nicos, una herramienta inmensamente poderosa, ha sido meticulosamente elaborada para ayudarlo a mejorar las ventas y la retenci\u00f3n de clientes. Logra esto enviando a la perfecci\u00f3n los correos electr\u00f3nicos de seguimiento automatizados a aquellos clientes que han completado con \u00e9xito las compras en su tienda WooCommerce. La gran versatilidad de esta notable herramienta radica en su capacidad para proporcionarle plantillas de correo electr\u00f3nico personalizables y una variedad de opciones de programaci\u00f3n. En consecuencia, se le brinda la oportunidad de personalizar sin esfuerzo sus mensajes para satisfacer las necesidades \u00fanicas de su estimada clientela. Adem\u00e1s, incluso puede dirigirse espec\u00edficamente a grupos seleccionados de compradores en funci\u00f3n de sus comportamientos de compra anteriores. Al aprovechar el potencial de los correos electr\u00f3nicos de seguimiento de WooCommerce, est\u00e1 preparado para amplificar su flujo de ingresos y fomentar las relaciones con los clientes duraderas que resistir\u00e1n la prueba del tiempo.<\/p>\n","protected":false},"featured_media":168124,"comment_status":"open","ping_status":"open","template":"","meta":[],"product_brand":[2344],"product_cat":[1207,1225,1206],"product_tag":[1423],"class_list":{"0":"post-126603","1":"product","2":"type-product","3":"status-publish","4":"has-post-thumbnail","6":"product_brand-woocommerce","7":"product_cat-comercio-electronico-plugins","8":"product_cat-marketing","9":"product_cat-plugins","10":"product_tag-woocommerce","11":"member-discount","12":"discount-restricted","14":"first","15":"instock","16":"sale","17":"downloadable","18":"virtual","19":"sold-individually","20":"purchasable","21":"product-type-simple"},"_links":{"self":[{"href":"https:\/\/gpl-love.com\/es\/wp-json\/wp\/v2\/product\/126603","targetHints":{"allow":["GET"]}}],"collection":[{"href":"https:\/\/gpl-love.com\/es\/wp-json\/wp\/v2\/product"}],"about":[{"href":"https:\/\/gpl-love.com\/es\/wp-json\/wp\/v2\/types\/product"}],"replies":[{"embeddable":true,"href":"https:\/\/gpl-love.com\/es\/wp-json\/wp\/v2\/comments?post=126603"}],"wp:featuredmedia":[{"embeddable":true,"href":"https:\/\/gpl-love.com\/es\/wp-json\/wp\/v2\/media\/168124"}],"wp:attachment":[{"href":"https:\/\/gpl-love.com\/es\/wp-json\/wp\/v2\/media?parent=126603"}],"wp:term":[{"taxonomy":"product_brand","embeddable":true,"href":"https:\/\/gpl-love.com\/es\/wp-json\/wp\/v2\/product_brand?post=126603"},{"taxonomy":"product_cat","embeddable":true,"href":"https:\/\/gpl-love.com\/es\/wp-json\/wp\/v2\/product_cat?post=126603"},{"taxonomy":"product_tag","embeddable":true,"href":"https:\/\/gpl-love.com\/es\/wp-json\/wp\/v2\/product_tag?post=126603"}],"curies":[{"name":"wp","href":"https:\/\/api.w.org\/{rel}","templated":true}]}}