{"id":126602,"date":"2025-10-01T00:00:00","date_gmt":"2025-10-01T05:00:00","guid":{"rendered":"https:\/\/gpl-love.com\/es\/producto\/woocommerce-floating-cart\/"},"modified":"2026-04-10T11:32:13","modified_gmt":"2026-04-10T16:32:13","slug":"woocommerce-floating-cart","status":"publish","type":"product","link":"https:\/\/gpl-love.com\/es\/producto\/woocommerce-floating-cart\/","title":{"rendered":"WooCommerce Floating Cart 2.8.7"},"content":{"rendered":"<h3>WooCommerce Floating Cart Caracteristicas<\/h3>\n<p>El complemento de carrito flotante de WooCommerce es una herramienta muy ventajosa que tiene como objetivo optimizar la experiencia general del usuario de los compradores en l\u00ednea mediante la implementaci\u00f3n de un carrito de compras convenientemente visible que se cierne con gracia en la pantalla, mientras que los clientes examinan de manera tranquila a trav\u00e9s de una amplia gama de productos. Esta notable utilidad ofrece una amplia gama de opciones de personalizaci\u00f3n, que brinda a los propietarios de tiendas la flexibilidad para ajustar finamente la apariencia externa del carro, los patrones de comportamiento y los atributos funcionales para atender meticulosamente sus requisitos individualistas. Al integrar sin problemas el carrito flotante de WooCommerce en su plataforma de compras en l\u00ednea, a los clientes se les otorga un acceso sin obst\u00e1culos a una descripci\u00f3n completa de los contenidos de su carrito, lo que les permite ver sin esfuerzo y modificar sin esfuerzo, dicho contenido sin interrumpir sus esfuerzos de navegaci\u00f3n o necesitar el proceso arduo de navegar. lejos de la p\u00e1gina actual. En consecuencia, este complemento invaluable contribuye al cultivo de una experiencia de compra en l\u00ednea m\u00e1s simplificada y perfecta, aumentando as\u00ed los niveles de satisfacci\u00f3n del cliente. Adem\u00e1s, la notable compatibilidad del complemento con todos los temas de WooCommerce hace que su incorporaci\u00f3n en cualquier tienda en l\u00ednea sea una adici\u00f3n sin esfuerzo vers\u00e1til y eminentemente pr\u00e1ctica.<\/p>\n<ul>\n<li>Widget de carrito flotante personalizable para tiendas en l\u00ednea de WooCommerce<\/li>\n<li>Muestra im\u00e1genes de productos, nombres, precios y cantidades en un dise\u00f1o elegante y moderno<\/li>\n<li>Permite a los clientes agregar o eliminar f\u00e1cilmente elementos de su carrito sin dejar la p\u00e1gina actual.<\/li>\n<li>Admite la tecnolog\u00eda AJAX para una carga perfecta y r\u00e1pida de actualizaciones de carritos<\/li>\n<li>La caracter\u00edstica opcional de \u00abvista r\u00e1pida\u00bb permite a los clientes obtener una vista previa de los detalles del producto y el pago directamente desde el carrito<\/li>\n<li>Compatible con cualquier tema de WordPress y receptivo para dispositivos m\u00f3viles<\/li>\n<li>Se integra con constructores de p\u00e1ginas populares, como Elementor y Beaver Builder<\/li>\n<li>Configuraci\u00f3n flexible para ajustar el comportamiento, la apariencia y los efectos de animaci\u00f3n del carrito<\/li>\n<li>Lista de traducci\u00f3n para tiendas multiling\u00fces<\/li>\n<li>Interfaz f\u00e1cil de usar y configuraci\u00f3n f\u00e1cil sin necesidad de codificaci\u00f3n.<\/li>\n<\/ul>\n","protected":false},"excerpt":{"rendered":"<p>Al integrar este conveniente complemento en su tienda WooCommerce, puede incorporar sin problemas un widget din\u00e1mico de carretas flotantes que presente a sus clientes la invaluable capacidad de navegar sin esfuerzo y manipular sus carros de compras desde cualquier p\u00e1gina web dentro de su sitio. La belleza de esta funcionalidad radica en sus actualizaciones en tiempo real, que facultan a los clientes a presenciar un reflejo instant\u00e1neo de las modificaciones realizadas a su cantidad general de compra y cantidad de art\u00edculos a medida que contin\u00faan explorando y comprando. Adem\u00e1s de esta notable caracter\u00edstica, el carrito flotante de WooCommerce le otorga un nivel de personalizaci\u00f3n incomparable, lo que le permite adaptar meticulosamente su posici\u00f3n, colores y fuentes para alinearse sin problemas con el tema \u00fanico y la est\u00e9tica de su tienda. En \u00faltima instancia, al adoptar esta herramienta innovadora, no solo est\u00e1 mejorando la conveniencia y la satisfacci\u00f3n de sus valiosos clientes, sino tambi\u00e9n elevando significativamente la experiencia general del usuario de su estimada tienda de WooCommerce.<\/p>\n","protected":false},"featured_media":168123,"comment_status":"open","ping_status":"open","template":"","meta":[],"product_brand":[2339],"product_cat":[1207,1248,1206],"product_tag":[1256],"class_list":{"0":"post-126602","1":"product","2":"type-product","3":"status-publish","4":"has-post-thumbnail","6":"product_brand-codecanyon","7":"product_cat-comercio-electronico-plugins","8":"product_cat-personalizacion-comercio-electronico-plugins","9":"product_cat-plugins","10":"product_tag-codecanyon","11":"member-discount","12":"discount-restricted","14":"first","15":"instock","16":"sale","17":"downloadable","18":"virtual","19":"sold-individually","20":"purchasable","21":"product-type-simple"},"_links":{"self":[{"href":"https:\/\/gpl-love.com\/es\/wp-json\/wp\/v2\/product\/126602","targetHints":{"allow":["GET"]}}],"collection":[{"href":"https:\/\/gpl-love.com\/es\/wp-json\/wp\/v2\/product"}],"about":[{"href":"https:\/\/gpl-love.com\/es\/wp-json\/wp\/v2\/types\/product"}],"replies":[{"embeddable":true,"href":"https:\/\/gpl-love.com\/es\/wp-json\/wp\/v2\/comments?post=126602"}],"wp:featuredmedia":[{"embeddable":true,"href":"https:\/\/gpl-love.com\/es\/wp-json\/wp\/v2\/media\/168123"}],"wp:attachment":[{"href":"https:\/\/gpl-love.com\/es\/wp-json\/wp\/v2\/media?parent=126602"}],"wp:term":[{"taxonomy":"product_brand","embeddable":true,"href":"https:\/\/gpl-love.com\/es\/wp-json\/wp\/v2\/product_brand?post=126602"},{"taxonomy":"product_cat","embeddable":true,"href":"https:\/\/gpl-love.com\/es\/wp-json\/wp\/v2\/product_cat?post=126602"},{"taxonomy":"product_tag","embeddable":true,"href":"https:\/\/gpl-love.com\/es\/wp-json\/wp\/v2\/product_tag?post=126602"}],"curies":[{"name":"wp","href":"https:\/\/api.w.org\/{rel}","templated":true}]}}