{"id":126601,"date":"2026-02-05T00:00:00","date_gmt":"2026-02-05T05:00:00","guid":{"rendered":"https:\/\/gpl-love.com\/es\/producto\/woocommerce-flat-rate-box-shipping\/"},"modified":"2026-04-10T11:32:12","modified_gmt":"2026-04-10T16:32:12","slug":"woocommerce-flat-rate-box-shipping","status":"publish","type":"product","link":"https:\/\/gpl-love.com\/es\/producto\/woocommerce-flat-rate-box-shipping\/","title":{"rendered":"WooCommerce Flat Rate Box Shipping 2.4.9"},"content":{"rendered":"<h3>WooCommerce Flat Rate Box Shipping Caracteristicas<\/h3>\n<p>El env\u00edo de caja de tarifa plana de WooCommerce es una extensi\u00f3n de m\u00e9todo de env\u00edo excepcional que brinda a los propietarios de tiendas en l\u00ednea la oportunidad de ofrecer una amplia gama de opciones de env\u00edo de tarifa plana, teniendo en cuenta el tama\u00f1o y el peso de sus productos. Esta notable extensi\u00f3n no solo permite a los propietarios de tiendas establecer m\u00faltiples cajas de tarifas planas, sino que tambi\u00e9n les permite establecer las tarifas de env\u00edo que se basan en el destino, el peso y las dimensiones de los productos que se est\u00e1n enviando. Adem\u00e1s, ofrece una variedad de caracter\u00edsticas avanzadas, incluida la capacidad de excluir productos espec\u00edficos del env\u00edo de tarifa plana, calcular las tarifas de env\u00edo en funci\u00f3n de la cantidad de productos e incluso incorporar tarifas de manejo. Al adoptar el env\u00edo de caja de tarifa plana de WooCommerce, los propietarios de tiendas en l\u00ednea pueden proporcionar a sus clientes alternativas de env\u00edo altamente competitivas y personalizadas, mientras que administran y controlan expertos sus gastos de env\u00edo.<\/p>\n<ul>\n<li>F\u00e1cil instalaci\u00f3n y configuraci\u00f3n para los propietarios de tiendas de WooCommerce<\/li>\n<li>Permite la creaci\u00f3n de cajas de env\u00edo de tarifa plana personalizada<\/li>\n<li>Opci\u00f3n para establecer restricciones de tama\u00f1o y peso para cada caja<\/li>\n<li>Capacidad para ofrecer descuentos de env\u00edo para m\u00faltiples art\u00edculos en una caja<\/li>\n<li>Etiquetas y descripciones personalizables para cada opci\u00f3n de env\u00edo<\/li>\n<li>Admite la recolecci\u00f3n local como opci\u00f3n de env\u00edo<\/li>\n<li>C\u00e1lculo autom\u00e1tico de los costos de env\u00edo seg\u00fan la ubicaci\u00f3n del cliente y el peso\/tama\u00f1o del paquete<\/li>\n<li>Compatible con los principales transportistas de env\u00edo, incluidos USPS, FedEx y UPS.<\/li>\n<\/ul>\n","protected":false},"excerpt":{"rendered":"<p>El env\u00edo de la caja de tarifa plana de WooCommerce es una extensi\u00f3n del m\u00e9todo de env\u00edo que atiende a las tiendas en l\u00ednea que operan en la plataforma WooCommerce. Al emplear esta extensi\u00f3n, los propietarios de tiendas reciben un medio conveniente para ofrecer env\u00edo de tarifa plana que depende tanto de las dimensiones como en el peso de las cajas de env\u00edo. Esta funcionalidad permite a los propietarios de tiendas administrar y minimizar de manera efectiva sus costos de env\u00edo, lo que finalmente les permite transferir estos ahorros de costos a sus valiosos clientes. Con la implementaci\u00f3n del env\u00edo de caja de tarifa plana de WooCommerce, los usuarios pueden establecer tarifas de env\u00edo que se basan en el tama\u00f1o y el peso espec\u00edficos de los productos individuales, as\u00ed como el peso acumulativo de todo el pedido. En consecuencia, esto asegura que los clientes siempre se presenten con cotizaciones de env\u00edo precisas y precisas. Adem\u00e1s, esta extensi\u00f3n es notablemente f\u00e1cil de usar y sin esfuerzo para configurar, brindando a los usuarios la capacidad de personalizar y presentar una selecci\u00f3n diversa de opciones de env\u00edo a su clientela. Dados estos atributos, es particularmente ventajoso que las empresas que requieren el env\u00edo de una gran variedad de productos y aspiran a optimizar sus gastos de env\u00edo.<\/p>\n","protected":false},"featured_media":168122,"comment_status":"open","ping_status":"open","template":"","meta":[],"product_brand":[2344],"product_cat":[1207,1248,1206],"product_tag":[1423],"class_list":{"0":"post-126601","1":"product","2":"type-product","3":"status-publish","4":"has-post-thumbnail","6":"product_brand-woocommerce","7":"product_cat-comercio-electronico-plugins","8":"product_cat-personalizacion-comercio-electronico-plugins","9":"product_cat-plugins","10":"product_tag-woocommerce","11":"member-discount","12":"discount-restricted","14":"first","15":"instock","16":"sale","17":"downloadable","18":"virtual","19":"sold-individually","20":"purchasable","21":"product-type-simple"},"_links":{"self":[{"href":"https:\/\/gpl-love.com\/es\/wp-json\/wp\/v2\/product\/126601","targetHints":{"allow":["GET"]}}],"collection":[{"href":"https:\/\/gpl-love.com\/es\/wp-json\/wp\/v2\/product"}],"about":[{"href":"https:\/\/gpl-love.com\/es\/wp-json\/wp\/v2\/types\/product"}],"replies":[{"embeddable":true,"href":"https:\/\/gpl-love.com\/es\/wp-json\/wp\/v2\/comments?post=126601"}],"wp:featuredmedia":[{"embeddable":true,"href":"https:\/\/gpl-love.com\/es\/wp-json\/wp\/v2\/media\/168122"}],"wp:attachment":[{"href":"https:\/\/gpl-love.com\/es\/wp-json\/wp\/v2\/media?parent=126601"}],"wp:term":[{"taxonomy":"product_brand","embeddable":true,"href":"https:\/\/gpl-love.com\/es\/wp-json\/wp\/v2\/product_brand?post=126601"},{"taxonomy":"product_cat","embeddable":true,"href":"https:\/\/gpl-love.com\/es\/wp-json\/wp\/v2\/product_cat?post=126601"},{"taxonomy":"product_tag","embeddable":true,"href":"https:\/\/gpl-love.com\/es\/wp-json\/wp\/v2\/product_tag?post=126601"}],"curies":[{"name":"wp","href":"https:\/\/api.w.org\/{rel}","templated":true}]}}