{"id":126600,"date":"2024-03-26T00:00:00","date_gmt":"2024-03-26T05:00:00","guid":{"rendered":"https:\/\/gpl-love.com\/es\/producto\/woocommerce-firstdata-uk\/"},"modified":"2026-04-10T11:32:11","modified_gmt":"2026-04-10T16:32:11","slug":"woocommerce-firstdata-uk","status":"publish","type":"product","link":"https:\/\/gpl-love.com\/es\/producto\/woocommerce-firstdata-uk\/","title":{"rendered":"WooCommerce FirstData UK 2.2.5"},"content":{"rendered":"<h3>WooCommerce FirstData UK Caracteristicas<\/h3>\n<p>El WooCommerce FirstData UK, siendo una pasarela de pago altamente eficiente dise\u00f1ada espec\u00edficamente para empresas en l\u00ednea en el Reino Unido, presenta una soluci\u00f3n impecable. Facilita el procesamiento sin problemas de los pagos de sus valiosos clientes de una manera que no solo garantice la mayor seguridad de sus transacciones, sino que tambi\u00e9n garantiza su tranquilidad. Esta pasarela de pago posee una interfaz incre\u00edblemente f\u00e1cil de usar, simplificando as\u00ed los procesos de configuraci\u00f3n y utilizaci\u00f3n, lo que lo convierte en una opci\u00f3n ideal para las empresas, independientemente de su escala o magnitud. Ya sea que se encuentre en las etapas nacientes de una peque\u00f1a startup o disfruta de la gloria de una corporaci\u00f3n bien establecida, tenga la seguridad de que el WooCommerce FirstData UK servir\u00e1 como un aliado inquebrantable y rentable, lo que lo permite fomentar el crecimiento de su Enterprise y aumente sus ingresos generales. Entonces, \u00bfpor qu\u00e9 demorarse? \u00a1No pierda m\u00e1s tiempo y adopte la utilizaci\u00f3n de esta extraordinaria pasarela de pago hoy, impulsando su negocio hacia alturas de \u00e9xito sin precedentes!<\/p>\n<ul>\n<li>Habilita la integraci\u00f3n de FirstData UK Paying Guerdway con su tienda WooCommerce<\/li>\n<li>Acepta una variedad de m\u00e9todos de pago que incluyen Visa, MasterCard, American Express, etc.<\/li>\n<li>Procesamiento de pago seguro con cumplimiento de PCI y protecci\u00f3n de fraude<\/li>\n<li>Capacidad para personalizar la configuraci\u00f3n de procesamiento de pagos para satisfacer sus necesidades comerciales<\/li>\n<li>Reliminar el procesamiento de pagos para una experiencia de pago m\u00e1s r\u00e1pida y eficiente<\/li>\n<li>Actualiza autom\u00e1ticamente el estado de pago en WooCommerce para un f\u00e1cil seguimiento y gesti\u00f3n<\/li>\n<li>Proporciona informes detallados y an\u00e1lisis para una mejor visi\u00f3n de sus transacciones de pago<\/li>\n<li>Integraci\u00f3n perfecta con su proceso de pago de WooCommerce existente<\/li>\n<li>Atenci\u00f3n al cliente disponible para obtener ayuda con la configuraci\u00f3n y cualquier problema que pueda surgir<\/li>\n<li>Compatible con la \u00faltima versi\u00f3n de WooCommerce y actualizada regularmente para un rendimiento \u00f3ptimo.<\/li>\n<\/ul>\n","protected":false},"excerpt":{"rendered":"<p>WooCommerce FirstData UK es un complemento excepcional y muy ventajoso, dise\u00f1ado espec\u00edficamente para WooCommerce, con el objetivo de proporcionar un m\u00e9todo conveniente y sin problemas para los comerciantes con sede en el Reino Unido para manejar sin esfuerzo las transacciones de tarjetas de cr\u00e9dito por medio Compa\u00f1\u00eda conocida como FirstData. Este complemento fenomenal permite a los clientes completar los pagos sin problemas y sin problemas en su estimada tienda en l\u00ednea, al tiempo que otorga simult\u00e1neamente a los comerciantes el lujo incomparable de disfrutar no solo de un procesamiento de pago seguro sino tambi\u00e9n incre\u00edblemente eficiente, todos complementados con informes de transacciones en tiempo real. La integraci\u00f3n perfecta de este notable complemento con su tienda en l\u00ednea es una brisa absoluta, gracias a su configuraci\u00f3n f\u00e1cil de usar y, junto con su amplia gama de caracter\u00edsticas potentes, WooCommerce FirstData UK indudablemente se erige como una herramienta indispensable y imprescindible para cualquier herramienta del Reino Unido. -La tienda en l\u00ednea basada en la b\u00fasqueda de ampliar sus horizontes en t\u00e9rminos de opciones de pago, lo que finalmente resulta en un aumento dram\u00e1tico en ventas y crecimiento empresarial general.<\/p>\n","protected":false},"featured_media":168121,"comment_status":"open","ping_status":"open","template":"","meta":[],"product_brand":[2344],"product_cat":[1208,1207,1206],"product_tag":[1423],"class_list":{"0":"post-126600","1":"product","2":"type-product","3":"status-publish","4":"has-post-thumbnail","6":"product_brand-woocommerce","7":"product_cat-administracion","8":"product_cat-comercio-electronico-plugins","9":"product_cat-plugins","10":"product_tag-woocommerce","11":"member-discount","12":"discount-restricted","14":"first","15":"instock","16":"sale","17":"downloadable","18":"virtual","19":"sold-individually","20":"purchasable","21":"product-type-simple"},"_links":{"self":[{"href":"https:\/\/gpl-love.com\/es\/wp-json\/wp\/v2\/product\/126600","targetHints":{"allow":["GET"]}}],"collection":[{"href":"https:\/\/gpl-love.com\/es\/wp-json\/wp\/v2\/product"}],"about":[{"href":"https:\/\/gpl-love.com\/es\/wp-json\/wp\/v2\/types\/product"}],"replies":[{"embeddable":true,"href":"https:\/\/gpl-love.com\/es\/wp-json\/wp\/v2\/comments?post=126600"}],"wp:featuredmedia":[{"embeddable":true,"href":"https:\/\/gpl-love.com\/es\/wp-json\/wp\/v2\/media\/168121"}],"wp:attachment":[{"href":"https:\/\/gpl-love.com\/es\/wp-json\/wp\/v2\/media?parent=126600"}],"wp:term":[{"taxonomy":"product_brand","embeddable":true,"href":"https:\/\/gpl-love.com\/es\/wp-json\/wp\/v2\/product_brand?post=126600"},{"taxonomy":"product_cat","embeddable":true,"href":"https:\/\/gpl-love.com\/es\/wp-json\/wp\/v2\/product_cat?post=126600"},{"taxonomy":"product_tag","embeddable":true,"href":"https:\/\/gpl-love.com\/es\/wp-json\/wp\/v2\/product_tag?post=126600"}],"curies":[{"name":"wp","href":"https:\/\/api.w.org\/{rel}","templated":true}]}}