{"id":126599,"date":"2023-11-24T00:00:00","date_gmt":"2023-11-24T05:00:00","guid":{"rendered":"https:\/\/gpl-love.com\/es\/producto\/woocommerce-file-approval\/"},"modified":"2026-03-09T08:21:58","modified_gmt":"2026-03-09T13:21:58","slug":"woocommerce-file-approval","status":"publish","type":"product","link":"https:\/\/gpl-love.com\/es\/producto\/woocommerce-file-approval\/","title":{"rendered":"WooCommerce File Approval 9.8"},"content":{"rendered":"<h3>WooCommerce File Approval Caracteristicas<\/h3>\n<p>Para mejorar su control sobre su tienda en l\u00ednea, las empresas pueden beneficiarse de la utilizaci\u00f3n de la poderosa extensi\u00f3n conocida como aprobaci\u00f3n de archivos de WooCommerce. Esta extensi\u00f3n facilita la aprobaci\u00f3n o rechazo de los archivos presentados por los clientes antes del procesamiento, lo que permite a las empresas ejercer una supervisi\u00f3n meticulosa. Al aprovechar esta caracter\u00edstica, las empresas pueden garantizar efectivamente que solo se acepten archivos de calidad y idoneidad excepcionales, mitigando as\u00ed la posible aparici\u00f3n de errores perjudiciales, retrasos inoportunos o actividades fraudulentas. Adem\u00e1s, la instalaci\u00f3n y el uso de la aprobaci\u00f3n de archivos de WooCommerce son extremadamente sencillos, lo que lo convierte en una herramienta invaluable para las empresas que tienen calidad, confiabilidad y seguridad en alta estima. Independientemente de si una empresa es de una escala modesta o una magnitud sustancial, esta extensi\u00f3n garantiza innegablemente la inclusi\u00f3n dentro del arsenal de cualquier tienda en l\u00ednea que aspira a evitar errores y garantizar la satisfacci\u00f3n del cliente.<\/p>\n<ul>\n<li>Permite una f\u00e1cil aprobaci\u00f3n de archivos dentro de la plataforma WooCommerce<\/li>\n<li>Disponible para su uso con varios tipos de archivos, incluidas im\u00e1genes y documentos<\/li>\n<li>Optimiza el proceso de aprobaci\u00f3n para clientes y propietarios de tiendas<\/li>\n<li>Facilita una comunicaci\u00f3n eficiente entre los clientes y los propietarios de las tiendas con respecto a los env\u00edos de archivos<\/li>\n<li>Se puede personalizar para satisfacer las necesidades espec\u00edficas de su tienda en l\u00ednea<\/li>\n<li>Compatible con una variedad de pasarelas de pago y extensiones de WooCommerce<\/li>\n<li>Mejora la organizaci\u00f3n y el flujo de trabajo tanto para los clientes como para los propietarios de tiendas<\/li>\n<li>Reduce la posibilidad de errores o malentendidos en el proceso de env\u00edo y aprobaci\u00f3n del archivo<\/li>\n<li>Proporciona un seguimiento detallado y mantenimiento de registros para aprobaciones y env\u00edos de archivos<\/li>\n<li>Se integra a la perfecci\u00f3n con la configuraci\u00f3n existente de WooCommerce<\/li>\n<li>Ahorra tiempo y molestias para los propietarios de tiendas en l\u00ednea, lo que hace que el proceso de aprobaci\u00f3n sea m\u00e1s eficiente y confiable.<\/li>\n<\/ul>\n","protected":false},"excerpt":{"rendered":"<p>La aprobaci\u00f3n del archivo de WooCommerce, una herramienta incre\u00edblemente robusta y eficiente, ha sido complejo para optimizar en gran medida el arduo proceso de autorizaci\u00f3n y administrar efectivamente archivos que est\u00e1n intrincadamente conectados a las compras en l\u00ednea. Al integrar perfectamente este ingenioso complemento en su sistema, los clientes pueden cargar sin esfuerzo sus archivos deseados, ya sea para fines de personalizaci\u00f3n o esfuerzos art\u00edsticos, mientras que los propietarios de tiendas, a su vez, pueden revisar y otorgar de manera r\u00e1pida y conveniente su aprobaci\u00f3n a estos archivos con mayor facilidad, No requiere nada m\u00e1s que solo unos pocos clics. Adem\u00e1s, el complemento est\u00e1 equipado con una variedad de caracter\u00edsticas notables, incluida la provisi\u00f3n de alertas por correo electr\u00f3nico para garantizar que ninguna solicitud de aprobaci\u00f3n pase desapercibida, la capacidad de crear estados de aprobaci\u00f3n personalizados para un enfoque m\u00e1s personalizado e incluso la opci\u00f3n de imponer una tarifa para estas aprobaciones de archivos. Con capacidades incre\u00edbles de ahorro de tiempo, el complemento de aprobaci\u00f3n del archivo de WooCommerce mitiga efectivamente el riesgo de errores costosos y, como resultado, mejora significativamente la experiencia general del cliente al proporcionar un proceso de gesti\u00f3n de archivos sin problemas y eficientes.<\/p>\n","protected":false},"featured_media":168120,"comment_status":"open","ping_status":"open","template":"","meta":[],"product_brand":[2339],"product_cat":[1208,1207,1206],"product_tag":[1256],"class_list":{"0":"post-126599","1":"product","2":"type-product","3":"status-publish","4":"has-post-thumbnail","6":"product_brand-codecanyon","7":"product_cat-administracion","8":"product_cat-comercio-electronico-plugins","9":"product_cat-plugins","10":"product_tag-codecanyon","11":"member-discount","12":"discount-restricted","14":"first","15":"instock","16":"sale","17":"downloadable","18":"virtual","19":"sold-individually","20":"purchasable","21":"product-type-simple"},"_links":{"self":[{"href":"https:\/\/gpl-love.com\/es\/wp-json\/wp\/v2\/product\/126599","targetHints":{"allow":["GET"]}}],"collection":[{"href":"https:\/\/gpl-love.com\/es\/wp-json\/wp\/v2\/product"}],"about":[{"href":"https:\/\/gpl-love.com\/es\/wp-json\/wp\/v2\/types\/product"}],"replies":[{"embeddable":true,"href":"https:\/\/gpl-love.com\/es\/wp-json\/wp\/v2\/comments?post=126599"}],"wp:featuredmedia":[{"embeddable":true,"href":"https:\/\/gpl-love.com\/es\/wp-json\/wp\/v2\/media\/168120"}],"wp:attachment":[{"href":"https:\/\/gpl-love.com\/es\/wp-json\/wp\/v2\/media?parent=126599"}],"wp:term":[{"taxonomy":"product_brand","embeddable":true,"href":"https:\/\/gpl-love.com\/es\/wp-json\/wp\/v2\/product_brand?post=126599"},{"taxonomy":"product_cat","embeddable":true,"href":"https:\/\/gpl-love.com\/es\/wp-json\/wp\/v2\/product_cat?post=126599"},{"taxonomy":"product_tag","embeddable":true,"href":"https:\/\/gpl-love.com\/es\/wp-json\/wp\/v2\/product_tag?post=126599"}],"curies":[{"name":"wp","href":"https:\/\/api.w.org\/{rel}","templated":true}]}}