{"id":126598,"date":"2026-03-25T00:00:00","date_gmt":"2026-03-25T05:00:00","guid":{"rendered":"https:\/\/gpl-love.com\/es\/producto\/woocommerce-fedex-shipping-method\/"},"modified":"2026-04-10T11:32:11","modified_gmt":"2026-04-10T16:32:11","slug":"woocommerce-fedex-shipping-method","status":"publish","type":"product","link":"https:\/\/gpl-love.com\/es\/producto\/woocommerce-fedex-shipping-method\/","title":{"rendered":"WooCommerce FedEx Shipping Method 4.5.6"},"content":{"rendered":"<h3>WooCommerce FedEx Shipping Method Caracteristicas<\/h3>\n<p>El m\u00e9todo de env\u00edo de WooCommerce FedEx cuenta con una funcionalidad notable y robusta que permite a los minoristas en l\u00ednea incorporar a la perfecci\u00f3n los servicios de env\u00edo de FedEx en su tienda WooCommerce, catapultando sus capacidades de env\u00edo a nuevas alturas. Al aprovechar la potencia de este complemento, los propietarios de tiendas est\u00e1n equipados con la capacidad de establecer y manejar sin esfuerzo las opciones de env\u00edo de FedEx, abarcar las tarifas de env\u00edo en tiempo real, el seguimiento de la informaci\u00f3n y una variedad de opciones de entrega adaptadas para satisfacer las necesidades \u00fanicas de sus estimados clientes . En consecuencia, este complemento ofrece una integraci\u00f3n incomparable con FedEx, revolucionando la forma en que los minoristas realizan sus operaciones de env\u00edo y allanan el camino para una experiencia de env\u00edo excepcional que supere todas las expectativas. En esencia, el m\u00e9todo de env\u00edo de WooCommerce FedEx es un instrumento indispensable que impulsa a cualquier negocio de comercio electr\u00f3nico hacia el cenit del \u00e9xito, ya que refuerza con \u00e9xito su destreza de env\u00edo y fomenta una experiencia de compra m\u00e1s completa y encantadora para su querida clientela.<\/p>\n<ul>\n<li>Permite a los clientes seleccionar f\u00e1cilmente FedEx como opci\u00f3n de env\u00edo durante el pago.<\/li>\n<li>Calcula las tarifas de env\u00edo seg\u00fan el peso, las dimensiones y la ubicaci\u00f3n de entrega.<\/li>\n<li>Ofrece tarifas de env\u00edo en tiempo real directamente desde FedEx, asegurando la precisi\u00f3n y la confiabilidad.<\/li>\n<li>Incluye la capacidad de imprimir etiquetas de env\u00edo y generar n\u00fameros de seguimiento.<\/li>\n<li>Actualiza autom\u00e1ticamente el estado del pedido con informaci\u00f3n de seguimiento cuando se crea una etiqueta.<\/li>\n<li>Permite el uso de caracter\u00edsticas espec\u00edficas de FedEx, como confirmaci\u00f3n de firma y opciones de seguro.<\/li>\n<li>Compatible con todas las monedas y regiones soportadas por WooCommerce.<\/li>\n<li>Se puede configurar y personalizar f\u00e1cilmente para satisfacer necesidades comerciales espec\u00edficas.<\/li>\n<li>Proporciona una soluci\u00f3n de env\u00edo perfecta y eficiente tanto para comerciantes como para clientes.<\/li>\n<\/ul>\n","protected":false},"excerpt":{"rendered":"<p>El m\u00e9todo de env\u00edo de WooCommerce FedEx es un complemento incre\u00edblemente \u00fatil que ofrece a los propietarios de tiendas en l\u00ednea la oportunidad de integrar sin problemas las opciones de env\u00edo de FedEx en su tienda WooCommerce. Al utilizar este complemento, los propietarios de tiendas pueden proporcionar a sus clientes la conveniencia de ver tarifas de env\u00edo precisas directamente al momento de pagar, as\u00ed como recibir actualizaciones de seguimiento en tiempo real sobre sus pedidos. Adem\u00e1s, este notable complemento tambi\u00e9n abarca una variedad de caracter\u00edsticas impresionantes, incluida la capacidad de personalizar las opciones de env\u00edo de FedEx para adaptarse a las preferencias individuales, administrar efectivamente m\u00faltiples direcciones de env\u00edo y mucho m\u00e1s. En \u00faltima instancia, la implementaci\u00f3n del m\u00e9todo de env\u00edo de WooCommerce FedEx mejorar\u00e1 y optimizar\u00e1 y optimizar\u00e1 el proceso de env\u00edo de su tienda, asegurando as\u00ed una experiencia de compra notablemente perfecta y satisfactoria para sus valiosos clientes.<\/p>\n","protected":false},"featured_media":168119,"comment_status":"open","ping_status":"open","template":"","meta":[],"product_brand":[2344],"product_cat":[1207,1248,1206],"product_tag":[1423],"class_list":{"0":"post-126598","1":"product","2":"type-product","3":"status-publish","4":"has-post-thumbnail","6":"product_brand-woocommerce","7":"product_cat-comercio-electronico-plugins","8":"product_cat-personalizacion-comercio-electronico-plugins","9":"product_cat-plugins","10":"product_tag-woocommerce","11":"member-discount","12":"discount-restricted","14":"first","15":"instock","16":"sale","17":"downloadable","18":"virtual","19":"sold-individually","20":"purchasable","21":"product-type-simple"},"_links":{"self":[{"href":"https:\/\/gpl-love.com\/es\/wp-json\/wp\/v2\/product\/126598","targetHints":{"allow":["GET"]}}],"collection":[{"href":"https:\/\/gpl-love.com\/es\/wp-json\/wp\/v2\/product"}],"about":[{"href":"https:\/\/gpl-love.com\/es\/wp-json\/wp\/v2\/types\/product"}],"replies":[{"embeddable":true,"href":"https:\/\/gpl-love.com\/es\/wp-json\/wp\/v2\/comments?post=126598"}],"wp:featuredmedia":[{"embeddable":true,"href":"https:\/\/gpl-love.com\/es\/wp-json\/wp\/v2\/media\/168119"}],"wp:attachment":[{"href":"https:\/\/gpl-love.com\/es\/wp-json\/wp\/v2\/media?parent=126598"}],"wp:term":[{"taxonomy":"product_brand","embeddable":true,"href":"https:\/\/gpl-love.com\/es\/wp-json\/wp\/v2\/product_brand?post=126598"},{"taxonomy":"product_cat","embeddable":true,"href":"https:\/\/gpl-love.com\/es\/wp-json\/wp\/v2\/product_cat?post=126598"},{"taxonomy":"product_tag","embeddable":true,"href":"https:\/\/gpl-love.com\/es\/wp-json\/wp\/v2\/product_tag?post=126598"}],"curies":[{"name":"wp","href":"https:\/\/api.w.org\/{rel}","templated":true}]}}