{"id":126597,"date":"2026-01-10T00:00:00","date_gmt":"2026-01-10T05:00:00","guid":{"rendered":"https:\/\/gpl-love.com\/es\/producto\/woocommerce-extra-product-options\/"},"modified":"2026-03-09T08:21:56","modified_gmt":"2026-03-09T13:21:56","slug":"woocommerce-extra-product-options","status":"publish","type":"product","link":"https:\/\/gpl-love.com\/es\/producto\/woocommerce-extra-product-options\/","title":{"rendered":"WooCommerce Extra Product Options 7.5.6"},"content":{"rendered":"<h3>WooCommerce Extra Product Options Caracteristicas<\/h3>\n<p>Las opciones de productos adicionales de WooCommerce sirven como un complemento muy potente que amplifica de manera efectiva la funci\u00f3n de opciones de productos de WooCommerce, lo que permite a los propietarios de tiendas generar sin esfuerzo un n\u00famero infinito de opciones para sus productos. Mediante este notable complemento, posee la capacidad de incorporar una variedad de tipos de opciones, incluidos, entre otros, casillas de verificaci\u00f3n, botones de radio, men\u00fas desplegables, \u00e1reas de texto, cargas de archivos y una multitud de otros. Adem\u00e1s, tiene la libertad de configurar distintas opciones para diferentes productos y categor\u00edas, e incluso fabricar l\u00f3gica condicional para opciones espec\u00edficas. Adem\u00e1s, este complemento cuenta con un nivel excepcional de personalizaci\u00f3n y se integra perfectamente con la interfaz WooCommerce, facilitando as\u00ed sus esfuerzos para administrar sus opciones de productos y aumentar la experiencia general de compra para su estimado clientele.<\/p>\n<ul>\n<li>Proporciona opciones de personalizaci\u00f3n adicionales para productos en WooCommerce<\/li>\n<li>Permite la adici\u00f3n de campos y opciones personalizados a las p\u00e1ginas de productos<\/li>\n<li>Admite varios tipos de entrada, incluidos texto, selecci\u00f3n, casilla de verificaci\u00f3n y DatePicker<\/li>\n<li>Habilita la l\u00f3gica condicional para mostrar opciones basadas en selecciones de usuarios<\/li>\n<li>Se integra con el proceso de pago de WooCommerce sin problemas<\/li>\n<li>Admite opciones globales y por producto para una mayor flexibilidad<\/li>\n<li>Compatible con constructores de p\u00e1ginas populares y temas para una f\u00e1cil integraci\u00f3n<\/li>\n<li>Proporciona documentaci\u00f3n y soporte integral para los usuarios<\/li>\n<\/ul>\n","protected":false},"excerpt":{"rendered":"<p>Las opciones de productos adicionales de WooCommerce se presentan como un complemento robusto e influyente, que sirve como un medio para que los propietarios de tiendas en l\u00ednea incorporen a la perfecci\u00f3n campos suplementarios en sus p\u00e1ginas de productos de WooCommerce. Su funcionalidad expansiva permite a los usuarios construir campos de productos a medida, que abarcan opciones vers\u00e1tiles como cuadros de texto, men\u00fas desplegables, casillas de verificaci\u00f3n, botones de radio y m\u00e1s all\u00e1. Adem\u00e1s, este complemento permite la integraci\u00f3n perfecta de las opciones de productos complementarios, los precios que abarcan, las im\u00e1genes y la l\u00f3gica condicional. Mientras se produce notablemente, este complemento surge como particularmente ventajoso para los propietarios de la tienda que aspiran a ofrecer a su estimada clientela un colector de opciones y personalizaci\u00f3n mejorada durante su viaje de compra en l\u00ednea.<\/p>\n","protected":false},"featured_media":168118,"comment_status":"open","ping_status":"open","template":"","meta":[],"product_brand":[2339],"product_cat":[1208,1207,1206],"product_tag":[1256],"class_list":{"0":"post-126597","1":"product","2":"type-product","3":"status-publish","4":"has-post-thumbnail","6":"product_brand-codecanyon","7":"product_cat-administracion","8":"product_cat-comercio-electronico-plugins","9":"product_cat-plugins","10":"product_tag-codecanyon","11":"member-discount","12":"discount-restricted","14":"first","15":"instock","16":"sale","17":"downloadable","18":"virtual","19":"sold-individually","20":"purchasable","21":"product-type-simple"},"_links":{"self":[{"href":"https:\/\/gpl-love.com\/es\/wp-json\/wp\/v2\/product\/126597","targetHints":{"allow":["GET"]}}],"collection":[{"href":"https:\/\/gpl-love.com\/es\/wp-json\/wp\/v2\/product"}],"about":[{"href":"https:\/\/gpl-love.com\/es\/wp-json\/wp\/v2\/types\/product"}],"replies":[{"embeddable":true,"href":"https:\/\/gpl-love.com\/es\/wp-json\/wp\/v2\/comments?post=126597"}],"wp:featuredmedia":[{"embeddable":true,"href":"https:\/\/gpl-love.com\/es\/wp-json\/wp\/v2\/media\/168118"}],"wp:attachment":[{"href":"https:\/\/gpl-love.com\/es\/wp-json\/wp\/v2\/media?parent=126597"}],"wp:term":[{"taxonomy":"product_brand","embeddable":true,"href":"https:\/\/gpl-love.com\/es\/wp-json\/wp\/v2\/product_brand?post=126597"},{"taxonomy":"product_cat","embeddable":true,"href":"https:\/\/gpl-love.com\/es\/wp-json\/wp\/v2\/product_cat?post=126597"},{"taxonomy":"product_tag","embeddable":true,"href":"https:\/\/gpl-love.com\/es\/wp-json\/wp\/v2\/product_tag?post=126597"}],"curies":[{"name":"wp","href":"https:\/\/api.w.org\/{rel}","templated":true}]}}