{"id":126596,"date":"2026-03-18T00:00:00","date_gmt":"2026-03-18T05:00:00","guid":{"rendered":"https:\/\/gpl-love.com\/es\/producto\/woocommerce-eu-vat-number\/"},"modified":"2026-04-10T11:32:09","modified_gmt":"2026-04-10T16:32:09","slug":"woocommerce-eu-vat-number","status":"publish","type":"product","link":"https:\/\/gpl-love.com\/es\/producto\/woocommerce-eu-vat-number\/","title":{"rendered":"WooCommerce EU VAT Number 3.1.0"},"content":{"rendered":"<h3>WooCommerce EU VAT Number Caracteristicas<\/h3>\n<p>El complemento indispensable del n\u00famero de IVA de la UE WooCommerce sirve como un instrumento crucial para las empresas que participan en operaciones dentro de la Uni\u00f3n Europea. Este notable complemento permite a las empresas garantizar su adherencia a las regulaciones del IVA impuestas por la UE al facilitar la recolecci\u00f3n y validaci\u00f3n de los n\u00fameros del IVA del cliente durante el proceso de pago. Adem\u00e1s, este complemento permite a las empresas mostrar n\u00fameros de IVA en sus facturas, simplificando as\u00ed el procedimiento de reembolso del IVA. La potencia inherente de este complemento se encuentra en su instalaci\u00f3n y configuraci\u00f3n perfecta, lo que es un activo indispensable para cualquier empresa que funcione dentro de la UE. Al aprovechar las capacidades del complemento de n\u00fameros de IVA de la UE WooCommerce, las empresas pueden optimizar efectivamente su utilizaci\u00f3n del tiempo, minimizar la ocurrencia de errores y garantizar inequ\u00edvocamente su cumplimiento inquebrantable con las regulaciones del IVA de la UE.<\/p>\n<ul>\n<li>Valida y almacena autom\u00e1ticamente n\u00fameros de IVA de la UE v\u00e1lidos para clientes en WooCommerce<\/li>\n<li>Habilita la exenci\u00f3n de impuestos para los n\u00fameros de IVA de la UE verificados durante el proceso de pago<\/li>\n<li>Simplifica el cumplimiento de las regulaciones del IVA de la Uni\u00f3n Europea para las empresas que se venden a clientes en la UE<\/li>\n<li>Reduce el riesgo de devoluciones de cargo o sanciones fiscales al garantizar la recaudaci\u00f3n adecuada del IVA<\/li>\n<li>Ofrece una instalaci\u00f3n f\u00e1cil y uso con una interfaz f\u00e1cil de usar<\/li>\n<li>Ahorra tiempo y elimina la necesidad de validaci\u00f3n de n\u00famero de IVA manual<\/li>\n<li>Proporciona tranquilidad para las empresas que operan en el mercado de la UE<\/li>\n<li>Compatible con la \u00faltima versi\u00f3n de WooCommerce y que cumple con las regulaciones GDPR.<\/li>\n<\/ul>\n","protected":false},"excerpt":{"rendered":"<p>El complemento del n\u00famero de IVA de la UE de WooCommerce se ha creado meticulosamente para facilitar efectivamente la gesti\u00f3n de los intrincados asuntos internacionales relacionados con los impuestos. Al hacer uso de este complemento, se le otorgar\u00e1 la invaluable capacidad para reunir, autenticar y retener de forma segura los n\u00fameros de IVA que se originan en su estimada clientela dentro de la Uni\u00f3n Europea. Adem\u00e1s, esta herramienta avanzada analiza meticulosamente el n\u00famero de IVA proporcionado durante el punto de venta crucial, implementando posteriormente y diligentemente la tasa impositiva apropiada, sirviendo as\u00ed como una salvaguardia indispensable contra cualquier posible problema de incumplimiento, al tiempo que ofrece una reducci\u00f3n sustancial en el tiempo- consumir la tarea de calcular manualmente las cuotas fiscales. Por lo tanto, es inequ\u00edvocamente evidente que la adquisici\u00f3n de este complemento es una necesidad absoluta para cualquier establecimiento de WooCommerce que busque realizar transacciones comerciales pr\u00f3speras con individuos provenientes de la regi\u00f3n de la Uni\u00f3n Europea.<\/p>\n","protected":false},"featured_media":168117,"comment_status":"open","ping_status":"open","template":"","meta":[],"product_brand":[2344],"product_cat":[1208,1207,1206],"product_tag":[1423],"class_list":{"0":"post-126596","1":"product","2":"type-product","3":"status-publish","4":"has-post-thumbnail","6":"product_brand-woocommerce","7":"product_cat-administracion","8":"product_cat-comercio-electronico-plugins","9":"product_cat-plugins","10":"product_tag-woocommerce","11":"member-discount","12":"discount-restricted","14":"first","15":"instock","16":"sale","17":"downloadable","18":"virtual","19":"sold-individually","20":"purchasable","21":"product-type-simple"},"_links":{"self":[{"href":"https:\/\/gpl-love.com\/es\/wp-json\/wp\/v2\/product\/126596","targetHints":{"allow":["GET"]}}],"collection":[{"href":"https:\/\/gpl-love.com\/es\/wp-json\/wp\/v2\/product"}],"about":[{"href":"https:\/\/gpl-love.com\/es\/wp-json\/wp\/v2\/types\/product"}],"replies":[{"embeddable":true,"href":"https:\/\/gpl-love.com\/es\/wp-json\/wp\/v2\/comments?post=126596"}],"wp:featuredmedia":[{"embeddable":true,"href":"https:\/\/gpl-love.com\/es\/wp-json\/wp\/v2\/media\/168117"}],"wp:attachment":[{"href":"https:\/\/gpl-love.com\/es\/wp-json\/wp\/v2\/media?parent=126596"}],"wp:term":[{"taxonomy":"product_brand","embeddable":true,"href":"https:\/\/gpl-love.com\/es\/wp-json\/wp\/v2\/product_brand?post=126596"},{"taxonomy":"product_cat","embeddable":true,"href":"https:\/\/gpl-love.com\/es\/wp-json\/wp\/v2\/product_cat?post=126596"},{"taxonomy":"product_tag","embeddable":true,"href":"https:\/\/gpl-love.com\/es\/wp-json\/wp\/v2\/product_tag?post=126596"}],"curies":[{"name":"wp","href":"https:\/\/api.w.org\/{rel}","templated":true}]}}