{"id":126595,"date":"2026-01-23T00:00:00","date_gmt":"2026-01-23T05:00:00","guid":{"rendered":"https:\/\/gpl-love.com\/es\/producto\/woocommerce-email-template-customizer\/"},"modified":"2026-04-10T11:32:08","modified_gmt":"2026-04-10T16:32:08","slug":"woocommerce-email-template-customizer","status":"publish","type":"product","link":"https:\/\/gpl-love.com\/es\/producto\/woocommerce-email-template-customizer\/","title":{"rendered":"WooCommerce Email Template Customizer 1.2.18"},"content":{"rendered":"<h3>WooCommerce Email Template Customizer Caracteristicas<\/h3>\n<p>El personalizador de plantilla de correo electr\u00f3nico de WooCommerce es una herramienta robusta y eficiente meticulosamente dise\u00f1ada para ayudar a los propietarios de tiendas de comercio electr\u00f3nico a fabricar plantillas de correo electr\u00f3nico personalizadas que se alinean perfectamente con su marca. Esta notable herramienta faculta a los usuarios adaptar sin esfuerzo el dise\u00f1o y el dise\u00f1o de sus plantillas de correo electr\u00f3nico, que abarca no solo el encabezado, el pie de p\u00e1gina, sino tambi\u00e9n las secciones del cuerpo. Esta caracter\u00edstica invaluable permite a los propietarios de tiendas seleccionar una experiencia armoniosa y unificada del cliente, garantizando que toda la correspondencia que emane de su tienda refleje impecablemente la personalidad distintiva y los valores apreciados de su marca. La interfaz f\u00e1cil de usar del personalizador de plantilla de correo electr\u00f3nico de WooCommerce mejora a\u00fan m\u00e1s su atractivo, mientras que su extensa gama de opciones de personalizaci\u00f3n lo hace indispensable para cualquier tienda de comercio electr\u00f3nico exigente que busque forjar una identidad de marca indomable.<\/p>\n<ul>\n<li>Plantillas de correo electr\u00f3nico personalizables para WooCommerce<\/li>\n<li>Interfaz de arrastrar y soltar simple e intuitiva<\/li>\n<li>Dise\u00f1o totalmente receptivo para todos los dispositivos<\/li>\n<li>Secciones de encabezado y pie de p\u00e1gina personalizables<\/li>\n<li>Texto editable, im\u00e1genes y colores<\/li>\n<li>Funci\u00f3n de vista previa para ver cambios en tiempo real<\/li>\n<li>Opci\u00f3n para guardar m\u00faltiples plantillas para diferentes tipos de correos electr\u00f3nicos<\/li>\n<li>Funciona con todos los tipos de correo electr\u00f3nico de WooCommerce (confirmaci\u00f3n de pedidos, notificaci\u00f3n de env\u00edo, etc.)<\/li>\n<li>No se necesita experiencia de codificaci\u00f3n<\/li>\n<li>Aumenta el reconocimiento de marca y la experiencia del cliente con correos electr\u00f3nicos personalizados<\/li>\n<\/ul>\n","protected":false},"excerpt":{"rendered":"<p>Al utilizar las notables capacidades del personalizador de plantillas de correo electr\u00f3nico de WooCommerce, se le otorga la oportunidad de adaptar sin esfuerzo sus plantillas de correo electr\u00f3nico de WooCommerce de acuerdo con la identidad y la est\u00e9tica distintiva de su marca. La disposici\u00f3n de este complemento le permite manipular los colores, las fuentes, el texto y el dise\u00f1o de sus comunicaciones electr\u00f3nicas, lo que garantiza que su estimada clientela recibir\u00e1 un mensaje coherente y sofisticado de m\u00e1xima profesionalidad. Ya sea que la necesidad surja para revisar la confirmaci\u00f3n del pedido, la notificaci\u00f3n de env\u00edo o cualquier otra variante de correspondencia por correo electr\u00f3nico, este complemento dise\u00f1ado intuitivamente hace que el proceso de fabricaci\u00f3n de plantillas de correo electr\u00f3nico visualmente cautivadoras y altamente impactantes sea un esfuerzo perfecto. Proporcionando sus cifras de ventas a alturas sin precedentes. \u00a1No dude en embarcarse en este viaje transformador hoy y ascender a alturas de excelencia incomparables dentro del \u00e1mbito de la comunicaci\u00f3n del cliente!<\/p>\n","protected":false},"featured_media":168116,"comment_status":"open","ping_status":"open","template":"","meta":[],"product_brand":[2339],"product_cat":[1207,1248,1206],"product_tag":[1256],"class_list":{"0":"post-126595","1":"product","2":"type-product","3":"status-publish","4":"has-post-thumbnail","6":"product_brand-codecanyon","7":"product_cat-comercio-electronico-plugins","8":"product_cat-personalizacion-comercio-electronico-plugins","9":"product_cat-plugins","10":"product_tag-codecanyon","11":"member-discount","12":"discount-restricted","14":"first","15":"instock","16":"sale","17":"downloadable","18":"virtual","19":"sold-individually","20":"purchasable","21":"product-type-simple"},"_links":{"self":[{"href":"https:\/\/gpl-love.com\/es\/wp-json\/wp\/v2\/product\/126595","targetHints":{"allow":["GET"]}}],"collection":[{"href":"https:\/\/gpl-love.com\/es\/wp-json\/wp\/v2\/product"}],"about":[{"href":"https:\/\/gpl-love.com\/es\/wp-json\/wp\/v2\/types\/product"}],"replies":[{"embeddable":true,"href":"https:\/\/gpl-love.com\/es\/wp-json\/wp\/v2\/comments?post=126595"}],"wp:featuredmedia":[{"embeddable":true,"href":"https:\/\/gpl-love.com\/es\/wp-json\/wp\/v2\/media\/168116"}],"wp:attachment":[{"href":"https:\/\/gpl-love.com\/es\/wp-json\/wp\/v2\/media?parent=126595"}],"wp:term":[{"taxonomy":"product_brand","embeddable":true,"href":"https:\/\/gpl-love.com\/es\/wp-json\/wp\/v2\/product_brand?post=126595"},{"taxonomy":"product_cat","embeddable":true,"href":"https:\/\/gpl-love.com\/es\/wp-json\/wp\/v2\/product_cat?post=126595"},{"taxonomy":"product_tag","embeddable":true,"href":"https:\/\/gpl-love.com\/es\/wp-json\/wp\/v2\/product_tag?post=126595"}],"curies":[{"name":"wp","href":"https:\/\/api.w.org\/{rel}","templated":true}]}}