{"id":126594,"date":"2022-05-26T00:00:00","date_gmt":"2022-05-26T05:00:00","guid":{"rendered":"https:\/\/gpl-love.com\/es\/producto\/woocommerce-email-customizer\/"},"modified":"2026-04-10T11:32:07","modified_gmt":"2026-04-10T16:32:07","slug":"woocommerce-email-customizer","status":"publish","type":"product","link":"https:\/\/gpl-love.com\/es\/producto\/woocommerce-email-customizer\/","title":{"rendered":"WooCommerce Email Customizer 1.4.0"},"content":{"rendered":"<h3>WooCommerce Email Customizer Caracteristicas<\/h3>\n<p>WooCommerce Correo electr\u00f3nico Customizer, una soluci\u00f3n altamente vers\u00e1til y multifac\u00e9tica, permite a los propietarios de negocios en l\u00ednea personalizar y adaptar sus comunicaciones por correo electr\u00f3nico con la m\u00e1xima precisi\u00f3n y delicadeza. Esta herramienta excepcionalmente potente proporciona a los usuarios la capacidad de crear correos electr\u00f3nicos visualmente cautivadores e inmersivos, abarcar aspectos vitales como confirmaciones de pedidos, notificaciones de env\u00edo y correos electr\u00f3nicos de cuenta de clientes. A trav\u00e9s de la interfaz de arrastrar y soltar a la perfecci\u00f3n intuitiva, los usuarios se encuentran equipados con los medios para incorporar logotipos, im\u00e1genes, texto, texto y una mir\u00edada de otros elementos de dise\u00f1o, lo que permite la creaci\u00f3n de correos electr\u00f3nicos que son visualmente arrestantes y verdaderamente reflejados de sus identidad de marca distintiva. Adem\u00e1s, el complemento extiende su funcionalidad ofreciendo opciones de personalizaci\u00f3n avanzada, que abarcan los gustos de contenido condicional, etiquetas din\u00e1micas y seguimiento de correo electr\u00f3nico. Estas poderosas caracter\u00edsticas permiten a los usuarios entregar mensajes espec\u00edficos sin esfuerzo y centrados en el l\u00e1ser, al tiempo que les permite monitorear y medir meticulosamente el rendimiento del correo electr\u00f3nico. En conclusi\u00f3n, el personalizador de correo electr\u00f3nico de WooCommerce no solo optimiza y optimiza los esfuerzos de marketing por correo electr\u00f3nico de las empresas, sino que tambi\u00e9n sirve como un catalizador invaluable para aumentar la participaci\u00f3n del cliente e impulsar el crecimiento exponencial de las ventas.<\/p>\n<ul>\n<li>Permite a los usuarios personalizar f\u00e1cilmente los correos electr\u00f3nicos enviados por su tienda WooCommerce<\/li>\n<li>Proporciona una interfaz de creador de correo electr\u00f3nico de arrastrar y soltar para una f\u00e1cil personalizaci\u00f3n<\/li>\n<li>Ofrece plantillas de correo electr\u00f3nico de WooCommerce previas a la construcci\u00f3n como punto de partida<\/li>\n<li>Permite a los usuarios obtener una vista previa de sus dise\u00f1os de correo electr\u00f3nico antes de enviarlos<\/li>\n<li>Incluye una variedad de opciones de personalizaci\u00f3n para texto, im\u00e1genes, colores y m\u00e1s<\/li>\n<li>Admite m\u00faltiples idiomas e internacionalizaci\u00f3n<\/li>\n<li>Se integra con los populares servicios de marketing por correo electr\u00f3nico para mejorar las campa\u00f1as de marketing<\/li>\n<li>Ahorra tiempo y recursos automatizando el proceso de creaci\u00f3n de correo electr\u00f3nico<\/li>\n<li>Ayuda a las empresas a aumentar el reconocimiento de marca y la retenci\u00f3n de clientes mediante la creaci\u00f3n de correos electr\u00f3nicos de marca y personalizados<\/li>\n<li>Proporciona un excelente servicio al cliente y soporte para garantizar una experiencia de usuario fluida.<\/li>\n<\/ul>\n","protected":false},"excerpt":{"rendered":"<p>WooCommerce Email Customizer es una herramienta incre\u00edblemente robusta y altamente efectiva que permite a sus usuarios desarrollar y personalizar sin esfuerzo plantillas de correo electr\u00f3nico y personalizadas adaptadas espec\u00edficamente para satisfacer las necesidades y requisitos de su tienda en l\u00ednea. Con una funcionalidad de arrastrar y soltar de arrastre incre\u00edblemente intuitiva y f\u00e1cil de usar, junto con una variedad diversa de plantillas preexistentes meticulosamente elaboradas, este complemento invaluable proporciona a los usuarios una conveniencia incomparable cuando se trata de dise\u00f1ar y dise\u00f1ar meticulosamente de manera meticulosa y de manera visual y atentamente correos electr\u00f3nicos de aspecto profesional que exudan una sensaci\u00f3n de sofisticaci\u00f3n que se alinea sin problemas con su identidad de marca. Con una amplia gama de funcionalidades que abarcan todo, desde la confirmaci\u00f3n del pedido hasta las notificaciones de env\u00edo y mucho m\u00e1s, este complemento extraordinario ofrece a los usuarios una autonom\u00eda completa sobre cada faceta de la comunicaci\u00f3n de su tienda en l\u00ednea con sus clientes, asegurando una experiencia de compra sin problemas y profundamente atractivos para todos. Independientemente de si es un experto en comercio electr\u00f3nico experimentado con una gran experiencia o un reci\u00e9n llegado dedicado ansioso por embarcarse en este viaje emocionante, la Customizer de correo electr\u00f3nico de WooCommerce innegablemente se erige como una herramienta indispensable que es simplemente indispensable para cualquier tienda en l\u00ednea ambiciosa y pr\u00f3spera que busque maximizar su potencial y eleva su \u00e9xito a alturas sin precedentes.<\/p>\n","protected":false},"featured_media":168115,"comment_status":"open","ping_status":"open","template":"","meta":[],"product_brand":[2344],"product_cat":[1207,1225,1206],"product_tag":[1423],"class_list":{"0":"post-126594","1":"product","2":"type-product","3":"status-publish","4":"has-post-thumbnail","6":"product_brand-woocommerce","7":"product_cat-comercio-electronico-plugins","8":"product_cat-marketing","9":"product_cat-plugins","10":"product_tag-woocommerce","11":"member-discount","12":"discount-restricted","14":"first","15":"instock","16":"sale","17":"downloadable","18":"virtual","19":"sold-individually","20":"purchasable","21":"product-type-simple"},"_links":{"self":[{"href":"https:\/\/gpl-love.com\/es\/wp-json\/wp\/v2\/product\/126594","targetHints":{"allow":["GET"]}}],"collection":[{"href":"https:\/\/gpl-love.com\/es\/wp-json\/wp\/v2\/product"}],"about":[{"href":"https:\/\/gpl-love.com\/es\/wp-json\/wp\/v2\/types\/product"}],"replies":[{"embeddable":true,"href":"https:\/\/gpl-love.com\/es\/wp-json\/wp\/v2\/comments?post=126594"}],"wp:featuredmedia":[{"embeddable":true,"href":"https:\/\/gpl-love.com\/es\/wp-json\/wp\/v2\/media\/168115"}],"wp:attachment":[{"href":"https:\/\/gpl-love.com\/es\/wp-json\/wp\/v2\/media?parent=126594"}],"wp:term":[{"taxonomy":"product_brand","embeddable":true,"href":"https:\/\/gpl-love.com\/es\/wp-json\/wp\/v2\/product_brand?post=126594"},{"taxonomy":"product_cat","embeddable":true,"href":"https:\/\/gpl-love.com\/es\/wp-json\/wp\/v2\/product_cat?post=126594"},{"taxonomy":"product_tag","embeddable":true,"href":"https:\/\/gpl-love.com\/es\/wp-json\/wp\/v2\/product_tag?post=126594"}],"curies":[{"name":"wp","href":"https:\/\/api.w.org\/{rel}","templated":true}]}}