{"id":126593,"date":"2026-04-18T00:00:00","date_gmt":"2026-04-18T05:00:00","guid":{"rendered":"https:\/\/gpl-love.com\/es\/producto\/woocommerce-email-attachments\/"},"modified":"2026-04-18T17:16:39","modified_gmt":"2026-04-18T22:16:39","slug":"woocommerce-email-attachments","status":"publish","type":"product","link":"https:\/\/gpl-love.com\/es\/producto\/woocommerce-email-attachments\/","title":{"rendered":"WooCommerce Email Attachments 3.2.4"},"content":{"rendered":"<h3>WooCommerce Email Attachments Caracteristicas<\/h3>\n<p>El complemento de archivos adjuntos de correo electr\u00f3nico de WooCommerce es una adici\u00f3n invaluable a cualquier tienda en l\u00ednea, que proporciona una variedad de funcionalidades potentes que mejoran significativamente la experiencia del cliente y optimizan el proceso de gesti\u00f3n de pedidos. Esta extensi\u00f3n excepcional facilita sin esfuerzo la inclusi\u00f3n perfecta de los archivos adjuntos en los correos electr\u00f3nicos de WooCommerce, que abarca una amplia gama de documentos esenciales, como confirmaciones de pedidos, facturas y etiquetas de env\u00edo. Con su interfaz f\u00e1cil de usar y su dise\u00f1o intuitivo, este complemento faculta a los usuarios personalizar sin esfuerzo sus plantillas de correo electr\u00f3nico y agregar archivos sin esfuerzo en una gran cantidad de formatos, incluidos PDF, im\u00e1genes y documentos, asegurando as\u00ed la mayor conveniencia y accesibilidad para los clientes. Adem\u00e1s, la utilidad inimitable de este complemento trasciende los l\u00edmites del tama\u00f1o del negocio, por lo que es una herramienta indispensable para propietarios de peque\u00f1as empresas y empresas m\u00e1s grandes por igual, revolucionando su experiencia de clientes y elevando su eficacia de gesti\u00f3n de pedidos a alturas sin precedentes.<\/p>\n<ul>\n<li>Agrega la funcionalidad para adjuntar archivos a los correos electr\u00f3nicos de confirmaci\u00f3n de pedidos de WooCommerce<\/li>\n<li>Le permite enviar documentos importantes como facturas, contratos y manuales a los clientes con facilidad<\/li>\n<li>Compatible con la mayor\u00eda de los tipos de archivos, incluidos PDF, im\u00e1genes y documentos de Microsoft Office<\/li>\n<li>Configuraci\u00f3n personalizable le permite elegir a qu\u00e9 correos electr\u00f3nicos adjuntar archivos y qu\u00e9 archivos incluir<\/li>\n<li>Ahorra tiempo automatizando el proceso de env\u00edo de archivos adjuntos a los clientes<\/li>\n<li>Mejora la experiencia del cliente al proporcionar toda la informaci\u00f3n necesaria en un correo electr\u00f3nico conveniente<\/li>\n<li>Aumenta la profesionalidad y la credibilidad de su negocio mediante la entrega de documentos importantes de manera r\u00e1pida y eficiente<\/li>\n<\/ul>\n","protected":false},"excerpt":{"rendered":"<p>Una de las herramientas m\u00e1s formidables disponibles para los usuarios de WooCommerce es el complemento de archivos adjuntos de correo electr\u00f3nico de WooCommerce altamente eficientes, que otorga a los usuarios la capacidad de agregar archivos adjuntos personalizados a sus correos electr\u00f3nicos de WooCommerce. Al utilizar este complemento, los comerciantes en l\u00ednea pueden distribuir sin esfuerzo varios documentos esenciales, como facturas, recibos, manuales de productos y otros archivos imperativos, junto con la confirmaci\u00f3n de compra habitual. El complemento en s\u00ed cuenta con una interfaz intuitiva y ofrece una amplia gama de opciones de personalizaci\u00f3n, lo que permite a los propietarios de tiendas adaptar sus archivos adjuntos para cumplir con sus requisitos espec\u00edficos. Adem\u00e1s, este notable complemento admite una amplia variedad de formatos de archivo, lo que lo convierte en un activo indispensable para cualquier propietario de la tienda en l\u00ednea que busque elevar la experiencia de compra de sus clientes. Utilice las notables capacidades de los archivos adjuntos de correo electr\u00f3nico de WooCommerce para mantener su valiosa clientela bien informada y equipada con todos los recursos necesarios que puedan necesitar.<\/p>\n","protected":false},"featured_media":168114,"comment_status":"open","ping_status":"open","template":"","meta":[],"product_brand":[2344],"product_cat":[1207,1225,1206],"product_tag":[1423],"class_list":{"0":"post-126593","1":"product","2":"type-product","3":"status-publish","4":"has-post-thumbnail","6":"product_brand-woocommerce","7":"product_cat-comercio-electronico-plugins","8":"product_cat-marketing","9":"product_cat-plugins","10":"product_tag-woocommerce","11":"member-discount","12":"discount-restricted","14":"first","15":"instock","16":"sale","17":"downloadable","18":"virtual","19":"sold-individually","20":"purchasable","21":"product-type-simple"},"_links":{"self":[{"href":"https:\/\/gpl-love.com\/es\/wp-json\/wp\/v2\/product\/126593","targetHints":{"allow":["GET"]}}],"collection":[{"href":"https:\/\/gpl-love.com\/es\/wp-json\/wp\/v2\/product"}],"about":[{"href":"https:\/\/gpl-love.com\/es\/wp-json\/wp\/v2\/types\/product"}],"replies":[{"embeddable":true,"href":"https:\/\/gpl-love.com\/es\/wp-json\/wp\/v2\/comments?post=126593"}],"wp:featuredmedia":[{"embeddable":true,"href":"https:\/\/gpl-love.com\/es\/wp-json\/wp\/v2\/media\/168114"}],"wp:attachment":[{"href":"https:\/\/gpl-love.com\/es\/wp-json\/wp\/v2\/media?parent=126593"}],"wp:term":[{"taxonomy":"product_brand","embeddable":true,"href":"https:\/\/gpl-love.com\/es\/wp-json\/wp\/v2\/product_brand?post=126593"},{"taxonomy":"product_cat","embeddable":true,"href":"https:\/\/gpl-love.com\/es\/wp-json\/wp\/v2\/product_cat?post=126593"},{"taxonomy":"product_tag","embeddable":true,"href":"https:\/\/gpl-love.com\/es\/wp-json\/wp\/v2\/product_tag?post=126593"}],"curies":[{"name":"wp","href":"https:\/\/api.w.org\/{rel}","templated":true}]}}