{"id":126592,"date":"2025-12-25T00:00:00","date_gmt":"2025-12-25T05:00:00","guid":{"rendered":"https:\/\/gpl-love.com\/es\/producto\/woocommerce-elavon-converge-payment-gateway\/"},"modified":"2026-03-09T08:21:47","modified_gmt":"2026-03-09T13:21:47","slug":"woocommerce-elavon-converge-payment-gateway","status":"publish","type":"product","link":"https:\/\/gpl-love.com\/es\/producto\/woocommerce-elavon-converge-payment-gateway\/","title":{"rendered":"WooCommerce Elavon Converge Payment Gateway 2.14.7"},"content":{"rendered":"<h3>WooCommerce Elavon Converge Payment Gateway Caracteristicas<\/h3>\n<p>El WooCommerce ELAVON Converge Payment Gateway cuenta con una confiabilidad excepcional y medidas de seguridad de primer nivel, lo que la convierte en una soluci\u00f3n de procesamiento de pagos ideal adaptada espec\u00edficamente para los usuarios de WooCommerce. Esta puerta de enlace faculta a los comerciantes en l\u00ednea para aceptar sin esfuerzo los pagos de la tarjeta de cr\u00e9dito y d\u00e9bito de los clientes que abarcan el mundo. Su interfaz f\u00e1cil de usar optimiza el proceso de pago, mitigando efectivamente las preocupaciones de abandono del carrito. Como una ventaja adicional, el WooCommerce Elavon converge Payment Guerdway se integra a la perfecci\u00f3n con una variedad diversa de m\u00e9todos de pago, que abarca los gustos de Apple Pay y Google Pay, lo que permite a los comerciantes presentar a sus clientes valorados una gama integral de alternativas de pago. Adem\u00e1s, esta plataforma est\u00e1 fortificada con mecanismos de prevenci\u00f3n de fraude robustos y caracter\u00edsticas de seguridad de vanguardia, asegurando que todas las transacciones se realicen de manera segura y segura. En resumen, el WooCommerce ELAVON Converge Pague Gateway es una opci\u00f3n excepcional para los usuarios de WooCommerce en busca de una soluci\u00f3n de procesamiento de pagos confiable, flexible e impregnable.<\/p>\n<ul>\n<li>Acepte de forma segura los pagos con tarjeta de cr\u00e9dito y d\u00e9bito directamente en su tienda WooCommerce<\/li>\n<li>Integre perfectamente su tienda en l\u00ednea con la pasarela de pago de Elavon Converge<\/li>\n<li>Incluye medidas de detecci\u00f3n y prevenci\u00f3n de fraude para proteger su tienda del fraude de pago en l\u00ednea<\/li>\n<li>F\u00e1cil de configurar y configurar con una interfaz f\u00e1cil de usar<\/li>\n<li>Proporciona informes de transacciones detallados y actualizaciones de estado de pago en tiempo real<\/li>\n<li>Admite pagos y suscripciones recurrentes<\/li>\n<li>Cumple con los est\u00e1ndares de la industria para el cumplimiento de PCI y la seguridad de los datos<\/li>\n<li>Ofrece atenci\u00f3n al cliente 24\/7 para ayudar con cualquier problema o pregunta relacionada con el pago<\/li>\n<li>Compatible con la mayor\u00eda de los principales tipos de tarjetas de cr\u00e9dito y d\u00e9bito, incluyendo Visa, MasterCard, American Express y Discover.<\/li>\n<\/ul>\n","protected":false},"excerpt":{"rendered":"<p>La pasarela de pago de WooCommerce Elavon Converge es una soluci\u00f3n de procesamiento de pago excepcionalmente eficiente y efectiva meticulosamente elaborada para facilitar la aceptaci\u00f3n sin esfuerzo y la gesti\u00f3n eficiente de los pagos de los clientes para las empresas en l\u00ednea. Con una interfaz notablemente intuitiva y f\u00e1cil de usar junto con una variedad de caracter\u00edsticas de seguridad robustas, esta puerta de enlace ofrece una experiencia de pago perfecta y confiable que satisface a la perfecci\u00f3n las necesidades y deseos tanto de comerciantes como de clientes. Ya sea que tenga como objetivo amplificar el alcance y el alcance de su negocio o simplemente esforz\u00e1ndose por refinar y mejorar su proceso de pago, el WooCommerce Elavon Converge Pague Guerdway se erige inequ\u00edvocamente como una opci\u00f3n no paralizada y preeminente para cualquier vendedor en l\u00ednea exigente.<\/p>\n","protected":false},"featured_media":168113,"comment_status":"open","ping_status":"open","template":"","meta":[],"product_brand":[2344],"product_cat":[1207,1426,1206],"product_tag":[1423],"class_list":{"0":"post-126592","1":"product","2":"type-product","3":"status-publish","4":"has-post-thumbnail","6":"product_brand-woocommerce","7":"product_cat-comercio-electronico-plugins","8":"product_cat-pago-comercio-electronico-plugins","9":"product_cat-plugins","10":"product_tag-woocommerce","11":"member-discount","12":"discount-restricted","14":"first","15":"instock","16":"sale","17":"downloadable","18":"virtual","19":"sold-individually","20":"purchasable","21":"product-type-simple"},"_links":{"self":[{"href":"https:\/\/gpl-love.com\/es\/wp-json\/wp\/v2\/product\/126592","targetHints":{"allow":["GET"]}}],"collection":[{"href":"https:\/\/gpl-love.com\/es\/wp-json\/wp\/v2\/product"}],"about":[{"href":"https:\/\/gpl-love.com\/es\/wp-json\/wp\/v2\/types\/product"}],"replies":[{"embeddable":true,"href":"https:\/\/gpl-love.com\/es\/wp-json\/wp\/v2\/comments?post=126592"}],"wp:featuredmedia":[{"embeddable":true,"href":"https:\/\/gpl-love.com\/es\/wp-json\/wp\/v2\/media\/168113"}],"wp:attachment":[{"href":"https:\/\/gpl-love.com\/es\/wp-json\/wp\/v2\/media?parent=126592"}],"wp:term":[{"taxonomy":"product_brand","embeddable":true,"href":"https:\/\/gpl-love.com\/es\/wp-json\/wp\/v2\/product_brand?post=126592"},{"taxonomy":"product_cat","embeddable":true,"href":"https:\/\/gpl-love.com\/es\/wp-json\/wp\/v2\/product_cat?post=126592"},{"taxonomy":"product_tag","embeddable":true,"href":"https:\/\/gpl-love.com\/es\/wp-json\/wp\/v2\/product_tag?post=126592"}],"curies":[{"name":"wp","href":"https:\/\/api.w.org\/{rel}","templated":true}]}}