{"id":126591,"date":"2021-06-02T00:00:00","date_gmt":"2021-06-02T05:00:00","guid":{"rendered":"https:\/\/gpl-love.com\/es\/producto\/woocommerce-ebay-affiliates-wordpress-plugin\/"},"modified":"2026-04-10T11:32:06","modified_gmt":"2026-04-10T16:32:06","slug":"woocommerce-ebay-affiliates-wordpress-plugin","status":"publish","type":"product","link":"https:\/\/gpl-love.com\/es\/producto\/woocommerce-ebay-affiliates-wordpress-plugin\/","title":{"rendered":"WooCommerce eBay Affiliates WordPress Plugin 1.2"},"content":{"rendered":"<h3>WooCommerce eBay Affiliates WordPress Plugin Caracteristicas<\/h3>\n<p>El complemento WooCommerce eBay Affiliates WordPress es una herramienta excepcionalmente innovadora e innovadora que ha sido dise\u00f1ada y desarrollada meticulosamente para permitir a los usuarios integrar e integrar e incrustar productos de eBay en su sitio de WooCommerce. La interfaz notable y centrada en el usuario de este complemento garantiza una experiencia perfecta y sin problemas para los usuarios, facilitando la exploraci\u00f3n sin esfuerzo y la adici\u00f3n de una amplia gama de productos desde eBay hasta su tienda en l\u00ednea. Al aprovechar efectivamente el inmenso potencial y el poder del programa afiliado de eBay inmensamente popular y altamente lucrativo, este complemento ofrece un m\u00e9todo impecable y simplificado para que los propietarios de sitios web generen comisiones sustanciales sin esfuerzo en las ventas generadas a trav\u00e9s de su sitio. La inclusi\u00f3n de caracter\u00edsticas altamente ventajosas e invaluables, como la actualizaci\u00f3n autom\u00e1tica, la sincronizaci\u00f3n de precios meticulosa y la capacidad de personalizar y personalizar plantillas, impecablemente y sin esfuerzo capacita a los propietarios de sitios web para monetizar de manera efectiva y eficiente su tienda en l\u00ednea y amplificar efectivamente su flujo de ingresos. Ya sea que uno sea un vendedor afiliado experimentado y experimentado o un novato que se embarca en su viaje en l\u00ednea, este complemento indudablemente representa una herramienta integral e indispensable para cualquier propietario del sitio web exigente y con visi\u00f3n de futuro que busque seriamente magnificar y aumentar sus ganancias en l\u00ednea.<\/p>\n<ul>\n<li>Proporciona una integraci\u00f3n perfecta entre su tienda WooCommerce y eBay, lo que le permite importar productos desde eBay a su tienda y obtener comisiones como afiliado de eBay<\/li>\n<li>Sincrita autom\u00e1ticamente los precios, t\u00edtulos, descripciones, im\u00e1genes y m\u00e1s de eBay a su tienda, ahorr\u00e1ndole tiempo y esfuerzo<\/li>\n<li>Ofrece varias opciones de personalizaci\u00f3n, como seleccionar de qu\u00e9 categor\u00edas de eBay importar, establecer porcentajes de marcado y elegir solo importar productos con palabras clave espec\u00edficas<\/li>\n<li>Le permite editar manualmente los detalles del producto, como cambiar el t\u00edtulo o las im\u00e1genes del producto, antes de importarlos a su tienda.<\/li>\n<li>Admite m\u00faltiples ID de afiliados de eBay, que le brinda la flexibilidad de obtener comisiones de diferentes cuentas de eBay<\/li>\n<li>Proporciona informes detallados y seguimiento de su rendimiento de ganancias y ventas, lo que facilita la optimizaci\u00f3n de su tienda y maximiza sus ganancias<\/li>\n<li>Muy f\u00e1cil de usar y f\u00e1cil de instalar y configurar, incluso para usuarios no t\u00e9cnicos<\/li>\n<li>Actualizado regularmente con nuevas funciones y correcciones de errores para garantizar un rendimiento y una confiabilidad sin problemas<\/li>\n<\/ul>\n","protected":false},"excerpt":{"rendered":"<p>La entrada WooCommerce eBay afilia el complemento de WordPress, con su impresionante funcionalidad, permite a los usuarios importar sin esfuerzo una gran cantidad de diversos productos de la amplia extensi\u00f3n del mercado digital de eBay, que posteriormente los exhibe con la mayor parte y la atracci\u00f3n visual en su propia tienda conwooCommercewommer. Esta herramienta revolucionaria no solo afilia a una oportunidad excepcional para capitalizar lucrativamente el aspecto promocional, sino que tambi\u00e9n les permite acumular comisiones sustanciales incrementalmente al orquestar y encabezar las ventas a trav\u00e9s de sus v\u00ednculos afiliados distintivos y dise\u00f1ados de manera astuta. Equipado con un sistema de integraci\u00f3n fluida perfectamente y una extensa gama de opciones personalizables sin esfuerzo, este complemento excepcional se destaca como una fuerza indomable, impulsando no solo a los minoristas en l\u00ednea sino tambi\u00e9n a los afiliados hacia alturas sin precedentes de prosperidad y abundancia financiera.<\/p>\n","protected":false},"featured_media":168112,"comment_status":"open","ping_status":"open","template":"","meta":[],"product_brand":[2339],"product_cat":[1207,1225,1206],"product_tag":[1256],"class_list":{"0":"post-126591","1":"product","2":"type-product","3":"status-publish","4":"has-post-thumbnail","6":"product_brand-codecanyon","7":"product_cat-comercio-electronico-plugins","8":"product_cat-marketing","9":"product_cat-plugins","10":"product_tag-codecanyon","11":"member-discount","12":"discount-restricted","14":"first","15":"instock","16":"sale","17":"downloadable","18":"virtual","19":"sold-individually","20":"purchasable","21":"product-type-simple"},"_links":{"self":[{"href":"https:\/\/gpl-love.com\/es\/wp-json\/wp\/v2\/product\/126591","targetHints":{"allow":["GET"]}}],"collection":[{"href":"https:\/\/gpl-love.com\/es\/wp-json\/wp\/v2\/product"}],"about":[{"href":"https:\/\/gpl-love.com\/es\/wp-json\/wp\/v2\/types\/product"}],"replies":[{"embeddable":true,"href":"https:\/\/gpl-love.com\/es\/wp-json\/wp\/v2\/comments?post=126591"}],"wp:featuredmedia":[{"embeddable":true,"href":"https:\/\/gpl-love.com\/es\/wp-json\/wp\/v2\/media\/168112"}],"wp:attachment":[{"href":"https:\/\/gpl-love.com\/es\/wp-json\/wp\/v2\/media?parent=126591"}],"wp:term":[{"taxonomy":"product_brand","embeddable":true,"href":"https:\/\/gpl-love.com\/es\/wp-json\/wp\/v2\/product_brand?post=126591"},{"taxonomy":"product_cat","embeddable":true,"href":"https:\/\/gpl-love.com\/es\/wp-json\/wp\/v2\/product_cat?post=126591"},{"taxonomy":"product_tag","embeddable":true,"href":"https:\/\/gpl-love.com\/es\/wp-json\/wp\/v2\/product_tag?post=126591"}],"curies":[{"name":"wp","href":"https:\/\/api.w.org\/{rel}","templated":true}]}}