{"id":126590,"date":"2022-02-08T00:00:00","date_gmt":"2022-02-08T05:00:00","guid":{"rendered":"https:\/\/gpl-love.com\/es\/producto\/woocommerce-easy-checkout-field-editor\/"},"modified":"2026-04-10T11:32:05","modified_gmt":"2026-04-10T16:32:05","slug":"woocommerce-easy-checkout-field-editor","status":"publish","type":"product","link":"https:\/\/gpl-love.com\/es\/producto\/woocommerce-easy-checkout-field-editor\/","title":{"rendered":"WooCommerce Easy Checkout Field Editor 2.6.2"},"content":{"rendered":"<h3>WooCommerce Easy Checkout Field Editor Caracteristicas<\/h3>\n<p>El editor de campo de pago f\u00e1cil de WooCommerce es un complemento inmensamente poderoso que le otorga la capacidad de personalizar y adaptar de manera integral el proceso de pago para su estimada tienda en l\u00ednea. Con la ayuda de este complemento notable, posee la libertad y la conveniencia de introducir, eliminar o reorganizar una variedad de campos en su p\u00e1gina de pago, acomodando y atendiendo a sus exigencias \u00fanicas y espec\u00edficas. Ya sea que su objetivo sea adquirir informaci\u00f3n complementaria al cliente, modificar la secuencia de sus campos o ocultar campos que no tienen relevancia para su negocio, el editor de campo de pago f\u00e1cil sin igual facilita una ejecuci\u00f3n simplista y sin problemas de estas tareas. Adem\u00e1s, este complemento extraordinario est\u00e1 imbuido de una facilidad de uso incomparable y no requiere conocimiento o experiencia previa en la codificaci\u00f3n, otorgando as\u00ed la accesibilidad a todos los que albergan el deseo de mejorar y optimizar su proceso de pago. Al emplear el editor de campo de pago f\u00e1cil, tiene el extraordinario potencial para modelar y establecer una experiencia de pago perfecta e inigualable para su estimada clientela, en consecuencia, provocando un aumento notable en sus conversiones de ventas.<\/p>\n<ul>\n<li>Un complemento que le permite personalizar los campos de pago en su tienda WooCommerce<\/li>\n<li>Interfaz intuitiva de arrastrar y soltar para una f\u00e1cil personalizaci\u00f3n<\/li>\n<li>Agregue, edite o elimine campos como la direcci\u00f3n de facturaci\u00f3n y env\u00edo, notas de pedido y m\u00e1s<\/li>\n<li>Especificar campos seg\u00fan sea necesario u opcional<\/li>\n<li>Elija entre varios tipos de entrada, como texto, desplegable, casilla de verificaci\u00f3n y m\u00e1s<\/li>\n<li>Admite l\u00f3gica condicional para mostrar o ocultar campos en funci\u00f3n de ciertos criterios<\/li>\n<li>Soporte multiling\u00fce para empresas globales<\/li>\n<li>Compatible con cualquier tema de WooCommerce y las principales pasarelas de pago<\/li>\n<li>No se requieren habilidades de codificaci\u00f3n, f\u00e1cil de instalar y usar<\/li>\n<li>Ayuda de documentaci\u00f3n y equipo de soporte dedicado disponible para cualquier ayuda<\/li>\n<\/ul>\n","protected":false},"excerpt":{"rendered":"<p>WooCommerce Easy Checkout Field Field Editor es un complemento incre\u00edblemente conveniente y eficiente que le ofrece la capacidad de personalizar y adaptar sin esfuerzo su p\u00e1gina de pago a sus preferencias espec\u00edficas. Al utilizar este complemento, tiene el poder de incluir sin esfuerzo, modificar o incluso eliminar varios campos de pago con solo unos pocos clics simples. Adem\u00e1s, se le otorga la flexibilidad para reorganizar estos campos de una manera que se alinee perfectamente con sus necesidades y requisitos \u00fanicos. Lo que distingue a este complemento de los dem\u00e1s es su notable naturaleza f\u00e1cil de usar, que permite a las personas sin habilidades o conocimientos de codificaci\u00f3n previos para navegar y utilizar sin esfuerzo su amplia gama de caracter\u00edsticas. Adem\u00e1s, este complemento es totalmente compatible con todos los temas de WordPress y versiones de WooCommerce, asegurando una integraci\u00f3n perfecta y una funcionalidad \u00f3ptima. Ya sea que su intenci\u00f3n sea incorporar un mensaje personalizado en su p\u00e1gina de pago o recopilar informaci\u00f3n adicional de sus valiosos clientes, tenga la seguridad de que este complemento superar\u00e1 sus expectativas y atender\u00e1 a todos sus requisitos. Con el editor de campo de pago f\u00e1cil de WooCommerce, tiene la invaluable oportunidad de racionalizar y optimizar su proceso de pago, impulsando efectivamente sus ventas y, en \u00faltima instancia, impulsando su negocio hacia un \u00e9xito sin precedentes.<\/p>\n","protected":false},"featured_media":168111,"comment_status":"open","ping_status":"open","template":"","meta":[],"product_brand":[2339],"product_cat":[1207,1248,1206],"product_tag":[1256],"class_list":{"0":"post-126590","1":"product","2":"type-product","3":"status-publish","4":"has-post-thumbnail","6":"product_brand-codecanyon","7":"product_cat-comercio-electronico-plugins","8":"product_cat-personalizacion-comercio-electronico-plugins","9":"product_cat-plugins","10":"product_tag-codecanyon","11":"member-discount","12":"discount-restricted","14":"first","15":"instock","16":"sale","17":"downloadable","18":"virtual","19":"sold-individually","20":"purchasable","21":"product-type-simple"},"_links":{"self":[{"href":"https:\/\/gpl-love.com\/es\/wp-json\/wp\/v2\/product\/126590","targetHints":{"allow":["GET"]}}],"collection":[{"href":"https:\/\/gpl-love.com\/es\/wp-json\/wp\/v2\/product"}],"about":[{"href":"https:\/\/gpl-love.com\/es\/wp-json\/wp\/v2\/types\/product"}],"replies":[{"embeddable":true,"href":"https:\/\/gpl-love.com\/es\/wp-json\/wp\/v2\/comments?post=126590"}],"wp:featuredmedia":[{"embeddable":true,"href":"https:\/\/gpl-love.com\/es\/wp-json\/wp\/v2\/media\/168111"}],"wp:attachment":[{"href":"https:\/\/gpl-love.com\/es\/wp-json\/wp\/v2\/media?parent=126590"}],"wp:term":[{"taxonomy":"product_brand","embeddable":true,"href":"https:\/\/gpl-love.com\/es\/wp-json\/wp\/v2\/product_brand?post=126590"},{"taxonomy":"product_cat","embeddable":true,"href":"https:\/\/gpl-love.com\/es\/wp-json\/wp\/v2\/product_cat?post=126590"},{"taxonomy":"product_tag","embeddable":true,"href":"https:\/\/gpl-love.com\/es\/wp-json\/wp\/v2\/product_tag?post=126590"}],"curies":[{"name":"wp","href":"https:\/\/api.w.org\/{rel}","templated":true}]}}