{"id":126589,"date":"2021-10-19T00:00:00","date_gmt":"2021-10-19T05:00:00","guid":{"rendered":"https:\/\/gpl-love.com\/es\/producto\/woocommerce-dynamic-pricing-by-user-role\/"},"modified":"2026-03-09T08:21:43","modified_gmt":"2026-03-09T13:21:43","slug":"woocommerce-dynamic-pricing-by-user-role","status":"publish","type":"product","link":"https:\/\/gpl-love.com\/es\/producto\/woocommerce-dynamic-pricing-by-user-role\/","title":{"rendered":"WooCommerce Dynamic Pricing By User Role 1.6.0"},"content":{"rendered":"<h3>WooCommerce Dynamic Pricing By User Role Caracteristicas<\/h3>\n<p>El precio din\u00e1mico de WooCommerce por rol de usuario es una herramienta extremadamente potente que permite a los propietarios de tiendas en l\u00ednea presentar precios individualizados dependiendo del rol de usuario asumido. A los administradores se les otorga la notable capacidad de fabricar regulaciones de precios personalizadas correspondientes al rol de cada usuario, dando a los clientes la capacidad de discernir precios dispares basados \u200b\u200ben su nivel de membres\u00eda, a trav\u00e9s de la ilustraci\u00f3n. Esta funcionalidad demuestra ser excepcionalmente ventajosa para los establecimientos que extienden las tarifas preferenciales a los mayoristas, minoristas o afiliados VIP estimados. El complemento, en su totalidad, est\u00e1 imbuido del atributo de personalizaci\u00f3n, lo que permite a los propietarios de la tienda configurar pol\u00edticas de precios distintivas para diversas categor\u00edas de productos, etiquetas o atributos. Al aprovechar este complemento, los propietarios de tiendas pueden catapultar su estrategia de precios a alturas sin precedentes, todo mientras aumentan la satisfacci\u00f3n del cliente y fomentan la lealtad inquebrantable.<\/p>\n<ul>\n<li>Precios din\u00e1micos basados \u200b\u200ben el papel del usuario en WooCommerce<\/li>\n<li>Precios personalizados para diferentes grupos de usuarios<\/li>\n<li>Roles de usuarios y reglas de precios ilimitadas<\/li>\n<li>Aplicaci\u00f3n autom\u00e1tica de cambios de precios para los usuarios registrados en los usuarios<\/li>\n<li>Opci\u00f3n para ocultar el precio de los roles espec\u00edficos de los usuarios<\/li>\n<li>Opciones de precios flexibles que incluyen precios fijos, descuentos porcentuales y precios escalonados<\/li>\n<li>Compatibilidad con otros complementos y extensiones de WooCommerce<\/li>\n<li>Interfaz f\u00e1cil de usar para administrar reglas de precios y roles de usuario<\/li>\n<li>F\u00e1cil instalaci\u00f3n y configuraci\u00f3n<\/li>\n<li>Rendimiento r\u00e1pido y confiable con un impacto m\u00ednimo en la velocidad del sitio web<\/li>\n<li>Soporte receptivo y documentaci\u00f3n proporcionada por el desarrollador.<\/li>\n<\/ul>\n","protected":false},"excerpt":{"rendered":"<p>El precio din\u00e1mico de WooCommerce por el rol del usuario es un complemento incre\u00edblemente robusto e influyente que le presenta la sorprendente oportunidad de personalizar y adaptar los precios de los roles de usuario distintos en su estimada plataforma de comercio electr\u00f3nico. Este complemento excepcional le permite establecer y configurar diversas regulaciones de fijaci\u00f3n de precios para roles exclusivos, como estimados clientes mayoristas, miembros VIP estimados o incluso grupos de usuarios espec\u00edficos estimados. La implementaci\u00f3n de esta caracter\u00edstica avanzada puede facilitar y mejorar indudablemente su capacidad para atraer y retener una amplia gama de tipos de clientes al otorgarles el privilegio de disfrutar de ofertas de precios especiales que est\u00e1n intrincadamente entrelazadas con su lealtad inquebrantable o su volumen de compra incomparable. Es crucial tener en cuenta que este complemento cuenta con una facilidad de instalaci\u00f3n incomparable, adem\u00e1s de ofrecer una interfaz notablemente f\u00e1cil de usar, lo que garantiza que administrar su configuraci\u00f3n de fijaci\u00f3n de precios din\u00e1mica nunca ha sido m\u00e1s f\u00e1cil. Es hora de adoptar esta innovaci\u00f3n innovadora, embarcarse en el esfuerzo de atraer una base de clientes m\u00e1s extensa y, en \u00faltima instancia, galvanizar las cifras de ventas aumentadas con las formidables fuerzas de los precios din\u00e1micos de WooCommerce por el papel del usuario.<\/p>\n","protected":false},"featured_media":168110,"comment_status":"open","ping_status":"open","template":"","meta":[],"product_brand":[2339],"product_cat":[1207,1248,1206],"product_tag":[1256],"class_list":{"0":"post-126589","1":"product","2":"type-product","3":"status-publish","4":"has-post-thumbnail","6":"product_brand-codecanyon","7":"product_cat-comercio-electronico-plugins","8":"product_cat-personalizacion-comercio-electronico-plugins","9":"product_cat-plugins","10":"product_tag-codecanyon","11":"member-discount","12":"discount-restricted","14":"first","15":"instock","16":"sale","17":"downloadable","18":"virtual","19":"sold-individually","20":"purchasable","21":"product-type-simple"},"_links":{"self":[{"href":"https:\/\/gpl-love.com\/es\/wp-json\/wp\/v2\/product\/126589","targetHints":{"allow":["GET"]}}],"collection":[{"href":"https:\/\/gpl-love.com\/es\/wp-json\/wp\/v2\/product"}],"about":[{"href":"https:\/\/gpl-love.com\/es\/wp-json\/wp\/v2\/types\/product"}],"replies":[{"embeddable":true,"href":"https:\/\/gpl-love.com\/es\/wp-json\/wp\/v2\/comments?post=126589"}],"wp:featuredmedia":[{"embeddable":true,"href":"https:\/\/gpl-love.com\/es\/wp-json\/wp\/v2\/media\/168110"}],"wp:attachment":[{"href":"https:\/\/gpl-love.com\/es\/wp-json\/wp\/v2\/media?parent=126589"}],"wp:term":[{"taxonomy":"product_brand","embeddable":true,"href":"https:\/\/gpl-love.com\/es\/wp-json\/wp\/v2\/product_brand?post=126589"},{"taxonomy":"product_cat","embeddable":true,"href":"https:\/\/gpl-love.com\/es\/wp-json\/wp\/v2\/product_cat?post=126589"},{"taxonomy":"product_tag","embeddable":true,"href":"https:\/\/gpl-love.com\/es\/wp-json\/wp\/v2\/product_tag?post=126589"}],"curies":[{"name":"wp","href":"https:\/\/api.w.org\/{rel}","templated":true}]}}