{"id":126588,"date":"2022-08-17T00:00:00","date_gmt":"2022-08-17T05:00:00","guid":{"rendered":"https:\/\/gpl-love.com\/es\/producto\/woocommerce-dynamic-pricing-y-discounts-with-ai\/"},"modified":"2026-04-10T11:32:04","modified_gmt":"2026-04-10T16:32:04","slug":"woocommerce-dynamic-pricing-y-discounts-with-ai","status":"publish","type":"product","link":"https:\/\/gpl-love.com\/es\/producto\/woocommerce-dynamic-pricing-y-discounts-with-ai\/","title":{"rendered":"WooCommerce Dynamic Pricing y Discounts with AI 2.1.0"},"content":{"rendered":"<h3>WooCommerce Dynamic Pricing y Discounts with AI Caracteristicas<\/h3>\n<p>Los precios din\u00e1micos y los descuentos de WooCommerce con IA es una herramienta excepcionalmente potente que est\u00e1 espec\u00edficamente dise\u00f1ada para satisfacer las necesidades de las empresas que tienen como objetivo proporcionar a sus clientes precios y descuentos personalizados. Este notable complemento aprovecha el poder de los algoritmos de inteligencia artificial de vanguardia para analizar meticulosamente aspectos intrincados, como el comportamiento del cliente, el historial de compras y otros puntos de datos cruciales, lo que en \u00faltima instancia permite a las empresas extender los precios y los descuentos a medida que se alinean impecablemente con las preferencias \u00fanicas. de cada cliente individual. Al aprovechar este complemento, las empresas pueden generar sin esfuerzo reglas y descuentos de precios altamente intrincados que no solo se limitan a productos espec\u00edficos, sino que tambi\u00e9n pueden aplicarse a grupos de clientes o comprar vol\u00famenes. Adem\u00e1s, este complemento invaluable garantiza actualizaciones en tiempo real de la informaci\u00f3n de precios, lo que permite a las empresas adaptar sin problemas su estrategia de precios de acuerdo con la din\u00e1mica del mercado y una serie de otros factores influyentes. En esencia, los precios din\u00e1micos y los descuentos de WooCommerce con IA es una herramienta indispensable que garantiza que las empresas mantengan un paso por delante de la competencia, al tiempo que ofrece una experiencia de compra verdaderamente personalizada e incomparable a sus estimados clientes.<\/p>\n<ul>\n<li>Capacidades de precios din\u00e1micos y descuentos para su tienda WooCommerce<\/li>\n<li>Precios personalizados adaptados a cada cliente individual en funci\u00f3n de su historial de navegaci\u00f3n y compra<\/li>\n<li>Cambios en tiempo real a precios y descuentos para el m\u00e1ximo impacto en el comportamiento del cliente<\/li>\n<li>Flexibilidad para establecer reglas para precios y descuentos basados \u200b\u200ben categor\u00edas de productos, segmentos de clientes y contenido de carro<\/li>\n<li>Informes y an\u00e1lisis integrales para monitorear la efectividad de sus estrategias de precios y descuento<\/li>\n<li>Integraci\u00f3n f\u00e1cil con su tienda WooCommerce existente y otras aplicaciones de terceros<\/li>\n<li>Actualizaciones y mantenimiento automatizados para operaci\u00f3n sin problemas<\/li>\n<li>Mejora de la satisfacci\u00f3n y la lealtad del cliente a trav\u00e9s de precios y descuentos personalizados, lo que lleva a mayores ventas e ingresos.<\/li>\n<\/ul>\n","protected":false},"excerpt":{"rendered":"<p>\u00a1Transforme las conversiones y los ingresos de su tienda aprovechando el potencial incomparable de los precios din\u00e1micos y los descuentos de WooCommerce con AI! Al aprovechar las capacidades de vanguardia de nuestra herramienta potente, puede aprovechar sin esfuerzo los algoritmos avanzados de inteligencia artificial que discernen efectivamente los patrones de comportamiento del cliente y proporcionan descuentos y opciones de precios personalizados individualmente para impulsar las ventas. Ac\u00e9tate a la tediosa tarea de administrar manualmente los precios de tu tienda y, en cambio, conf\u00eda las riendas a la extraordinaria destreza de la IA, permitiendo que tus ventas escalar alturas sin precedentes.<\/p>\n","protected":false},"featured_media":168109,"comment_status":"open","ping_status":"open","template":"","meta":[],"product_brand":[2339],"product_cat":[1207,1225,1206],"product_tag":[1256],"class_list":{"0":"post-126588","1":"product","2":"type-product","3":"status-publish","4":"has-post-thumbnail","6":"product_brand-codecanyon","7":"product_cat-comercio-electronico-plugins","8":"product_cat-marketing","9":"product_cat-plugins","10":"product_tag-codecanyon","11":"member-discount","12":"discount-restricted","14":"first","15":"instock","16":"sale","17":"downloadable","18":"virtual","19":"sold-individually","20":"purchasable","21":"product-type-simple"},"_links":{"self":[{"href":"https:\/\/gpl-love.com\/es\/wp-json\/wp\/v2\/product\/126588","targetHints":{"allow":["GET"]}}],"collection":[{"href":"https:\/\/gpl-love.com\/es\/wp-json\/wp\/v2\/product"}],"about":[{"href":"https:\/\/gpl-love.com\/es\/wp-json\/wp\/v2\/types\/product"}],"replies":[{"embeddable":true,"href":"https:\/\/gpl-love.com\/es\/wp-json\/wp\/v2\/comments?post=126588"}],"wp:featuredmedia":[{"embeddable":true,"href":"https:\/\/gpl-love.com\/es\/wp-json\/wp\/v2\/media\/168109"}],"wp:attachment":[{"href":"https:\/\/gpl-love.com\/es\/wp-json\/wp\/v2\/media?parent=126588"}],"wp:term":[{"taxonomy":"product_brand","embeddable":true,"href":"https:\/\/gpl-love.com\/es\/wp-json\/wp\/v2\/product_brand?post=126588"},{"taxonomy":"product_cat","embeddable":true,"href":"https:\/\/gpl-love.com\/es\/wp-json\/wp\/v2\/product_cat?post=126588"},{"taxonomy":"product_tag","embeddable":true,"href":"https:\/\/gpl-love.com\/es\/wp-json\/wp\/v2\/product_tag?post=126588"}],"curies":[{"name":"wp","href":"https:\/\/api.w.org\/{rel}","templated":true}]}}