{"id":126587,"date":"2024-07-13T00:00:00","date_gmt":"2024-07-13T05:00:00","guid":{"rendered":"https:\/\/gpl-love.com\/es\/producto\/woocommerce-dynamic-pricing-y-discounts\/"},"modified":"2026-04-10T11:32:03","modified_gmt":"2026-04-10T16:32:03","slug":"woocommerce-dynamic-pricing-y-discounts","status":"publish","type":"product","link":"https:\/\/gpl-love.com\/es\/producto\/woocommerce-dynamic-pricing-y-discounts\/","title":{"rendered":"WooCommerce Dynamic Pricing y Discounts 3.0.0"},"content":{"rendered":"<h3>WooCommerce Dynamic Pricing y Discounts Caracteristicas<\/h3>\n<p>Los precios y descuentos din\u00e1micos de WooCommerce son una herramienta inmensamente poderosa que ha sido meticulosamente dise\u00f1ada para ayudar a las empresas a impulsar las ventas y, en \u00faltima instancia, aumentar sus ingresos en sus tiendas de WooCommerce. Este complemento excepcional ofrece a los usuarios la incre\u00edble capacidad de crear reglas de fijaci\u00f3n de precios din\u00e1micas que se basan de manera inteligente en una amplia gama de factores que incluyen, entre otros, la cantidad, la categor\u00eda, el rol de los clientes y una multitud de otros elementos. Adem\u00e1s, empodera a\u00fan m\u00e1s a las empresas al otorgarles la capacidad de proporcionar a su clientela descuentos y promociones irresistibles, como los descuentos porcentuales de compra cada vez m\u00e1s gratuito que seguramente atraer\u00e1n e incluso un precio fijo fijo descuentos. Al emplear este complemento invaluable, las empresas pueden adaptar sin esfuerzo sus estrategias de fijaci\u00f3n de precios a alinearse sin problemas con sus necesidades distintivas, todo al tiempo que ofrece simult\u00e1neamente experiencias de compra personalizadas a sus estimados clientes. Sin duda, se puede afirmar inequ\u00edvocamente que los precios y descuentos din\u00e1micos de WooCommerce son una herramienta indispensable que posee un valor inmenso para cualquier esfuerzo que aspira a amplificar las ventas y florecer su tienda WooCommerce.<\/p>\n<ul>\n<li>Crear precios din\u00e1micos y reglas de descuento para su tienda WooCommerce<\/li>\n<li>Ofrezca descuentos de cantidad, descuentos masivos y precios escalonados<\/li>\n<li>Configurar acuerdos y promociones limitados por el tiempo<\/li>\n<li>Ofrecer descuentos basados \u200b\u200ben roles de clientes o productos espec\u00edficos<\/li>\n<li>Use descuentos condicionales basados \u200b\u200ben el contenido del carrito o el historial de pedidos<\/li>\n<li>Mostrar precios con descuento en las p\u00e1ginas de productos y pagos<\/li>\n<li>Personalizar etiquetas y mensajes para sus descuentos<\/li>\n<li>Interfaz f\u00e1cil de usar con documentaci\u00f3n y soporte claros<\/li>\n<li>Compatible con extensiones y complementos de WooCommerce.<\/li>\n<\/ul>\n","protected":false},"excerpt":{"rendered":"<p>Los precios y descuentos din\u00e1micos de WooCommerce, un complemento muy s\u00f3lido, brindan a los usuarios la capacidad de generar precios personalizados y regulaciones de descuento para sus tiendas en l\u00ednea. Esta herramienta avanzada ofrece una multitud de caracter\u00edsticas, incluida la opci\u00f3n de implementar descuentos basados \u200b\u200ben la cantidad, descuentos personalizados basados \u200b\u200ben el historial de compras de un cliente, descuentos a medida para roles espec\u00edficos de los usuarios y mucho m\u00e1s. Adem\u00e1s, este complemento permite a los usuarios establecer reglas de precios din\u00e1micos que ajusten din\u00e1micamente el precio de acuerdo con las opciones espec\u00edficas elegidas por el cliente. Ya sea que busque motivar a los clientes a realizar compras a granel, proporcionar descuentos exclusivos a los suscriptores o ejecutar promociones estacionales, los precios din\u00e1micos y los descuentos de WooCommerce es la soluci\u00f3n definitiva para cumplir con todos sus diversos requisitos.<\/p>\n","protected":false},"featured_media":168108,"comment_status":"open","ping_status":"open","template":"","meta":[],"product_brand":[2339],"product_cat":[1207,1225,1206],"product_tag":[1256],"class_list":{"0":"post-126587","1":"product","2":"type-product","3":"status-publish","4":"has-post-thumbnail","6":"product_brand-codecanyon","7":"product_cat-comercio-electronico-plugins","8":"product_cat-marketing","9":"product_cat-plugins","10":"product_tag-codecanyon","11":"member-discount","12":"discount-restricted","14":"first","15":"instock","16":"sale","17":"downloadable","18":"virtual","19":"sold-individually","20":"purchasable","21":"product-type-simple"},"_links":{"self":[{"href":"https:\/\/gpl-love.com\/es\/wp-json\/wp\/v2\/product\/126587","targetHints":{"allow":["GET"]}}],"collection":[{"href":"https:\/\/gpl-love.com\/es\/wp-json\/wp\/v2\/product"}],"about":[{"href":"https:\/\/gpl-love.com\/es\/wp-json\/wp\/v2\/types\/product"}],"replies":[{"embeddable":true,"href":"https:\/\/gpl-love.com\/es\/wp-json\/wp\/v2\/comments?post=126587"}],"wp:featuredmedia":[{"embeddable":true,"href":"https:\/\/gpl-love.com\/es\/wp-json\/wp\/v2\/media\/168108"}],"wp:attachment":[{"href":"https:\/\/gpl-love.com\/es\/wp-json\/wp\/v2\/media?parent=126587"}],"wp:term":[{"taxonomy":"product_brand","embeddable":true,"href":"https:\/\/gpl-love.com\/es\/wp-json\/wp\/v2\/product_brand?post=126587"},{"taxonomy":"product_cat","embeddable":true,"href":"https:\/\/gpl-love.com\/es\/wp-json\/wp\/v2\/product_cat?post=126587"},{"taxonomy":"product_tag","embeddable":true,"href":"https:\/\/gpl-love.com\/es\/wp-json\/wp\/v2\/product_tag?post=126587"}],"curies":[{"name":"wp","href":"https:\/\/api.w.org\/{rel}","templated":true}]}}